{"id":2822,"date":"2024-06-11T09:06:34","date_gmt":"2024-06-11T09:06:34","guid":{"rendered":"https:\/\/www.lehmann-baumschulen.ch\/?page_id=2822"},"modified":"2026-03-25T09:21:26","modified_gmt":"2026-03-25T09:21:26","slug":"declaration-de-confidentialite","status":"publish","type":"page","link":"https:\/\/lehmann-baumschulen.ch\/fr\/declaration-de-confidentialite\/","title":{"rendered":"D\u00e9claration de confidentialit\u00e9"},"content":{"rendered":"<section class=\"l-section wpb_row height_medium\"><div class=\"l-section-h i-cf\"><div class=\"g-cols vc_row via_grid cols_1 laptops-cols_inherit tablets-cols_inherit mobiles-cols_1 valign_top type_default stacking_default\"><div class=\"wpb_column vc_column_container\"><div class=\"vc_column-inner\"><div class=\"wpb_text_column\"><div class=\"wpb_wrapper\"><p>Le responsable au sens des lois sur la protection des donn\u00e9es, en particulier du R\u00e8glement g\u00e9n\u00e9ral sur la protection des donn\u00e9es (RGPD) de l\u2019UE, est :<\/p>\n<p><span>Lehmann Baumschulen AG<\/span><br \/>\n<span>Jurastrasse 33 a<\/span><br \/>\n<span>3294 B\u00fcren an der Aare<\/span><br \/>\n<span>T\u00e9l. 032 351 15 19<\/span><br \/>\n<a href=\"mailto:info@lehmann-baumschulen.ch\">e-mail<\/a><\/p>\n<h2>Remarque g\u00e9n\u00e9rale<\/h2>\n<p>Sur la base de l\u2019article 13 de la Constitution f\u00e9d\u00e9rale suisse et des dispositions l\u00e9gales de la Conf\u00e9d\u00e9ration en mati\u00e8re de protection des donn\u00e9es (Loi sur la protection des donn\u00e9es, LPD), toute personne a droit au respect de sa vie priv\u00e9e ainsi qu\u2019\u00e0 une protection contre l\u2019utilisation abusive de ses donn\u00e9es personnelles. Les exploitants de ces pages prennent tr\u00e8s au s\u00e9rieux la protection de vos donn\u00e9es personnelles. Nous traitons vos donn\u00e9es personnelles de mani\u00e8re confidentielle et conform\u00e9ment aux dispositions l\u00e9gales en mati\u00e8re de protection des donn\u00e9es ainsi qu\u2019\u00e0 la pr\u00e9sente d\u00e9claration de confidentialit\u00e9.<\/p>\n<p>En collaboration avec nos fournisseurs d\u2019h\u00e9bergement, nous nous effor\u00e7ons de prot\u00e9ger les bases de donn\u00e9es contre tout acc\u00e8s non autoris\u00e9, perte, abus ou falsification.<\/p>\n<p>Nous attirons votre attention sur le fait que la transmission de donn\u00e9es sur Internet (par exemple lors de la communication par e-mail) peut pr\u00e9senter des failles de s\u00e9curit\u00e9. Une protection compl\u00e8te des donn\u00e9es contre l\u2019acc\u00e8s par des tiers n\u2019est pas possible.<\/p>\n<p>En utilisant ce site web, vous acceptez la collecte, le traitement et l\u2019utilisation de donn\u00e9es conform\u00e9ment \u00e0 la description suivante. Ce site web peut en principe \u00eatre consult\u00e9 sans inscription. Des donn\u00e9es telles que les pages consult\u00e9es ou le nom du fichier consult\u00e9, la date et l\u2019heure sont enregistr\u00e9es sur le serveur \u00e0 des fins statistiques, sans que ces donn\u00e9es soient directement li\u00e9es \u00e0 votre personne. Les donn\u00e9es personnelles, en particulier le nom, l\u2019adresse ou l\u2019adresse e-mail, sont collect\u00e9es dans la mesure du possible sur une base volontaire. Aucune transmission de ces donn\u00e9es \u00e0 des tiers n\u2019a lieu sans votre consentement.<\/p>\n<h2>Traitement des donn\u00e9es personnelles<\/h2>\n<p>Les donn\u00e9es personnelles sont toutes les informations se rapportant \u00e0 une personne identifi\u00e9e ou identifiable. Une personne concern\u00e9e est une personne dont les donn\u00e9es personnelles sont trait\u00e9es. Le traitement comprend toute manipulation de donn\u00e9es personnelles, ind\u00e9pendamment des moyens et proc\u00e9dures utilis\u00e9s, notamment la conservation, la communication, la collecte, la suppression, l\u2019enregistrement, la modification, la destruction et l\u2019utilisation de donn\u00e9es personnelles.<\/p>\n<p>Nous traitons les donn\u00e9es personnelles conform\u00e9ment au droit suisse de la protection des donn\u00e9es. En outre, dans la mesure o\u00f9 le RGPD de l\u2019UE est applicable, nous traitons les donn\u00e9es personnelles sur la base des fondements juridiques suivants en lien avec l\u2019art. 6 al. 1 RGPD :<\/p>\n<p>lit. a) traitement des donn\u00e9es personnelles avec le consentement de la personne concern\u00e9e<br \/>\nlit. b) traitement des donn\u00e9es personnelles pour l\u2019ex\u00e9cution d\u2019un contrat avec la personne concern\u00e9e ainsi que pour l\u2019ex\u00e9cution de mesures pr\u00e9contractuelles<br \/>\nlit. c) traitement des donn\u00e9es personnelles pour satisfaire \u00e0 une obligation l\u00e9gale<br \/>\nlit. d) traitement des donn\u00e9es personnelles afin de prot\u00e9ger des int\u00e9r\u00eats vitaux<br \/>\nlit. f) traitement des donn\u00e9es personnelles pour pr\u00e9server nos int\u00e9r\u00eats l\u00e9gitimes ou ceux de tiers<\/p>\n<p>Nous traitons les donn\u00e9es personnelles pendant la dur\u00e9e n\u00e9cessaire aux finalit\u00e9s concern\u00e9es. En cas d\u2019obligations l\u00e9gales de conservation plus longues, le traitement est limit\u00e9 en cons\u00e9quence.<\/p>\n<h2>D\u00e9claration de confidentialit\u00e9 pour les cookies<\/h2>\n<p>Ce site web utilise des cookies. Il s\u2019agit de petits fichiers texte qui permettent d\u2019enregistrer sur le terminal de l\u2019utilisateur des informations sp\u00e9cifiques le concernant pendant l\u2019utilisation du site. Les cookies permettent notamment de d\u00e9terminer la fr\u00e9quence d\u2019utilisation et le nombre d\u2019utilisateurs, d\u2019analyser le comportement d\u2019utilisation du site, mais aussi de rendre notre offre plus conviviale.<\/p>\n<p>Les cookies restent enregistr\u00e9s au-del\u00e0 de la session du navigateur et peuvent \u00eatre rappel\u00e9s lors d\u2019une nouvelle visite. Si vous ne le souhaitez pas, vous devez configurer votre navigateur pour refuser les cookies.<\/p>\n<p>Un refus g\u00e9n\u00e9ral des cookies utilis\u00e9s \u00e0 des fins de marketing en ligne peut \u00eatre d\u00e9clar\u00e9 via http:\/\/www.aboutads.info\/choices\/ ou http:\/\/www.youronlinechoices.com\/. En outre, vous pouvez emp\u00eacher l\u2019enregistrement des cookies via les param\u00e8tres de votre navigateur. Veuillez noter que certaines fonctionnalit\u00e9s de ce site pourraient ne pas \u00eatre disponibles.<\/p>\n<h2>D\u00e9claration de confidentialit\u00e9 pour le chiffrement SSL\/TLS<\/h2>\n<p>Pour des raisons de s\u00e9curit\u00e9 et afin de prot\u00e9ger la transmission de contenus confidentiels, ce site utilise un chiffrement SSL\/TLS. Vous reconnaissez une connexion s\u00e9curis\u00e9e au fait que l\u2019adresse du navigateur passe de \"http:\/\/\" \u00e0 \"https:\/\/\" et \u00e0 l\u2019ic\u00f4ne de cadenas.<\/p>\n<p>Lorsque le chiffrement SSL ou TLS est activ\u00e9, les donn\u00e9es transmises ne peuvent pas \u00eatre lues par des tiers.<\/p>\n<h2>D\u00e9claration de confidentialit\u00e9 pour les fichiers journaux du serveur<\/h2>\n<p>Le fournisseur de ce site collecte et enregistre automatiquement des informations dans des fichiers journaux du serveur, que votre navigateur nous transmet automatiquement :<\/p>\n<p>Type et version du navigateur<br \/>\nSyst\u00e8me d\u2019exploitation utilis\u00e9<br \/>\nURL de r\u00e9f\u00e9rence<br \/>\nNom d\u2019h\u00f4te de l\u2019ordinateur acc\u00e9dant<br \/>\nHeure de la requ\u00eate serveur<\/p>\n<p>Ces donn\u00e9es ne peuvent pas \u00eatre attribu\u00e9es \u00e0 une personne sp\u00e9cifique. Aucun regroupement avec d\u2019autres sources de donn\u00e9es n\u2019est effectu\u00e9.<\/p>\n<h2>Services de tiers<\/h2>\n<p>Ce site utilise \u00e9ventuellement Google Maps, Google reCAPTCHA et YouTube.<\/p>\n<p>Ces services de Google LLC peuvent transf\u00e9rer des donn\u00e9es aux \u00c9tats-Unis. Google s\u2019engage \u00e0 garantir un niveau de protection ad\u00e9quat des donn\u00e9es.<\/p>\n<h2>D\u00e9claration de confidentialit\u00e9 pour le formulaire de contact<\/h2>\n<p>Lorsque vous nous contactez via le formulaire, vos donn\u00e9es sont enregistr\u00e9es afin de traiter votre demande. Elles ne sont pas transmises sans votre consentement.<\/p>\n<h2>Droits des personnes concern\u00e9es<\/h2>\n<h3>Droit \u00e0 la confirmation<\/h3>\n<p>Toute personne concern\u00e9e a le droit de demander si des donn\u00e9es personnelles la concernant sont trait\u00e9es.<\/p>\n<h3>Droit d\u2019acc\u00e8s<\/h3>\n<p>Vous avez le droit d\u2019obtenir gratuitement des informations sur vos donn\u00e9es personnelles enregistr\u00e9es ainsi qu\u2019une copie de celles-ci.<\/p>\n<h3>Droit de rectification<\/h3>\n<p>Vous avez le droit de demander la correction de donn\u00e9es inexactes.<\/p>\n<h3>Droit \u00e0 l\u2019effacement (droit \u00e0 l\u2019oubli)<\/h3>\n<p>Vous avez le droit de demander la suppression de vos donn\u00e9es personnelles si les conditions l\u00e9gales sont remplies.<\/p>\n<h3>Droit \u00e0 la limitation du traitement<\/h3>\n<p>Vous avez le droit de demander la limitation du traitement dans certains cas.<\/p>\n<h3>Droit \u00e0 la portabilit\u00e9 des donn\u00e9es<\/h3>\n<p>Vous avez le droit de recevoir vos donn\u00e9es dans un format structur\u00e9 et lisible.<\/p>\n<h3>Droit d\u2019opposition<\/h3>\n<p>Vous pouvez vous opposer au traitement de vos donn\u00e9es.<\/p>\n<h3>Droit de retrait du consentement<\/h3>\n<p>Vous pouvez retirer votre consentement \u00e0 tout moment.<\/p>\n<h2>Opposition aux e-mails publicitaires<\/h2>\n<p>Nous nous opposons \u00e0 l\u2019utilisation des coordonn\u00e9es publi\u00e9es pour l\u2019envoi de publicit\u00e9 non sollicit\u00e9e.<\/p>\n<h2>Services payants<\/h2>\n<p>Pour les prestations payantes, des donn\u00e9es suppl\u00e9mentaires (par exemple les informations de paiement) sont collect\u00e9es.<\/p>\n<h2>Utilisation de Google Maps<\/h2>\n<p>Ce site utilise Google Maps pour afficher des cartes interactives.<\/p>\n<h2>Google AdWords<\/h2>\n<p>Ce site utilise le suivi des conversions Google.<\/p>\n<h2>Remarketing Google<\/h2>\n<p>Ce site utilise la fonction de remarketing de Google.<\/p>\n<h2>Google reCAPTCHA<\/h2>\n<p>Ce site utilise reCAPTCHA pour distinguer les humains des robots.<\/p>\n<h2>Google Analytics<\/h2>\n<p>Ce site utilise Google Analytics pour analyser l\u2019utilisation du site.<\/p>\n<h2>Google Web Fonts<\/h2>\n<p>Ce site utilise des polices web fournies par Google.<\/p>\n<h2>Facebook<\/h2>\n<p>Ce site utilise des fonctionnalit\u00e9s de Facebook.<\/p>\n<h2>Instagram<\/h2>\n<p>Ce site int\u00e8gre des fonctions d\u2019Instagram.<\/p>\n<h2>YouTube<\/h2>\n<p>Ce site utilise des plugins YouTube.<\/p>\n<h2>Droits d\u2019auteur<\/h2>\n<p>Tous les contenus de ce site sont prot\u00e9g\u00e9s par le droit d\u2019auteur.<\/p>\n<h2>Clause de non-responsabilit\u00e9<\/h2>\n<p>Toutes les informations sont fournies sans garantie.<\/p>\n<h2>Modifications<\/h2>\n<p>Nous pouvons modifier cette d\u00e9claration \u00e0 tout moment.<\/p>\n<h2>Questions<\/h2>\n<p>Pour toute question, contactez-nous par e-mail.<\/p>\n<\/div><\/div><\/div><\/div><\/div><\/div><\/section>\n","protected":false},"excerpt":{"rendered":"Le responsable au sens des lois sur la protection des donn\u00e9es, en particulier du R\u00e8glement g\u00e9n\u00e9ral sur la protection des donn\u00e9es (RGPD) de l\u2019UE, est : Lehmann Baumschulen AG Jurastrasse 33 a 3294 B\u00fcren an der Aare T\u00e9l. 032 351 15 19 e-mail Remarque g\u00e9n\u00e9rale Sur la base de l\u2019article 13 de la Constitution f\u00e9d\u00e9rale...","protected":false},"author":1,"featured_media":439,"parent":0,"menu_order":0,"comment_status":"closed","ping_status":"closed","template":"","meta":{"_acf_changed":false,"footnotes":""},"class_list":["post-2822","page","type-page","status-publish","has-post-thumbnail","hentry"],"acf":[],"_links":{"self":[{"href":"https:\/\/lehmann-baumschulen.ch\/fr\/wp-json\/wp\/v2\/pages\/2822","targetHints":{"allow":["GET"]}}],"collection":[{"href":"https:\/\/lehmann-baumschulen.ch\/fr\/wp-json\/wp\/v2\/pages"}],"about":[{"href":"https:\/\/lehmann-baumschulen.ch\/fr\/wp-json\/wp\/v2\/types\/page"}],"author":[{"embeddable":true,"href":"https:\/\/lehmann-baumschulen.ch\/fr\/wp-json\/wp\/v2\/users\/1"}],"replies":[{"embeddable":true,"href":"https:\/\/lehmann-baumschulen.ch\/fr\/wp-json\/wp\/v2\/comments?post=2822"}],"version-history":[{"count":4,"href":"https:\/\/lehmann-baumschulen.ch\/fr\/wp-json\/wp\/v2\/pages\/2822\/revisions"}],"predecessor-version":[{"id":8163,"href":"https:\/\/lehmann-baumschulen.ch\/fr\/wp-json\/wp\/v2\/pages\/2822\/revisions\/8163"}],"wp:featuredmedia":[{"embeddable":true,"href":"https:\/\/lehmann-baumschulen.ch\/fr\/wp-json\/wp\/v2\/media\/439"}],"wp:attachment":[{"href":"https:\/\/lehmann-baumschulen.ch\/fr\/wp-json\/wp\/v2\/media?parent=2822"}],"curies":[{"name":"wp","href":"https:\/\/api.w.org\/{rel}","templated":true}]}}