{"id":2828,"date":"2025-03-25T07:33:37","date_gmt":"2025-03-25T07:33:37","guid":{"rendered":"https:\/\/www.lehmann-baumschulen.ch\/?page_id=2828"},"modified":"2026-03-17T09:37:58","modified_gmt":"2026-03-17T09:37:58","slug":"printemps","status":"publish","type":"page","link":"https:\/\/lehmann-baumschulen.ch\/fr\/conseils-de-jardinage\/printemps\/","title":{"rendered":"Printemps"},"content":{"rendered":"<section class=\"l-section wpb_row height_medium\"><div class=\"l-section-h i-cf\"><div class=\"g-cols vc_row via_grid cols_1 laptops-cols_inherit tablets-cols_inherit mobiles-cols_1 valign_top type_default stacking_default\"><div class=\"wpb_column vc_column_container\"><div class=\"vc_column-inner\"><div class=\"w-grid us_post_list type_grid layout_90 cols_3 preload_style_spinner open_items_in_popup\" id=\"us_post_list_lc92\" style=\"--columns:3;--gap:1.5rem;\"><style>@media (max-width:1024px){#us_post_list_lc92{--columns:2!important}}@media (max-width:768px){#us_post_list_lc92{--columns:1!important}}.layout_90 .w-grid-item-h{background:var(--color-alt-content-bg);border-radius:0.5rem;box-shadow:0 0.05rem 0.1rem rgba(0,0,0,0.1),0 0.17rem 0.5rem rgba(0,0,0,0.1);transition-duration:0.3s}.no-touch .layout_90 .w-grid-item-h:hover{box-shadow:0 0.1rem 0.2rem rgba(0,0,0,0.1),0 0.33rem 1rem rgba(0,0,0,0.15);z-index:4}.layout_90 .usg_post_image_1{margin-bottom:1.5rem!important;border-radius:0.5rem 0.5rem 0 0!important}.layout_90 .usg_post_title_1{margin-left:1.5rem!important;margin-bottom:1.5rem!important;margin-right:1.5rem!important}.layout_90 .usg_post_content_1{color:var(--color-content-text)!important;margin-left:1.5rem!important;margin-right:1.5rem!important;padding-bottom:1.5rem!important}<\/style><div class=\"w-grid-list\">\t<article class=\"w-grid-item size_1x1 post-7191 post type-post status-publish format-standard has-post-thumbnail hentry category-actualites category-balcon category-ete category-evenements category-printemps category-slider-home-fr\" data-id=\"7191\">\r\n\t\t<div class=\"w-grid-item-h\">\r\n\t\t\t\t\t\t\t<a href=\"https:\/\/lehmann-baumschulen.ch\/fr\/fete-du-jardin-les-2-et-3-mai-2026\/\" class=\"w-grid-item-anchor\" aria-label=\"F\u00eate du jardin le 2-3 mai 2026\"><\/a>\r\n\t\t\t\t\t\t<div class=\"w-post-elm post_image usg_post_image_1 has_ratio\"><img loading=\"lazy\" decoding=\"async\" width=\"4288\" height=\"2848\" src=\"https:\/\/lehmann-baumschulen.ch\/wp-content\/uploads\/2026\/03\/Fuchsia-Hybriden-6.jpg\" class=\"attachment-full size-full wp-post-image\" alt=\"\" \/><div style=\"padding-bottom:56.25%\"><\/div><\/div><h3 class=\"w-post-elm post_title usg_post_title_1 entry-title color_link_inherit\">F\u00eate du jardin le 2-3 mai 2026<\/h3><div class=\"w-post-elm post_content usg_post_content_1 has_text_color\">Amenez vos bacs \u00e0 fleurs et toute la famille \u2013 r\u00e9jouissez-vous des fleurs \u00e9stivales magnifiques\u2026<\/div>\t\t<\/div>\r\n\t\t\t<\/article>\r\n\t<article class=\"w-grid-item size_1x1 post-8176 post type-post status-publish format-standard has-post-thumbnail hentry category-actualites category-legumes category-printemps category-slider-home-fr\" data-id=\"8176\">\r\n\t\t<div class=\"w-grid-item-h\">\r\n\t\t\t\t\t\t\t<a href=\"https:\/\/lehmann-baumschulen.ch\/fr\/premieres-plantations-dans-le-potager\/\" class=\"w-grid-item-anchor\" aria-label=\"Premi\u00e8res plantations dans le potager\"><\/a>\r\n\t\t\t\t\t\t<div class=\"w-post-elm post_image usg_post_image_1 has_ratio\"><img loading=\"lazy\" decoding=\"async\" width=\"1920\" height=\"701\" src=\"https:\/\/lehmann-baumschulen.ch\/wp-content\/uploads\/2026\/03\/Gemuesegarten.jpg\" class=\"attachment-full size-full wp-post-image\" alt=\"\" \/><div style=\"padding-bottom:56.25%\"><\/div><\/div><h3 class=\"w-post-elm post_title usg_post_title_1 entry-title color_link_inherit\">Premi\u00e8res plantations dans le potager<\/h3><div class=\"w-post-elm post_content usg_post_content_1 has_text_color\">\u00c9tonnamment t\u00f4t, d\u00e8s la fin mars ou le d\u00e9but avril selon l'emplacement et les conditions\u2026<\/div>\t\t<\/div>\r\n\t\t\t<\/article>\r\n\t<article class=\"w-grid-item size_1x1 post-7202 post type-post status-publish format-standard has-post-thumbnail hentry category-evenements category-printemps\" data-id=\"7202\">\r\n\t\t<div class=\"w-grid-item-h\">\r\n\t\t\t\t\t\t\t<a href=\"https:\/\/lehmann-baumschulen.ch\/fr\/journee-des-arbustes\/\" class=\"w-grid-item-anchor\" aria-label=\"Journ\u00e9e des arbustes, 28 mars 2026\"><\/a>\r\n\t\t\t\t\t\t<div class=\"w-post-elm post_image usg_post_image_1 has_ratio\"><img loading=\"lazy\" decoding=\"async\" width=\"1800\" height=\"615\" src=\"https:\/\/lehmann-baumschulen.ch\/wp-content\/uploads\/2026\/03\/Prunus-serrulata-Kanzan-Japanische-Kirsche.jpg\" class=\"attachment-full size-full wp-post-image\" alt=\"\" \/><div style=\"padding-bottom:56.25%\"><\/div><\/div><h3 class=\"w-post-elm post_title usg_post_title_1 entry-title color_link_inherit\">Journ\u00e9e des arbustes, 28 mars 2026<\/h3><div class=\"w-post-elm post_content usg_post_content_1 has_text_color\">Arbres et arbustes en point de mire Des plantes r\u00e9sistantes en p\u00e9riode de chaleur et\u2026<\/div>\t\t<\/div>\r\n\t\t\t<\/article>\r\n\t<article class=\"w-grid-item size_1x1 post-8108 post type-post status-publish format-standard has-post-thumbnail hentry category-actualites category-ete category-jardin-dornement category-printemps category-slider-home-fr\" data-id=\"8108\">\r\n\t\t<div class=\"w-grid-item-h\">\r\n\t\t\t\t\t\t\t<a href=\"https:\/\/lehmann-baumschulen.ch\/fr\/dianthus-plante-de-lannee-2026-2\/\" class=\"w-grid-item-anchor\" aria-label=\"Dianthus - Plante de l&#039;ann\u00e9e 2026\"><\/a>\r\n\t\t\t\t\t\t<div class=\"w-post-elm post_image usg_post_image_1 has_ratio\"><img loading=\"lazy\" decoding=\"async\" width=\"1800\" height=\"615\" src=\"https:\/\/lehmann-baumschulen.ch\/wp-content\/uploads\/2025\/08\/Dianthus_Pflanze-des-Jahres-2026.jpg\" class=\"attachment-full size-full wp-post-image\" alt=\"\" \/><div style=\"padding-bottom:56.25%\"><\/div><\/div><h3 class=\"w-post-elm post_title usg_post_title_1 entry-title color_link_inherit\">Dianthus - Plante de l'ann\u00e9e 2026<\/h3><div class=\"w-post-elm post_content usg_post_content_1 has_text_color\">Un classique red\u00e9couvert! Charmante, polyvalente et \u00e9tonnamment moderne : l'\u0153illet (Dianthus) a \u00e9t\u00e9 \u00e9lue plante\u2026<\/div>\t\t<\/div>\r\n\t\t\t<\/article>\r\n\t<article class=\"w-grid-item size_1x1 post-7210 post type-post status-publish format-standard has-post-thumbnail hentry category-biodiversite category-jardin-dornement category-printemps\" data-id=\"7210\">\r\n\t\t<div class=\"w-grid-item-h\">\r\n\t\t\t\t\t\t\t<a href=\"https:\/\/lehmann-baumschulen.ch\/fr\/vacances-a-la-mer-de-fleurs\/\" class=\"w-grid-item-anchor\" aria-label=\"Vacances \u00e0 la mer de fleurs?\"><\/a>\r\n\t\t\t\t\t\t<div class=\"w-post-elm post_image usg_post_image_1 has_ratio\"><img loading=\"lazy\" decoding=\"async\" width=\"1920\" height=\"700\" src=\"https:\/\/lehmann-baumschulen.ch\/wp-content\/uploads\/2025\/03\/Header-Biodiversitaet-3.jpg\" class=\"attachment-full size-full wp-post-image\" alt=\"\" \/><div style=\"padding-bottom:56.25%\"><\/div><\/div><h3 class=\"w-post-elm post_title usg_post_title_1 entry-title color_link_inherit\">Vacances \u00e0 la mer de fleurs?<\/h3><div class=\"w-post-elm post_content usg_post_content_1 has_text_color\">Les prairies fleuries sont un r\u00e9gal pour les yeux... ... et fournissent de la nourriture\u2026<\/div>\t\t<\/div>\r\n\t\t\t<\/article>\r\n\t<article class=\"w-grid-item size_1x1 post-7208 post type-post status-publish format-standard has-post-thumbnail hentry category-balcon category-printemps\" data-id=\"7208\">\r\n\t\t<div class=\"w-grid-item-h\">\r\n\t\t\t\t\t\t\t<a href=\"https:\/\/lehmann-baumschulen.ch\/fr\/commencez-le-printemps-en-couleurs\/\" class=\"w-grid-item-anchor\" aria-label=\"Commencez le printemps en couleurs...\"><\/a>\r\n\t\t\t\t\t\t<div class=\"w-post-elm post_image usg_post_image_1 has_ratio\"><img loading=\"lazy\" decoding=\"async\" width=\"2560\" height=\"1700\" src=\"https:\/\/lehmann-baumschulen.ch\/wp-content\/uploads\/2025\/03\/2-Fruehlingserwachen-1-scaled.jpg\" class=\"attachment-full size-full wp-post-image\" alt=\"\" \/><div style=\"padding-bottom:56.25%\"><\/div><\/div><h3 class=\"w-post-elm post_title usg_post_title_1 entry-title color_link_inherit\">Commencez le printemps en couleurs...<\/h3><div class=\"w-post-elm post_content usg_post_content_1 has_text_color\">Plantez maintenant des bulbes! Vous trouverez chez nous une grande vari\u00e9t\u00e9 de plantes \u00e0 bulbes.\u2026<\/div>\t\t<\/div>\r\n\t\t\t<\/article>\r\n\t<article class=\"w-grid-item size_1x1 post-2820 post type-post status-publish format-standard has-post-thumbnail hentry category-automne category-ete category-printemps\" data-id=\"2820\">\r\n\t\t<div class=\"w-grid-item-h\">\r\n\t\t\t\t\t\t\t<a href=\"https:\/\/lehmann-baumschulen.ch\/fr\/neu\/\" class=\"w-grid-item-anchor\" aria-label=\"Nouveau!\"><\/a>\r\n\t\t\t\t\t\t<div class=\"w-post-elm post_image usg_post_image_1 has_ratio\"><img loading=\"lazy\" decoding=\"async\" width=\"760\" height=\"290\" src=\"https:\/\/lehmann-baumschulen.ch\/wp-content\/uploads\/2024\/06\/img-8e94bba85ef42a5b1d47ef18b5ab62b7.jpg\" class=\"attachment-full size-full wp-post-image\" alt=\"\" \/><div style=\"padding-bottom:56.25%\"><\/div><\/div><h3 class=\"w-post-elm post_title usg_post_title_1 entry-title color_link_inherit\">Nouveau!<\/h3><div class=\"w-post-elm post_content usg_post_content_1 has_text_color\">Lehmann's profi\u00a0Terreau pour plantes en bacs - Structure stable, sans tourbe - Perm\u00e9able, bonne capacit\u00e9\u2026<\/div>\t\t<\/div>\r\n\t\t\t<\/article>\r\n<\/div><div class=\"l-popup\">\r\n\t<div class=\"l-popup-overlay\"><\/div>\r\n\t<div class=\"l-popup-wrap\">\r\n\t\t<button class=\"l-popup-closer\" type=\"button\" aria-label=\"Fermer\"><\/button>\r\n\t\t\t\t\t<button class=\"l-popup-arrow to_prev hidden\" type=\"button\" title=\"Pr\u00e9c\u00e9dent\"><\/button>\r\n\t\t\t<button class=\"l-popup-arrow to_next hidden\" type=\"button\" title=\"Suivant\"><\/button>\r\n\t\t\t\t<div class=\"l-popup-box\">\r\n\t\t\t<div class=\"l-popup-box-content\">\r\n\t\t\t\t<div class=\"g-preloader type_1\">\r\n\t\t\t\t\t<div><\/div>\r\n\t\t\t\t<\/div>\r\n\t\t\t\t<iframe class=\"l-popup-box-content-frame\" allowfullscreen><\/iframe>\r\n\t\t\t<\/div>\r\n\t\t<\/div>\r\n\t<\/div>\r\n<\/div>\r\n<div class=\"g-loadmore hidden\"><div class=\"g-preloader type_1\"><div><\/div><\/div><\/div><div class=\"w-grid-list-json hidden\" onclick='return {&quot;max_num_pages&quot;:0,&quot;paginationBase&quot;:&quot;page&quot;,&quot;pagination&quot;:&quot;none&quot;,&quot;paged&quot;:1,&quot;ajaxData&quot;:{&quot;action&quot;:&quot;us_ajax_post_list&quot;,&quot;meta_type&quot;:&quot;post&quot;,&quot;object_id&quot;:0,&quot;template_vars&quot;:{&quot;shortcode_base&quot;:&quot;us_post_list&quot;,&quot;paged&quot;:1,&quot;max_num_pages&quot;:0,&quot;no_results&quot;:false,&quot;us_post_content_design_css&quot;:[],&quot;found_posts&quot;:0,&quot;per_page&quot;:999,&quot;items_count&quot;:7,&quot;orderby_random_seed&quot;:null,&quot;source&quot;:&quot;all&quot;,&quot;custom_field_name&quot;:&quot;&quot;,&quot;ids&quot;:&quot;&quot;,&quot;post_type&quot;:&quot;post&quot;,&quot;attachment_ids&quot;:null,&quot;include_post_thumbnail&quot;:0,&quot;post_author&quot;:&quot;any&quot;,&quot;post_author_ids&quot;:&quot;&quot;,&quot;apply_url_params&quot;:0,&quot;ignore_sticky_posts&quot;:1,&quot;exclude_children&quot;:0,&quot;exclude_current_post&quot;:1,&quot;exclude_prev_posts&quot;:0,&quot;exclude_past_events&quot;:0,&quot;enable_items_offset&quot;:0,&quot;items_offset&quot;:&quot;1&quot;,&quot;tax_query_relation&quot;:&quot;AND&quot;,&quot;tax_query&quot;:&quot;%5B%7B%22operator%22%3A%22IN%22%2C%22taxonomy%22%3A%22category%22%2C%22terms%22%3A%2235%22%2C%22include_children%22%3A%220%22%7D%5D&quot;,&quot;meta_query_relation&quot;:&quot;none&quot;,&quot;meta_query&quot;:[{&quot;key&quot;:&quot;custom_field_name&quot;,&quot;compare&quot;:&quot;=&quot;,&quot;value&quot;:&quot;&quot;}],&quot;orderby&quot;:&quot;date&quot;,&quot;orderby_custom_field&quot;:&quot;&quot;,&quot;orderby_custom_type&quot;:0,&quot;order_invert&quot;:&quot;1&quot;,&quot;show_all&quot;:&quot;1&quot;,&quot;quantity&quot;:&quot;12&quot;,&quot;posts_per_archive_page&quot;:0,&quot;no_items_action&quot;:&quot;message&quot;,&quot;no_items_message&quot;:&quot;Aucun r\\u00e9sultat.&quot;,&quot;no_items_page_block&quot;:&quot;&quot;,&quot;pagination&quot;:&quot;none&quot;,&quot;pagination_style&quot;:&quot;&quot;,&quot;pagination_btn_text&quot;:&quot;Charger plus&quot;,&quot;pagination_btn_size&quot;:&quot;&quot;,&quot;pagination_btn_style&quot;:&quot;1&quot;,&quot;pagination_btn_fullwidth&quot;:0,&quot;items_layout&quot;:&quot;90&quot;,&quot;type&quot;:&quot;grid&quot;,&quot;items_valign&quot;:0,&quot;ignore_items_size&quot;:0,&quot;columns&quot;:&quot;3&quot;,&quot;items_gap&quot;:&quot;1.5rem&quot;,&quot;load_animation&quot;:&quot;none&quot;,&quot;items_preload_style&quot;:&quot;spinner&quot;,&quot;img_size&quot;:&quot;default&quot;,&quot;title_size&quot;:&quot;&quot;,&quot;items_ratio&quot;:&quot;default&quot;,&quot;items_ratio_width&quot;:&quot;21&quot;,&quot;items_ratio_height&quot;:&quot;9&quot;,&quot;overriding_link&quot;:&quot;%7B%22type%22%3A%22popup_post%22%7D&quot;,&quot;popup_page_template&quot;:&quot;0&quot;,&quot;popup_width&quot;:&quot;&quot;,&quot;popup_arrows&quot;:1,&quot;breakpoint_1_width&quot;:&quot;1381px&quot;,&quot;breakpoint_1_cols&quot;:&quot;default&quot;,&quot;breakpoint_1_quantity&quot;:&quot;&quot;,&quot;breakpoint_1_gap&quot;:&quot;&quot;,&quot;breakpoint_2_width&quot;:&quot;1025px&quot;,&quot;breakpoint_2_cols&quot;:&quot;2&quot;,&quot;breakpoint_2_quantity&quot;:&quot;&quot;,&quot;breakpoint_2_gap&quot;:&quot;&quot;,&quot;breakpoint_3_width&quot;:&quot;769px&quot;,&quot;breakpoint_3_cols&quot;:&quot;1&quot;,&quot;breakpoint_3_quantity&quot;:&quot;&quot;,&quot;breakpoint_3_gap&quot;:&quot;&quot;,&quot;conditions_operator&quot;:&quot;always&quot;,&quot;conditions&quot;:[],&quot;css&quot;:null,&quot;el_class&quot;:&quot;&quot;,&quot;el_id&quot;:&quot;&quot;,&quot;enable_custom_html_atts&quot;:0,&quot;custom_html_atts&quot;:null,&quot;hide_on_states&quot;:&quot;&quot;,&quot;hide_for_sticky&quot;:0,&quot;hide_for_not_sticky&quot;:0,&quot;hide_below&quot;:&quot;0px&quot;,&quot;hide_above&quot;:&quot;0px&quot;,&quot;classes&quot;:&quot;&quot;},&quot;found_posts&quot;:0,&quot;per_page&quot;:999},&quot;facetedFilter&quot;:[]}'><\/div><\/div><\/div><\/div><\/div><\/div><\/section>\n","protected":false},"excerpt":{"rendered":"Lehmann's profi\u00a0Terreau pour plantes en bacs - Structure stable, sans tourbe - Perm\u00e9able, bonne capacit\u00e9 de r\u00e9tention d'eau - La meilleure qualit\u00e9 de production suisse -Convient \u00e0 toutes les plantes en bacs (\u00e0 l'exception des plantes de marais) 30lt Fr. 14.50","protected":false},"author":1,"featured_media":2634,"parent":2824,"menu_order":0,"comment_status":"closed","ping_status":"closed","template":"","meta":{"_acf_changed":false,"footnotes":""},"class_list":["post-2828","page","type-page","status-publish","has-post-thumbnail","hentry"],"acf":[],"_links":{"self":[{"href":"https:\/\/lehmann-baumschulen.ch\/fr\/wp-json\/wp\/v2\/pages\/2828","targetHints":{"allow":["GET"]}}],"collection":[{"href":"https:\/\/lehmann-baumschulen.ch\/fr\/wp-json\/wp\/v2\/pages"}],"about":[{"href":"https:\/\/lehmann-baumschulen.ch\/fr\/wp-json\/wp\/v2\/types\/page"}],"author":[{"embeddable":true,"href":"https:\/\/lehmann-baumschulen.ch\/fr\/wp-json\/wp\/v2\/users\/1"}],"replies":[{"embeddable":true,"href":"https:\/\/lehmann-baumschulen.ch\/fr\/wp-json\/wp\/v2\/comments?post=2828"}],"version-history":[{"count":2,"href":"https:\/\/lehmann-baumschulen.ch\/fr\/wp-json\/wp\/v2\/pages\/2828\/revisions"}],"predecessor-version":[{"id":8067,"href":"https:\/\/lehmann-baumschulen.ch\/fr\/wp-json\/wp\/v2\/pages\/2828\/revisions\/8067"}],"up":[{"embeddable":true,"href":"https:\/\/lehmann-baumschulen.ch\/fr\/wp-json\/wp\/v2\/pages\/2824"}],"wp:featuredmedia":[{"embeddable":true,"href":"https:\/\/lehmann-baumschulen.ch\/fr\/wp-json\/wp\/v2\/media\/2634"}],"wp:attachment":[{"href":"https:\/\/lehmann-baumschulen.ch\/fr\/wp-json\/wp\/v2\/media?parent=2828"}],"curies":[{"name":"wp","href":"https:\/\/api.w.org\/{rel}","templated":true}]}}