{"id":2836,"date":"2025-03-25T07:34:45","date_gmt":"2025-03-25T07:34:45","guid":{"rendered":"https:\/\/www.lehmann-baumschulen.ch\/?page_id=2836"},"modified":"2026-03-17T09:37:59","modified_gmt":"2026-03-17T09:37:59","slug":"hiver","status":"publish","type":"page","link":"https:\/\/lehmann-baumschulen.ch\/fr\/conseils-de-jardinage\/hiver\/","title":{"rendered":"Hiver"},"content":{"rendered":"<section class=\"l-section wpb_row height_medium\"><div class=\"l-section-h i-cf\"><div class=\"g-cols vc_row via_grid cols_1 laptops-cols_inherit tablets-cols_inherit mobiles-cols_1 valign_top type_default stacking_default\"><div class=\"wpb_column vc_column_container\"><div class=\"vc_column-inner\"><div class=\"w-grid us_post_list type_grid layout_90 cols_3 preload_style_spinner open_items_in_popup\" id=\"us_post_list_k712\" style=\"--columns:3;--gap:1.5rem;\"><style>@media (max-width:1024px){#us_post_list_k712{--columns:2!important}}@media (max-width:768px){#us_post_list_k712{--columns:1!important}}.layout_90 .w-grid-item-h{background:var(--color-alt-content-bg);border-radius:0.5rem;box-shadow:0 0.05rem 0.1rem rgba(0,0,0,0.1),0 0.17rem 0.5rem rgba(0,0,0,0.1);transition-duration:0.3s}.no-touch .layout_90 .w-grid-item-h:hover{box-shadow:0 0.1rem 0.2rem rgba(0,0,0,0.1),0 0.33rem 1rem rgba(0,0,0,0.15);z-index:4}.layout_90 .usg_post_image_1{margin-bottom:1.5rem!important;border-radius:0.5rem 0.5rem 0 0!important}.layout_90 .usg_post_title_1{margin-left:1.5rem!important;margin-bottom:1.5rem!important;margin-right:1.5rem!important}.layout_90 .usg_post_content_1{color:var(--color-content-text)!important;margin-left:1.5rem!important;margin-right:1.5rem!important;padding-bottom:1.5rem!important}<\/style><div class=\"w-grid-list\">\t<article class=\"w-grid-item size_1x1 post-7186 post type-post status-publish format-standard has-post-thumbnail hentry category-evenements category-hiver\" data-id=\"7186\">\r\n\t\t<div class=\"w-grid-item-h\">\r\n\t\t\t\t\t\t\t<a href=\"https:\/\/lehmann-baumschulen.ch\/fr\/week-end-douverture-du-marche-de-noel\/\" class=\"w-grid-item-anchor\" aria-label=\"Week-end d&#039;ouverture du march\u00e9 de No\u00ebl\"><\/a>\r\n\t\t\t\t\t\t<div class=\"w-post-elm post_image usg_post_image_1 has_ratio\"><img loading=\"lazy\" decoding=\"async\" width=\"1800\" height=\"615\" src=\"https:\/\/lehmann-baumschulen.ch\/wp-content\/uploads\/2025\/10\/Weihnachten-2025.jpg\" class=\"attachment-full size-full wp-post-image\" alt=\"\" \/><div style=\"padding-bottom:56.25%\"><\/div><\/div><h3 class=\"w-post-elm post_title usg_post_title_1 entry-title color_link_inherit\">Week-end d'ouverture du march\u00e9 de No\u00ebl<\/h3><div class=\"w-post-elm post_content usg_post_content_1 has_text_color\">R\u00e9jouissez-vous de notre week-end d'ouverture du 6 au 8 novembre 2026. Plus d'informations suivront...<\/div>\t\t<\/div>\r\n\t\t\t<\/article>\r\n\t<article class=\"w-grid-item size_1x1 post-7948 post type-post status-publish format-standard has-post-thumbnail hentry category-biodiversite category-hiver\" data-id=\"7948\">\r\n\t\t<div class=\"w-grid-item-h\">\r\n\t\t\t\t\t\t\t<a href=\"https:\/\/lehmann-baumschulen.ch\/fr\/recherche-quartier-dhiver\/\" class=\"w-grid-item-anchor\" aria-label=\"Recherche : Quartier d&#039;hiver\"><\/a>\r\n\t\t\t\t\t\t<div class=\"w-post-elm post_image usg_post_image_1 has_ratio\"><img loading=\"lazy\" decoding=\"async\" width=\"1974\" height=\"2348\" src=\"https:\/\/lehmann-baumschulen.ch\/wp-content\/uploads\/2026\/02\/Content-Pool-AdobeStock_73431759.jpg\" class=\"attachment-full size-full wp-post-image\" alt=\"\" \/><div style=\"padding-bottom:56.25%\"><\/div><\/div><h3 class=\"w-post-elm post_title usg_post_title_1 entry-title color_link_inherit\">Recherche : Quartier d'hiver<\/h3><div class=\"w-post-elm post_content usg_post_content_1 has_text_color\">Ces mesures simples permettent de favoriser la biodiversit\u00e9. Pour que les animaux se sentent bien\u2026<\/div>\t\t<\/div>\r\n\t\t\t<\/article>\r\n<\/div><div class=\"l-popup\">\r\n\t<div class=\"l-popup-overlay\"><\/div>\r\n\t<div class=\"l-popup-wrap\">\r\n\t\t<button class=\"l-popup-closer\" type=\"button\" aria-label=\"Fermer\"><\/button>\r\n\t\t\t\t\t<button class=\"l-popup-arrow to_prev hidden\" type=\"button\" title=\"Pr\u00e9c\u00e9dent\"><\/button>\r\n\t\t\t<button class=\"l-popup-arrow to_next hidden\" type=\"button\" title=\"Suivant\"><\/button>\r\n\t\t\t\t<div class=\"l-popup-box\">\r\n\t\t\t<div class=\"l-popup-box-content\">\r\n\t\t\t\t<div class=\"g-preloader type_1\">\r\n\t\t\t\t\t<div><\/div>\r\n\t\t\t\t<\/div>\r\n\t\t\t\t<iframe class=\"l-popup-box-content-frame\" allowfullscreen><\/iframe>\r\n\t\t\t<\/div>\r\n\t\t<\/div>\r\n\t<\/div>\r\n<\/div>\r\n<div class=\"g-loadmore hidden\"><div class=\"g-preloader type_1\"><div><\/div><\/div><\/div><div class=\"w-grid-list-json hidden\" onclick='return {&quot;max_num_pages&quot;:0,&quot;paginationBase&quot;:&quot;page&quot;,&quot;pagination&quot;:&quot;none&quot;,&quot;paged&quot;:1,&quot;ajaxData&quot;:{&quot;action&quot;:&quot;us_ajax_post_list&quot;,&quot;meta_type&quot;:&quot;post&quot;,&quot;object_id&quot;:0,&quot;template_vars&quot;:{&quot;shortcode_base&quot;:&quot;us_post_list&quot;,&quot;paged&quot;:1,&quot;max_num_pages&quot;:0,&quot;no_results&quot;:false,&quot;us_post_content_design_css&quot;:[],&quot;found_posts&quot;:0,&quot;per_page&quot;:999,&quot;items_count&quot;:2,&quot;orderby_random_seed&quot;:null,&quot;source&quot;:&quot;all&quot;,&quot;custom_field_name&quot;:&quot;&quot;,&quot;ids&quot;:&quot;&quot;,&quot;post_type&quot;:&quot;post&quot;,&quot;attachment_ids&quot;:null,&quot;include_post_thumbnail&quot;:0,&quot;post_author&quot;:&quot;any&quot;,&quot;post_author_ids&quot;:&quot;&quot;,&quot;apply_url_params&quot;:0,&quot;ignore_sticky_posts&quot;:1,&quot;exclude_children&quot;:0,&quot;exclude_current_post&quot;:1,&quot;exclude_prev_posts&quot;:0,&quot;exclude_past_events&quot;:0,&quot;enable_items_offset&quot;:0,&quot;items_offset&quot;:&quot;1&quot;,&quot;tax_query_relation&quot;:&quot;AND&quot;,&quot;tax_query&quot;:&quot;%5B%7B%22operator%22%3A%22IN%22%2C%22taxonomy%22%3A%22category%22%2C%22terms%22%3A%2238%22%2C%22include_children%22%3A%220%22%7D%5D&quot;,&quot;meta_query_relation&quot;:&quot;none&quot;,&quot;meta_query&quot;:[{&quot;key&quot;:&quot;custom_field_name&quot;,&quot;compare&quot;:&quot;=&quot;,&quot;value&quot;:&quot;&quot;}],&quot;orderby&quot;:&quot;date&quot;,&quot;orderby_custom_field&quot;:&quot;&quot;,&quot;orderby_custom_type&quot;:0,&quot;order_invert&quot;:&quot;1&quot;,&quot;show_all&quot;:&quot;1&quot;,&quot;quantity&quot;:&quot;12&quot;,&quot;posts_per_archive_page&quot;:0,&quot;no_items_action&quot;:&quot;message&quot;,&quot;no_items_message&quot;:&quot;Aucun r\\u00e9sultat.&quot;,&quot;no_items_page_block&quot;:&quot;&quot;,&quot;pagination&quot;:&quot;none&quot;,&quot;pagination_style&quot;:&quot;&quot;,&quot;pagination_btn_text&quot;:&quot;Charger plus&quot;,&quot;pagination_btn_size&quot;:&quot;&quot;,&quot;pagination_btn_style&quot;:&quot;1&quot;,&quot;pagination_btn_fullwidth&quot;:0,&quot;items_layout&quot;:&quot;90&quot;,&quot;type&quot;:&quot;grid&quot;,&quot;items_valign&quot;:0,&quot;ignore_items_size&quot;:0,&quot;columns&quot;:&quot;3&quot;,&quot;items_gap&quot;:&quot;1.5rem&quot;,&quot;load_animation&quot;:&quot;none&quot;,&quot;items_preload_style&quot;:&quot;spinner&quot;,&quot;img_size&quot;:&quot;default&quot;,&quot;title_size&quot;:&quot;&quot;,&quot;items_ratio&quot;:&quot;default&quot;,&quot;items_ratio_width&quot;:&quot;21&quot;,&quot;items_ratio_height&quot;:&quot;9&quot;,&quot;overriding_link&quot;:&quot;%7B%22type%22%3A%22popup_post%22%7D&quot;,&quot;popup_page_template&quot;:&quot;0&quot;,&quot;popup_width&quot;:&quot;&quot;,&quot;popup_arrows&quot;:1,&quot;breakpoint_1_width&quot;:&quot;1381px&quot;,&quot;breakpoint_1_cols&quot;:&quot;default&quot;,&quot;breakpoint_1_quantity&quot;:&quot;&quot;,&quot;breakpoint_1_gap&quot;:&quot;&quot;,&quot;breakpoint_2_width&quot;:&quot;1025px&quot;,&quot;breakpoint_2_cols&quot;:&quot;2&quot;,&quot;breakpoint_2_quantity&quot;:&quot;&quot;,&quot;breakpoint_2_gap&quot;:&quot;&quot;,&quot;breakpoint_3_width&quot;:&quot;769px&quot;,&quot;breakpoint_3_cols&quot;:&quot;1&quot;,&quot;breakpoint_3_quantity&quot;:&quot;&quot;,&quot;breakpoint_3_gap&quot;:&quot;&quot;,&quot;conditions_operator&quot;:&quot;always&quot;,&quot;conditions&quot;:[],&quot;css&quot;:null,&quot;el_class&quot;:&quot;&quot;,&quot;el_id&quot;:&quot;&quot;,&quot;enable_custom_html_atts&quot;:0,&quot;custom_html_atts&quot;:null,&quot;hide_on_states&quot;:&quot;&quot;,&quot;hide_for_sticky&quot;:0,&quot;hide_for_not_sticky&quot;:0,&quot;hide_below&quot;:&quot;0px&quot;,&quot;hide_above&quot;:&quot;0px&quot;,&quot;classes&quot;:&quot;&quot;},&quot;found_posts&quot;:0,&quot;per_page&quot;:999},&quot;facetedFilter&quot;:[]}'><\/div><\/div><\/div><\/div><\/div><\/div><\/section>\n","protected":false},"excerpt":{"rendered":"Ces mesures simples permettent de favoriser la biodiversit\u00e9. Pour que les animaux se sentent bien dans nos jardins, ils ont besoin non seulement de nourriture et de lieux de reproduction, mais aussi de structures adapt\u00e9es pour l'hivernage. Nous avons quelques conseils pour vous sur la mani\u00e8re de favoriser la biodiversit\u00e9 avec des mesures simples. D'ailleurs...","protected":false},"author":1,"featured_media":2652,"parent":2824,"menu_order":0,"comment_status":"closed","ping_status":"closed","template":"","meta":{"_acf_changed":false,"footnotes":""},"class_list":["post-2836","page","type-page","status-publish","has-post-thumbnail","hentry"],"acf":[],"_links":{"self":[{"href":"https:\/\/lehmann-baumschulen.ch\/fr\/wp-json\/wp\/v2\/pages\/2836","targetHints":{"allow":["GET"]}}],"collection":[{"href":"https:\/\/lehmann-baumschulen.ch\/fr\/wp-json\/wp\/v2\/pages"}],"about":[{"href":"https:\/\/lehmann-baumschulen.ch\/fr\/wp-json\/wp\/v2\/types\/page"}],"author":[{"embeddable":true,"href":"https:\/\/lehmann-baumschulen.ch\/fr\/wp-json\/wp\/v2\/users\/1"}],"replies":[{"embeddable":true,"href":"https:\/\/lehmann-baumschulen.ch\/fr\/wp-json\/wp\/v2\/comments?post=2836"}],"version-history":[{"count":2,"href":"https:\/\/lehmann-baumschulen.ch\/fr\/wp-json\/wp\/v2\/pages\/2836\/revisions"}],"predecessor-version":[{"id":8070,"href":"https:\/\/lehmann-baumschulen.ch\/fr\/wp-json\/wp\/v2\/pages\/2836\/revisions\/8070"}],"up":[{"embeddable":true,"href":"https:\/\/lehmann-baumschulen.ch\/fr\/wp-json\/wp\/v2\/pages\/2824"}],"wp:featuredmedia":[{"embeddable":true,"href":"https:\/\/lehmann-baumschulen.ch\/fr\/wp-json\/wp\/v2\/media\/2652"}],"wp:attachment":[{"href":"https:\/\/lehmann-baumschulen.ch\/fr\/wp-json\/wp\/v2\/media?parent=2836"}],"curies":[{"name":"wp","href":"https:\/\/api.w.org\/{rel}","templated":true}]}}