{"id":2851,"date":"2024-06-11T08:58:23","date_gmt":"2024-06-11T08:58:23","guid":{"rendered":"https:\/\/www.lehmann-baumschulen.ch\/?page_id=2851"},"modified":"2026-03-17T09:36:44","modified_gmt":"2026-03-17T09:36:44","slug":"mentions-legales","status":"publish","type":"page","link":"https:\/\/lehmann-baumschulen.ch\/fr\/mentions-legales\/","title":{"rendered":"Mentions l\u00e9gales"},"content":{"rendered":"<section class=\"l-section wpb_row height_medium\"><div class=\"l-section-h i-cf\"><div class=\"g-cols vc_row via_grid cols_1 laptops-cols_inherit tablets-cols_inherit mobiles-cols_1 valign_top type_default stacking_default\"><div class=\"wpb_column vc_column_container\"><div class=\"vc_column-inner\"><div class=\"wpb_text_column\"><div class=\"wpb_wrapper\"><h2>Responsable du site web<\/h2>\n<p>Lehmann Baumschulen AG<br \/>\nJurastrasse 33 a<br \/>\n3294 B\u00fcren an der Aare<br \/>\n032 351 15 19<br \/>\n<a href=\"mailto:info@lehmann-baumschulen.ch\">e-mail<\/a><\/p>\n<h2>Conception, programmation<\/h2>\n<p>team8 GmbH, Ipsach<br \/>\n<a href=\"mailto:info@team8.ch\">info@team8.ch<\/a><br \/>\n<a href=\"https:\/\/www.team8.ch\" target=\"_blank\" rel=\"noopener\">www.team8.ch<\/a><\/p>\n<h2>Exclusion de responsabilit\u00e9<\/h2>\n<p>Lauteur ne garantit aucunement lexactitude, la pr\u00e9cision, lactualit\u00e9, la fiabilit\u00e9 ni lexhaustivit\u00e9 des informations contenues dans ce site. Les recours en responsabilit\u00e9 contre lauteur pour des dommages mat\u00e9riels ou immat\u00e9riels r\u00e9sultant de lacc\u00e8s aux informations publi\u00e9es ou de leur utilisation ou non-utilisation, dun mauvais usage de la connexion ou de probl\u00e8mes techniques sont exclus. Toutes les offres sont sans engagement. Lauteur se r\u00e9serve express\u00e9ment le droit de modifier, de compl\u00e9ter ou de supprimer des parties de pages ou lensemble de loffre sans pr\u00e9avis particulier, ou den suspendre la publication temporairement ou d\u00e9finitivement.   <\/p>\n<h2>Exclusion de responsabilit\u00e9 pour les liens<\/h2>\n<p>Les renvois et liens vers des sites web de tiers ne rel\u00e8vent pas de notre responsabilit\u00e9. Nous d\u00e9clinons toute responsabilit\u00e9 pour ces sites. Lacc\u00e8s \u00e0 ces sites et leur utilisation se font aux risques et p\u00e9rils de lutilisateur.  <\/p>\n<h2>Droits dauteur et autres droits de protection sp\u00e9ciaux<\/h2>\n<p>Le contenu de ces pages internet est prot\u00e9g\u00e9 par le droit dauteur. Une copie des informations figurant sur les pages internet peut \u00eatre enregistr\u00e9e sur un seul ordinateur pour un usage interne personnel et non commercial. Les graphiques, textes, logos, images, etc. ne peuvent \u00eatre t\u00e9l\u00e9charg\u00e9s, reproduits, copi\u00e9s, modifi\u00e9s, publi\u00e9s, envoy\u00e9s, transmis ou utilis\u00e9s sous toute autre forme quapr\u00e8s autorisation \u00e9crite pr\u00e9alable de Lehmann Baumschulen AG. Les noms de produits et de soci\u00e9t\u00e9s mentionn\u00e9s peuvent \u00eatre des marques d\u00e9pos\u00e9es ou des marques de commerce. Leur utilisation non autoris\u00e9e peut donner lieu \u00e0 des demandes de dommages et int\u00e9r\u00eats et \u00e0 des actions en cessation.<\/p>\n<\/div><\/div><\/div><\/div><\/div><\/div><\/section>\n","protected":false},"excerpt":{"rendered":"Responsable du site web Lehmann Baumschulen AG Jurastrasse 33 a 3294 B\u00fcren an der Aare 032 351 15 19 e-mail Conception, programmation team8 GmbH, Ipsach info@team8.ch www.team8.ch Exclusion de responsabilit\u00e9 Lauteur ne garantit aucunement lexactitude, la pr\u00e9cision, lactualit\u00e9, la fiabilit\u00e9 ni lexhaustivit\u00e9 des informations contenues dans ce site. Les recours en responsabilit\u00e9 contre lauteur pour...","protected":false},"author":1,"featured_media":5977,"parent":0,"menu_order":0,"comment_status":"closed","ping_status":"closed","template":"","meta":{"_acf_changed":false,"footnotes":""},"class_list":["post-2851","page","type-page","status-publish","has-post-thumbnail","hentry"],"acf":[],"_links":{"self":[{"href":"https:\/\/lehmann-baumschulen.ch\/fr\/wp-json\/wp\/v2\/pages\/2851","targetHints":{"allow":["GET"]}}],"collection":[{"href":"https:\/\/lehmann-baumschulen.ch\/fr\/wp-json\/wp\/v2\/pages"}],"about":[{"href":"https:\/\/lehmann-baumschulen.ch\/fr\/wp-json\/wp\/v2\/types\/page"}],"author":[{"embeddable":true,"href":"https:\/\/lehmann-baumschulen.ch\/fr\/wp-json\/wp\/v2\/users\/1"}],"replies":[{"embeddable":true,"href":"https:\/\/lehmann-baumschulen.ch\/fr\/wp-json\/wp\/v2\/comments?post=2851"}],"version-history":[{"count":2,"href":"https:\/\/lehmann-baumschulen.ch\/fr\/wp-json\/wp\/v2\/pages\/2851\/revisions"}],"predecessor-version":[{"id":8031,"href":"https:\/\/lehmann-baumschulen.ch\/fr\/wp-json\/wp\/v2\/pages\/2851\/revisions\/8031"}],"wp:featuredmedia":[{"embeddable":true,"href":"https:\/\/lehmann-baumschulen.ch\/fr\/wp-json\/wp\/v2\/media\/5977"}],"wp:attachment":[{"href":"https:\/\/lehmann-baumschulen.ch\/fr\/wp-json\/wp\/v2\/media?parent=2851"}],"curies":[{"name":"wp","href":"https:\/\/api.w.org\/{rel}","templated":true}]}}