{"id":2855,"date":"2024-09-05T09:57:57","date_gmt":"2024-09-05T09:57:57","guid":{"rendered":"https:\/\/www.lehmann-baumschulen.ch\/?page_id=2855"},"modified":"2026-03-25T08:27:04","modified_gmt":"2026-03-25T08:27:04","slug":"arbres-davenue","status":"publish","type":"page","link":"https:\/\/lehmann-baumschulen.ch\/fr\/plantes\/arbres-et-arbustes\/arbres-davenue\/","title":{"rendered":"Arbres d'avenue"},"content":{"rendered":"<section class=\"l-section wpb_row height_medium\"><div class=\"l-section-h i-cf\"><div class=\"g-cols vc_row via_grid cols_1 laptops-cols_inherit tablets-cols_inherit mobiles-cols_1 valign_top type_default stacking_default\"><div class=\"wpb_column vc_column_container\"><div class=\"vc_column-inner\"><div class=\"wpb_text_column\"><div class=\"wpb_wrapper\"><p>Par arbre d'alignement, nous entendons des arbres \u00e0 tronc unique qui se plaisent \u00e0 \u00eatre plant\u00e9s seuls dans le jardin.<br \/>\nLa hauteur du tronc mesure g\u00e9n\u00e9ralement plus de deux m\u00e8tres et l'arbre a souvent entre trois et dix ans lorsqu'il est vendu. Certains arbres sp\u00e9ciaux peuvent toutefois \u00eatre plus \u00e2g\u00e9s lorsqu'ils sont plant\u00e9s \u00e0 leur emplacement d\u00e9finitif \u2013 par exemple dans votre jardin. <\/p>\n<p>Les arbres d'alignement peuvent \u00eatre utilis\u00e9s de mani\u00e8re polyvalente et pr\u00e9sentent \u00e9galement diff\u00e9rentes formes de croissance et tailles de couronne. Un \u00e9rable boule ne d\u00e9passera pas environ cinq m\u00e8tres de largeur, tandis qu'un tilleul, un ch\u00eane ou un marronnier deviendra au fil des ann\u00e9es un arbre g\u00e9ant imposant. <\/p>\n<p><strong>Une plantation doit donc \u00eatre bien r\u00e9fl\u00e9chie si l'on souhaite qu'un arbre d'alignement vieillisse vraiment bien.<\/strong><br \/>\nLes arbres \u00e0 couronne moyenne et grande ne servent pas seulement d'ombrage \u2013 beaucoup d'entre eux enchantent par leurs magnifiques fleurs, comme par exemple le marronnier d'Inde ou le catalpa. Un autre \u00e9l\u00e9ment d'am\u00e9nagement important est bien s\u00fbr l'incroyable coloration automnale que produisent par exemple l'\u00e9rable rouge, le ginkgo ou le copalme d'Am\u00e9rique. <\/p>\n<p><strong>Vous le voyez, pour le choix de l'arbre d'alignement, un conseil professionnel de qualit\u00e9 est indispensable.<\/strong><br \/>\nVenez donc nous voir au centre de jardinage avec vos plans d'am\u00e9nagement, nous nous ferons un plaisir de vous aider.<\/p>\n<p>Consultez nos <a href=\"https:\/\/www.lehmann-baumschulen.ch\/fr\/plantes\/conseils-de-plantation\/\">instructions de plantation<\/a>.<\/p>\n<\/div><\/div><div class=\"w-separator size_medium\"><\/div><div class=\"w-grid us_product_list type_grid layout_5606 cols_3 preload_style_spinner open_items_in_popup\" id=\"us_product_list_m114\" style=\"--columns:3;--gap:1.5rem;\"><style>@media (max-width:1024px){#us_product_list_m114{--columns:2!important}}@media (max-width:768px){#us_product_list_m114{--columns:1!important}}.layout_5606 .w-grid-item-h{background:var(--color-alt-content-bg);border-radius:0.5rem;box-shadow:0 0.05rem 0.1rem rgba(0,0,0,0.1),0 0.17rem 0.5rem rgba(0,0,0,0.1);transition-duration:0.3s}.no-touch .layout_5606 .w-grid-item-h:hover{box-shadow:0 0.1rem 0.2rem rgba(0,0,0,0.1),0 0.33rem 1rem rgba(0,0,0,0.15);z-index:4}.layout_5606 .usg_post_image_1{border-radius:0.5rem 0.5rem 0 0!important}.layout_5606 .usg_post_title_1{margin:1rem!important}<\/style><div class=\"w-grid-list\">\t<article class=\"w-grid-item size_1x1 post-7793 product type-product status-publish has-post-thumbnail product_cat-arbres-dalignement product_cat-arbuste product_cat-arbuste-caduc first instock shipping-taxable product-type-simple\" data-id=\"7793\">\r\n\t\t<div class=\"w-grid-item-h\">\r\n\t\t\t\t\t\t\t<a href=\"https:\/\/lehmann-baumschulen.ch\/fr\/produit\/acer-freemanii-x-autumn-blaze\/\" class=\"w-grid-item-anchor\" aria-label=\"Acer freemanii (x) &#039;Autumn Blaze&#039;\"><\/a>\r\n\t\t\t\t\t\t<div class=\"w-post-elm post_image usg_post_image_1 has_ratio\"><img loading=\"lazy\" decoding=\"async\" width=\"4288\" height=\"2848\" src=\"https:\/\/lehmann-baumschulen.ch\/wp-content\/uploads\/2025\/08\/Acer-freemanii-Autumn-Blaze.jpg\" class=\"attachment-full size-full wp-post-image\" alt=\"\" \/><div style=\"padding-bottom:75%\"><\/div><\/div><p class=\"w-post-elm post_title usg_post_title_1 woocommerce-loop-product__title color_link_inherit\">Acer freemanii (x) 'Autumn Blaze'<\/p>\t\t<\/div>\r\n\t\t\t<\/article>\r\n\t<article class=\"w-grid-item size_1x1 post-7696 product type-product status-publish has-post-thumbnail product_cat-arbres-dalignement product_cat-arbuste product_cat-arbuste-caduc  instock shipping-taxable product-type-simple\" data-id=\"7696\">\r\n\t\t<div class=\"w-grid-item-h\">\r\n\t\t\t\t\t\t\t<a href=\"https:\/\/lehmann-baumschulen.ch\/fr\/produit\/albizia-julibrissin\/\" class=\"w-grid-item-anchor\" aria-label=\"Albizia julibrissin\"><\/a>\r\n\t\t\t\t\t\t<div class=\"w-post-elm post_image usg_post_image_1 has_ratio\"><img loading=\"lazy\" decoding=\"async\" width=\"6000\" height=\"4000\" src=\"https:\/\/lehmann-baumschulen.ch\/wp-content\/uploads\/2025\/08\/Albizia_julibrissin_1.jpg\" class=\"attachment-full size-full wp-post-image\" alt=\"\" \/><div style=\"padding-bottom:75%\"><\/div><\/div><p class=\"w-post-elm post_title usg_post_title_1 woocommerce-loop-product__title color_link_inherit\">Albizia julibrissin<\/p>\t\t<\/div>\r\n\t\t\t<\/article>\r\n\t<article class=\"w-grid-item size_1x1 post-7689 product type-product status-publish has-post-thumbnail product_cat-arbres-dalignement product_cat-arbuste product_cat-arbuste-caduc last instock shipping-taxable product-type-simple\" data-id=\"7689\">\r\n\t\t<div class=\"w-grid-item-h\">\r\n\t\t\t\t\t\t\t<a href=\"https:\/\/lehmann-baumschulen.ch\/fr\/produit\/amelanchier-lamarckii\/\" class=\"w-grid-item-anchor\" aria-label=\"Amelanchier lamarckii\"><\/a>\r\n\t\t\t\t\t\t<div class=\"w-post-elm post_image usg_post_image_1 has_ratio\"><img loading=\"lazy\" decoding=\"async\" width=\"4288\" height=\"2848\" src=\"https:\/\/lehmann-baumschulen.ch\/wp-content\/uploads\/2025\/08\/Amelanchier-lamarckii-1.jpg\" class=\"attachment-full size-full wp-post-image\" alt=\"\" \/><div style=\"padding-bottom:75%\"><\/div><\/div><p class=\"w-post-elm post_title usg_post_title_1 woocommerce-loop-product__title color_link_inherit\">Amelanchier lamarckii<\/p>\t\t<\/div>\r\n\t\t\t<\/article>\r\n\t<article class=\"w-grid-item size_1x1 post-7633 product type-product status-publish has-post-thumbnail product_cat-arbres-dalignement product_cat-arbuste product_cat-arbuste-caduc product_cat-plantes-de-haie first instock shipping-taxable product-type-simple\" data-id=\"7633\">\r\n\t\t<div class=\"w-grid-item-h\">\r\n\t\t\t\t\t\t\t<a href=\"https:\/\/lehmann-baumschulen.ch\/fr\/produit\/carpinus-betulus\/\" class=\"w-grid-item-anchor\" aria-label=\"Carpinus betulus\"><\/a>\r\n\t\t\t\t\t\t<div class=\"w-post-elm post_image usg_post_image_1 has_ratio\"><img loading=\"lazy\" decoding=\"async\" width=\"1050\" height=\"698\" src=\"https:\/\/lehmann-baumschulen.ch\/wp-content\/uploads\/2024\/09\/Carpinus-betulus.jpg\" class=\"attachment-full size-full wp-post-image\" alt=\"\" \/><div style=\"padding-bottom:75%\"><\/div><\/div><p class=\"w-post-elm post_title usg_post_title_1 woocommerce-loop-product__title color_link_inherit\">Carpinus betulus<\/p>\t\t<\/div>\r\n\t\t\t<\/article>\r\n\t<article class=\"w-grid-item size_1x1 post-7609 product type-product status-publish has-post-thumbnail product_cat-arbres-dalignement product_cat-arbuste product_cat-arbuste-caduc  instock shipping-taxable product-type-simple\" data-id=\"7609\">\r\n\t\t<div class=\"w-grid-item-h\">\r\n\t\t\t\t\t\t\t<a href=\"https:\/\/lehmann-baumschulen.ch\/fr\/produit\/liquidambar-styraciflua-slender-silhouette\/\" class=\"w-grid-item-anchor\" aria-label=\"Liquidambar styraciflua Slender Silhouette\"><\/a>\r\n\t\t\t\t\t\t<div class=\"w-post-elm post_image usg_post_image_1 has_ratio\"><img loading=\"lazy\" decoding=\"async\" width=\"4288\" height=\"2848\" src=\"https:\/\/lehmann-baumschulen.ch\/wp-content\/uploads\/2025\/08\/Liquidambar-styraciflua-Slender-Silhouette-1.jpg\" class=\"attachment-full size-full wp-post-image\" alt=\"\" \/><div style=\"padding-bottom:75%\"><\/div><\/div><p class=\"w-post-elm post_title usg_post_title_1 woocommerce-loop-product__title color_link_inherit\">Liquidambar styraciflua Slender Silhouette<\/p>\t\t<\/div>\r\n\t\t\t<\/article>\r\n\t<article class=\"w-grid-item size_1x1 post-7512 product type-product status-publish has-post-thumbnail product_cat-arbres-dalignement product_cat-arbuste product_cat-arbuste-caduc product_cat-plantes-de-haie last instock shipping-taxable product-type-simple\" data-id=\"7512\">\r\n\t\t<div class=\"w-grid-item-h\">\r\n\t\t\t\t\t\t\t<a href=\"https:\/\/lehmann-baumschulen.ch\/fr\/produit\/photinia-fraseri-x-red-robin\/\" class=\"w-grid-item-anchor\" aria-label=\"Photinia fraseri (x) &#039;Red Robin&#039;\"><\/a>\r\n\t\t\t\t\t\t<div class=\"w-post-elm post_image usg_post_image_1 has_ratio\"><img loading=\"lazy\" decoding=\"async\" width=\"1050\" height=\"698\" src=\"https:\/\/lehmann-baumschulen.ch\/wp-content\/uploads\/2024\/09\/Photinia-fraseri-x-Red-Robin.jpg\" class=\"attachment-full size-full wp-post-image\" alt=\"\" \/><div style=\"padding-bottom:75%\"><\/div><\/div><p class=\"w-post-elm post_title usg_post_title_1 woocommerce-loop-product__title color_link_inherit\">Photinia fraseri (x) 'Red Robin'<\/p>\t\t<\/div>\r\n\t\t\t<\/article>\r\n\t<article class=\"w-grid-item size_1x1 post-7497 product type-product status-publish has-post-thumbnail product_cat-arbres-dalignement product_cat-arbuste product_cat-arbuste-caduc first instock shipping-taxable product-type-simple\" data-id=\"7497\">\r\n\t\t<div class=\"w-grid-item-h\">\r\n\t\t\t\t\t\t\t<a href=\"https:\/\/lehmann-baumschulen.ch\/fr\/produit\/prunus-cerasifera-woodii\/\" class=\"w-grid-item-anchor\" aria-label=\"Prunus cerasifera Woodii\"><\/a>\r\n\t\t\t\t\t\t<div class=\"w-post-elm post_image usg_post_image_1 has_ratio\"><img loading=\"lazy\" decoding=\"async\" width=\"4288\" height=\"2848\" src=\"https:\/\/lehmann-baumschulen.ch\/wp-content\/uploads\/2025\/08\/Prunus-cerasifera-Woodii-2.jpg\" class=\"attachment-full size-full wp-post-image\" alt=\"\" \/><div style=\"padding-bottom:75%\"><\/div><\/div><p class=\"w-post-elm post_title usg_post_title_1 woocommerce-loop-product__title color_link_inherit\">Prunus cerasifera Woodii<\/p>\t\t<\/div>\r\n\t\t\t<\/article>\r\n\t<article class=\"w-grid-item size_1x1 post-7493 product type-product status-publish has-post-thumbnail product_cat-arbres-dalignement product_cat-arbuste product_cat-arbuste-caduc product_cat-plantes-de-haie  instock shipping-taxable product-type-grouped\" data-id=\"7493\">\r\n\t\t<div class=\"w-grid-item-h\">\r\n\t\t\t\t\t\t\t<a href=\"https:\/\/lehmann-baumschulen.ch\/fr\/produit\/prunus-lusitanica-angustifolia\/\" class=\"w-grid-item-anchor\" aria-label=\"Prunus lusitanica Angustifolia\"><\/a>\r\n\t\t\t\t\t\t<div class=\"w-post-elm post_image usg_post_image_1 has_ratio\"><img loading=\"lazy\" decoding=\"async\" width=\"4288\" height=\"2848\" src=\"https:\/\/lehmann-baumschulen.ch\/wp-content\/uploads\/2025\/08\/Prunus-lusitanica-Angustifolia-1.jpg\" class=\"attachment-full size-full wp-post-image\" alt=\"\" \/><div style=\"padding-bottom:75%\"><\/div><\/div><p class=\"w-post-elm post_title usg_post_title_1 woocommerce-loop-product__title color_link_inherit\">Prunus lusitanica Angustifolia<\/p>\t\t<\/div>\r\n\t\t\t<\/article>\r\n\t<article class=\"w-grid-item size_1x1 post-7487 product type-product status-publish has-post-thumbnail product_cat-arbres-dalignement product_cat-arbuste product_cat-arbuste-caduc last instock shipping-taxable product-type-grouped\" data-id=\"7487\">\r\n\t\t<div class=\"w-grid-item-h\">\r\n\t\t\t\t\t\t\t<a href=\"https:\/\/lehmann-baumschulen.ch\/fr\/produit\/prunus-padus\/\" class=\"w-grid-item-anchor\" aria-label=\"Prunus padus\"><\/a>\r\n\t\t\t\t\t\t<div class=\"w-post-elm post_image usg_post_image_1 has_ratio\"><img loading=\"lazy\" decoding=\"async\" width=\"4288\" height=\"2848\" src=\"https:\/\/lehmann-baumschulen.ch\/wp-content\/uploads\/2025\/08\/Prunus-padus-1.jpg\" class=\"attachment-full size-full wp-post-image\" alt=\"\" \/><div style=\"padding-bottom:75%\"><\/div><\/div><p class=\"w-post-elm post_title usg_post_title_1 woocommerce-loop-product__title color_link_inherit\">Prunus padus<\/p>\t\t<\/div>\r\n\t\t\t<\/article>\r\n\t<article class=\"w-grid-item size_1x1 post-7399 product type-product status-publish has-post-thumbnail product_cat-arbres-dalignement product_cat-arbuste first instock shipping-taxable product-type-grouped\" data-id=\"7399\">\r\n\t\t<div class=\"w-grid-item-h\">\r\n\t\t\t\t\t\t\t<a href=\"https:\/\/lehmann-baumschulen.ch\/fr\/produit\/salix-sepulcralis-x-chrysocoma\/\" class=\"w-grid-item-anchor\" aria-label=\"Salix sepulcralis (x) &#039;Chrysocoma&#039;\"><\/a>\r\n\t\t\t\t\t\t<div class=\"w-post-elm post_image usg_post_image_1 has_ratio\"><img loading=\"lazy\" decoding=\"async\" width=\"1050\" height=\"698\" src=\"https:\/\/lehmann-baumschulen.ch\/wp-content\/uploads\/2024\/09\/Salix-sepulcralis-x-Chrysocoma-2.jpg\" class=\"attachment-full size-full wp-post-image\" alt=\"\" \/><div style=\"padding-bottom:75%\"><\/div><\/div><p class=\"w-post-elm post_title usg_post_title_1 woocommerce-loop-product__title color_link_inherit\">Salix sepulcralis (x) 'Chrysocoma'<\/p>\t\t<\/div>\r\n\t\t\t<\/article>\r\n\t<article class=\"w-grid-item size_1x1 post-7477 product type-product status-publish has-post-thumbnail product_cat-arbres-dalignement product_cat-arbuste product_cat-arbuste-caduc  instock shipping-taxable product-type-grouped\" data-id=\"7477\">\r\n\t\t<div class=\"w-grid-item-h\">\r\n\t\t\t\t\t\t\t<a href=\"https:\/\/lehmann-baumschulen.ch\/fr\/produit\/sorbus-aucuparia\/\" class=\"w-grid-item-anchor\" aria-label=\"Sorbus aucuparia\"><\/a>\r\n\t\t\t\t\t\t<div class=\"w-post-elm post_image usg_post_image_1 has_ratio\"><img loading=\"lazy\" decoding=\"async\" width=\"4288\" height=\"2848\" src=\"https:\/\/lehmann-baumschulen.ch\/wp-content\/uploads\/2025\/08\/sorbus-aucuparia-1.jpg\" class=\"attachment-full size-full wp-post-image\" alt=\"\" \/><div style=\"padding-bottom:75%\"><\/div><\/div><p class=\"w-post-elm post_title usg_post_title_1 woocommerce-loop-product__title color_link_inherit\">Sorbus aucuparia<\/p>\t\t<\/div>\r\n\t\t\t<\/article>\r\n<\/div><div class=\"l-popup\">\r\n\t<div class=\"l-popup-overlay\"><\/div>\r\n\t<div class=\"l-popup-wrap\">\r\n\t\t<button class=\"l-popup-closer\" type=\"button\" aria-label=\"Fermer\"><\/button>\r\n\t\t\t\t\t<button class=\"l-popup-arrow to_prev hidden\" type=\"button\" title=\"Pr\u00e9c\u00e9dent\"><\/button>\r\n\t\t\t<button class=\"l-popup-arrow to_next hidden\" type=\"button\" title=\"Suivant\"><\/button>\r\n\t\t\t\t<div class=\"l-popup-box\">\r\n\t\t\t<div class=\"l-popup-box-content\">\r\n\t\t\t\t<div class=\"g-preloader type_1\">\r\n\t\t\t\t\t<div><\/div>\r\n\t\t\t\t<\/div>\r\n\t\t\t\t<iframe class=\"l-popup-box-content-frame\" allowfullscreen><\/iframe>\r\n\t\t\t<\/div>\r\n\t\t<\/div>\r\n\t<\/div>\r\n<\/div>\r\n<div class=\"g-loadmore hidden\"><div class=\"g-preloader type_1\"><div><\/div><\/div><\/div><div class=\"w-grid-list-json hidden\" onclick='return {&quot;max_num_pages&quot;:0,&quot;paginationBase&quot;:&quot;page&quot;,&quot;pagination&quot;:&quot;none&quot;,&quot;paged&quot;:1,&quot;ajaxData&quot;:{&quot;action&quot;:&quot;us_ajax_product_list&quot;,&quot;meta_type&quot;:&quot;post&quot;,&quot;object_id&quot;:0,&quot;template_vars&quot;:{&quot;shortcode_base&quot;:&quot;us_product_list&quot;,&quot;paged&quot;:1,&quot;max_num_pages&quot;:0,&quot;no_results&quot;:false,&quot;is_product_list&quot;:true,&quot;found_posts&quot;:0,&quot;per_page&quot;:999,&quot;items_count&quot;:11,&quot;orderby_random_seed&quot;:null,&quot;source&quot;:&quot;all&quot;,&quot;ids&quot;:&quot;&quot;,&quot;apply_url_params&quot;:0,&quot;onsale_only&quot;:0,&quot;featured_only&quot;:0,&quot;exclude_out_of_stock&quot;:0,&quot;exclude_hidden&quot;:1,&quot;exclude_current_product&quot;:1,&quot;exclude_prev_posts&quot;:0,&quot;enable_items_offset&quot;:0,&quot;items_offset&quot;:&quot;1&quot;,&quot;price_compare&quot;:&quot;none&quot;,&quot;price&quot;:&quot;99.99&quot;,&quot;price_max&quot;:&quot;299.99&quot;,&quot;tax_query_relation&quot;:&quot;AND&quot;,&quot;tax_query&quot;:&quot;%5B%7B%22operator%22%3A%22IN%22%2C%22taxonomy%22%3A%22product_cat%22%2C%22terms%22%3A%2250%22%2C%22include_children%22%3A%220%22%7D%5D&quot;,&quot;meta_query_relation&quot;:&quot;none&quot;,&quot;meta_query&quot;:[{&quot;key&quot;:&quot;custom_field_name&quot;,&quot;compare&quot;:&quot;=&quot;,&quot;value&quot;:&quot;&quot;}],&quot;orderby&quot;:&quot;title&quot;,&quot;orderby_custom_field&quot;:&quot;&quot;,&quot;orderby_recent_sales_days&quot;:&quot;30&quot;,&quot;orderby_custom_type&quot;:0,&quot;order_invert&quot;:0,&quot;show_all&quot;:&quot;1&quot;,&quot;quantity&quot;:&quot;12&quot;,&quot;posts_per_archive_page&quot;:0,&quot;no_items_action&quot;:&quot;message&quot;,&quot;no_items_message&quot;:&quot;Aucun r\\u00e9sultat.&quot;,&quot;no_items_page_block&quot;:&quot;&quot;,&quot;pagination&quot;:&quot;none&quot;,&quot;pagination_style&quot;:&quot;&quot;,&quot;pagination_btn_text&quot;:&quot;Charger plus&quot;,&quot;pagination_btn_size&quot;:&quot;&quot;,&quot;pagination_btn_style&quot;:&quot;1&quot;,&quot;pagination_btn_fullwidth&quot;:0,&quot;items_layout&quot;:&quot;5606&quot;,&quot;type&quot;:&quot;grid&quot;,&quot;items_valign&quot;:0,&quot;ignore_items_size&quot;:0,&quot;columns&quot;:&quot;3&quot;,&quot;items_gap&quot;:&quot;1.5rem&quot;,&quot;load_animation&quot;:&quot;none&quot;,&quot;items_preload_style&quot;:&quot;spinner&quot;,&quot;img_size&quot;:&quot;default&quot;,&quot;title_size&quot;:&quot;&quot;,&quot;items_ratio&quot;:&quot;default&quot;,&quot;items_ratio_width&quot;:&quot;21&quot;,&quot;items_ratio_height&quot;:&quot;9&quot;,&quot;overriding_link&quot;:&quot;%7B%22type%22%3A%22popup_post%22%7D&quot;,&quot;popup_page_template&quot;:&quot;0&quot;,&quot;popup_width&quot;:&quot;&quot;,&quot;popup_arrows&quot;:1,&quot;breakpoint_1_width&quot;:&quot;1381px&quot;,&quot;breakpoint_1_cols&quot;:&quot;default&quot;,&quot;breakpoint_1_quantity&quot;:&quot;&quot;,&quot;breakpoint_1_gap&quot;:&quot;&quot;,&quot;breakpoint_2_width&quot;:&quot;1025px&quot;,&quot;breakpoint_2_cols&quot;:&quot;2&quot;,&quot;breakpoint_2_quantity&quot;:&quot;&quot;,&quot;breakpoint_2_gap&quot;:&quot;&quot;,&quot;breakpoint_3_width&quot;:&quot;769px&quot;,&quot;breakpoint_3_cols&quot;:&quot;1&quot;,&quot;breakpoint_3_quantity&quot;:&quot;&quot;,&quot;breakpoint_3_gap&quot;:&quot;&quot;,&quot;conditions_operator&quot;:&quot;always&quot;,&quot;conditions&quot;:[],&quot;css&quot;:null,&quot;el_class&quot;:&quot;&quot;,&quot;el_id&quot;:&quot;&quot;,&quot;enable_custom_html_atts&quot;:0,&quot;custom_html_atts&quot;:null,&quot;hide_on_states&quot;:&quot;&quot;,&quot;hide_for_sticky&quot;:0,&quot;hide_for_not_sticky&quot;:0,&quot;hide_below&quot;:&quot;0px&quot;,&quot;hide_above&quot;:&quot;0px&quot;,&quot;classes&quot;:&quot;&quot;},&quot;found_posts&quot;:0,&quot;per_page&quot;:999},&quot;facetedFilter&quot;:[]}'><\/div><\/div><\/div><\/div><\/div><\/div><\/section>\n","protected":false},"excerpt":{"rendered":"","protected":false},"author":1,"featured_media":1252,"parent":2854,"menu_order":40,"comment_status":"closed","ping_status":"closed","template":"","meta":{"_acf_changed":false,"footnotes":""},"class_list":["post-2855","page","type-page","status-publish","has-post-thumbnail","hentry"],"acf":[],"_links":{"self":[{"href":"https:\/\/lehmann-baumschulen.ch\/fr\/wp-json\/wp\/v2\/pages\/2855","targetHints":{"allow":["GET"]}}],"collection":[{"href":"https:\/\/lehmann-baumschulen.ch\/fr\/wp-json\/wp\/v2\/pages"}],"about":[{"href":"https:\/\/lehmann-baumschulen.ch\/fr\/wp-json\/wp\/v2\/types\/page"}],"author":[{"embeddable":true,"href":"https:\/\/lehmann-baumschulen.ch\/fr\/wp-json\/wp\/v2\/users\/1"}],"replies":[{"embeddable":true,"href":"https:\/\/lehmann-baumschulen.ch\/fr\/wp-json\/wp\/v2\/comments?post=2855"}],"version-history":[{"count":7,"href":"https:\/\/lehmann-baumschulen.ch\/fr\/wp-json\/wp\/v2\/pages\/2855\/revisions"}],"predecessor-version":[{"id":8141,"href":"https:\/\/lehmann-baumschulen.ch\/fr\/wp-json\/wp\/v2\/pages\/2855\/revisions\/8141"}],"up":[{"embeddable":true,"href":"https:\/\/lehmann-baumschulen.ch\/fr\/wp-json\/wp\/v2\/pages\/2854"}],"wp:featuredmedia":[{"embeddable":true,"href":"https:\/\/lehmann-baumschulen.ch\/fr\/wp-json\/wp\/v2\/media\/1252"}],"wp:attachment":[{"href":"https:\/\/lehmann-baumschulen.ch\/fr\/wp-json\/wp\/v2\/media?parent=2855"}],"curies":[{"name":"wp","href":"https:\/\/api.w.org\/{rel}","templated":true}]}}