{"id":2857,"date":"2024-09-05T10:00:13","date_gmt":"2024-09-05T10:00:13","guid":{"rendered":"https:\/\/www.lehmann-baumschulen.ch\/?page_id=2857"},"modified":"2026-03-25T08:27:42","modified_gmt":"2026-03-25T08:27:42","slug":"plantes-grimpantes","status":"publish","type":"page","link":"https:\/\/lehmann-baumschulen.ch\/fr\/plantes\/arbres-et-arbustes\/plantes-grimpantes\/","title":{"rendered":"Plantes grimpantes"},"content":{"rendered":"<section class=\"l-section wpb_row height_medium\"><div class=\"l-section-h i-cf\"><div class=\"g-cols vc_row via_grid cols_1 laptops-cols_inherit tablets-cols_inherit mobiles-cols_1 valign_top type_default stacking_default\"><div class=\"wpb_column vc_column_container\"><div class=\"vc_column-inner\"><div class=\"wpb_text_column\"><div class=\"wpb_wrapper\"><p>Les paysagistes et les jardiniers amateurs appr\u00e9cient les plantes grimpantes \u00e0 feuillage caduc ou persistant pour leur capacit\u00e9 \u00e0 verdir les murs, les souches darbres ou les b\u00e2timents, ou \u00e0 cro\u00eetre \u00e0 travers la cime darbres robustes. Les plantes grimpantes peuvent saccrocher, senrouler, grimper ou ramper delles-m\u00eames. Les plantes auto-adh\u00e9rentes utilisent des racines a\u00e9riennes ou des ventouses pour se fixer \u00e0 nimporte quel support. Les esp\u00e8ces volubiles senroulent \u00e0 travers les arbres, les arbustes ou les treillis \u00e0 laide de leurs pousses, de leurs p\u00e9tioles ou de leurs vrilles.<\/p>\n<p><strong>Nous cultivons plus de 120 vari\u00e9t\u00e9s diff\u00e9rentes de cl\u00e9matites !<\/strong> \u00c0 fleurs simples ou doubles, \u00e0 petites ou grandes fleurs, vari\u00e9t\u00e9s robustes ou d\u00e9licates, \u00e0 croissance vigoureuse ou naines...<\/p>\n<h3>Conseils dentretien pour les cl\u00e9matites<\/h3>\n<p>Seulement si n\u00e9cessaire, r\u00e9partissez, guidez ou attachez l\u00e2chement les pousses dans larbuste ou sur le support de croissance. De pr\u00e9f\u00e9rence t\u00f4t le matin, lorsquelles sont encore couvertes de ros\u00e9e. Les cl\u00e9matites naiment pas \u00eatre manipul\u00e9es par temps chaud. Sil faut les d\u00e9m\u00ealer, les pousses se cassent rapidement, ce qui d\u00e9truit la capillarit\u00e9 et provoque leur fl\u00e9trissement.<\/p>\n<h3>Fl\u00e9trissement de la cl\u00e9matite<\/h3>\n<p>Le fl\u00e9trissement de la cl\u00e9matite nest pas toujours d\u00fb \u00e0 une maladie fongique. Le fl\u00e9trissement peut \u00e9galement \u00eatre caus\u00e9 par une blessure des pousses ou par les attaques de limaces. Retirez les pousses fl\u00e9tries avec un s\u00e9cateur, la cl\u00e9matite produira de nouveaux bourgeons.<br \/>\nSi toute la cl\u00e9matite fl\u00e9trit, il peut effectivement s\u2019agir du fl\u00e9trissement de la cl\u00e9matite. Taillez la cl\u00e9matite au-dessus du sol. Arrosez ensuite la cl\u00e9matite avec un fongicide (Rondo).<\/p>\n<p>Consultez nos <a href=\"https:\/\/www.lehmann-baumschulen.ch\/fr\/plantes\/conseils-de-plantation\/\">instructions de plantation<\/a>.<\/p>\n<\/div><\/div><div class=\"w-separator size_medium\"><\/div><div class=\"w-grid us_product_list type_grid layout_5606 cols_3 preload_style_spinner open_items_in_popup\" id=\"us_product_list_eaac\" style=\"--columns:3;--gap:1.5rem;\"><style>@media (max-width:1024px){#us_product_list_eaac{--columns:2!important}}@media (max-width:768px){#us_product_list_eaac{--columns:1!important}}.layout_5606 .w-grid-item-h{background:var(--color-alt-content-bg);border-radius:0.5rem;box-shadow:0 0.05rem 0.1rem rgba(0,0,0,0.1),0 0.17rem 0.5rem rgba(0,0,0,0.1);transition-duration:0.3s}.no-touch .layout_5606 .w-grid-item-h:hover{box-shadow:0 0.1rem 0.2rem rgba(0,0,0,0.1),0 0.33rem 1rem rgba(0,0,0,0.15);z-index:4}.layout_5606 .usg_post_image_1{border-radius:0.5rem 0.5rem 0 0!important}.layout_5606 .usg_post_title_1{margin:1rem!important}<\/style><div class=\"w-grid-list\">\t<article class=\"w-grid-item size_1x1 post-7133 product type-product status-publish has-post-thumbnail product_cat-plantes-grimpantes first instock shipping-taxable product-type-simple\" data-id=\"7133\">\r\n\t\t<div class=\"w-grid-item-h\">\r\n\t\t\t\t\t\t\t<a href=\"https:\/\/lehmann-baumschulen.ch\/fr\/produit\/clematis-integrifolia\/\" class=\"w-grid-item-anchor\" aria-label=\"Clematis integrifolia\"><\/a>\r\n\t\t\t\t\t\t<div class=\"w-post-elm post_image usg_post_image_1 has_ratio\"><img loading=\"lazy\" decoding=\"async\" width=\"2560\" height=\"1700\" src=\"https:\/\/lehmann-baumschulen.ch\/wp-content\/uploads\/2025\/10\/Clematis-integrifolia-scaled.jpg\" class=\"attachment-full size-full wp-post-image\" alt=\"\" \/><div style=\"padding-bottom:75%\"><\/div><\/div><p class=\"w-post-elm post_title usg_post_title_1 woocommerce-loop-product__title color_link_inherit\">Clematis integrifolia<\/p>\t\t<\/div>\r\n\t\t\t<\/article>\r\n\t<article class=\"w-grid-item size_1x1 post-7138 product type-product status-publish has-post-thumbnail product_cat-plantes-grimpantes  instock shipping-taxable product-type-simple\" data-id=\"7138\">\r\n\t\t<div class=\"w-grid-item-h\">\r\n\t\t\t\t\t\t\t<a href=\"https:\/\/lehmann-baumschulen.ch\/fr\/produit\/clematis-multi-blue\/\" class=\"w-grid-item-anchor\" aria-label=\"Clematis Multi Blue\"><\/a>\r\n\t\t\t\t\t\t<div class=\"w-post-elm post_image usg_post_image_1 has_ratio\"><img loading=\"lazy\" decoding=\"async\" width=\"2560\" height=\"1700\" src=\"https:\/\/lehmann-baumschulen.ch\/wp-content\/uploads\/2025\/10\/Clematis-Multi-Blue-2-scaled.jpg\" class=\"attachment-full size-full wp-post-image\" alt=\"\" \/><div style=\"padding-bottom:75%\"><\/div><\/div><p class=\"w-post-elm post_title usg_post_title_1 woocommerce-loop-product__title color_link_inherit\">Clematis Multi Blue<\/p>\t\t<\/div>\r\n\t\t\t<\/article>\r\n\t<article class=\"w-grid-item size_1x1 post-7140 product type-product status-publish has-post-thumbnail product_cat-plantes-grimpantes last instock shipping-taxable product-type-simple\" data-id=\"7140\">\r\n\t\t<div class=\"w-grid-item-h\">\r\n\t\t\t\t\t\t\t<a href=\"https:\/\/lehmann-baumschulen.ch\/fr\/produit\/clematite-aljonushka\/\" class=\"w-grid-item-anchor\" aria-label=\"Cl\u00e9matite Aljonushka\"><\/a>\r\n\t\t\t\t\t\t<div class=\"w-post-elm post_image usg_post_image_1 has_ratio\"><img loading=\"lazy\" decoding=\"async\" width=\"2560\" height=\"1700\" src=\"https:\/\/lehmann-baumschulen.ch\/wp-content\/uploads\/2025\/10\/Clematis-Aljonushka-scaled.jpg\" class=\"attachment-full size-full wp-post-image\" alt=\"\" \/><div style=\"padding-bottom:75%\"><\/div><\/div><p class=\"w-post-elm post_title usg_post_title_1 woocommerce-loop-product__title color_link_inherit\">Cl\u00e9matite Aljonushka<\/p>\t\t<\/div>\r\n\t\t\t<\/article>\r\n\t<article class=\"w-grid-item size_1x1 post-7141 product type-product status-publish has-post-thumbnail product_cat-plantes-grimpantes first instock shipping-taxable product-type-simple\" data-id=\"7141\">\r\n\t\t<div class=\"w-grid-item-h\">\r\n\t\t\t\t\t\t\t<a href=\"https:\/\/lehmann-baumschulen.ch\/fr\/produit\/clematite-james-mason\/\" class=\"w-grid-item-anchor\" aria-label=\"Cl\u00e9matite James Mason\"><\/a>\r\n\t\t\t\t\t\t<div class=\"w-post-elm post_image usg_post_image_1 has_ratio\"><img loading=\"lazy\" decoding=\"async\" width=\"2560\" height=\"1700\" src=\"https:\/\/lehmann-baumschulen.ch\/wp-content\/uploads\/2025\/10\/Clematis-James-Mason-2-scaled.jpg\" class=\"attachment-full size-full wp-post-image\" alt=\"\" \/><div style=\"padding-bottom:75%\"><\/div><\/div><p class=\"w-post-elm post_title usg_post_title_1 woocommerce-loop-product__title color_link_inherit\">Cl\u00e9matite James Mason<\/p>\t\t<\/div>\r\n\t\t\t<\/article>\r\n\t<article class=\"w-grid-item size_1x1 post-7136 product type-product status-publish has-post-thumbnail product_cat-plantes-grimpantes  instock shipping-taxable product-type-simple\" data-id=\"7136\">\r\n\t\t<div class=\"w-grid-item-h\">\r\n\t\t\t\t\t\t\t<a href=\"https:\/\/lehmann-baumschulen.ch\/fr\/produit\/clematite-omoshiro\/\" class=\"w-grid-item-anchor\" aria-label=\"Cl\u00e9matite Omoshiro\"><\/a>\r\n\t\t\t\t\t\t<div class=\"w-post-elm post_image usg_post_image_1 has_ratio\"><img loading=\"lazy\" decoding=\"async\" width=\"2560\" height=\"1700\" src=\"https:\/\/lehmann-baumschulen.ch\/wp-content\/uploads\/2025\/10\/Clematis-Omoshiro-2-scaled.jpg\" class=\"attachment-full size-full wp-post-image\" alt=\"\" \/><div style=\"padding-bottom:75%\"><\/div><\/div><p class=\"w-post-elm post_title usg_post_title_1 woocommerce-loop-product__title color_link_inherit\">Cl\u00e9matite Omoshiro<\/p>\t\t<\/div>\r\n\t\t\t<\/article>\r\n\t<article class=\"w-grid-item size_1x1 post-7134 product type-product status-publish has-post-thumbnail product_cat-plantes-grimpantes last instock shipping-taxable product-type-simple\" data-id=\"7134\">\r\n\t\t<div class=\"w-grid-item-h\">\r\n\t\t\t\t\t\t\t<a href=\"https:\/\/lehmann-baumschulen.ch\/fr\/produit\/clematite-piilu\/\" class=\"w-grid-item-anchor\" aria-label=\"Cl\u00e9matite Piilu\"><\/a>\r\n\t\t\t\t\t\t<div class=\"w-post-elm post_image usg_post_image_1 has_ratio\"><img loading=\"lazy\" decoding=\"async\" width=\"2560\" height=\"1700\" src=\"https:\/\/lehmann-baumschulen.ch\/wp-content\/uploads\/2025\/10\/Clematis-Piilu-scaled.jpg\" class=\"attachment-full size-full wp-post-image\" alt=\"\" \/><div style=\"padding-bottom:75%\"><\/div><\/div><p class=\"w-post-elm post_title usg_post_title_1 woocommerce-loop-product__title color_link_inherit\">Cl\u00e9matite Piilu<\/p>\t\t<\/div>\r\n\t\t\t<\/article>\r\n\t<article class=\"w-grid-item size_1x1 post-7131 product type-product status-publish has-post-thumbnail product_cat-plantes-grimpantes first instock shipping-taxable product-type-simple\" data-id=\"7131\">\r\n\t\t<div class=\"w-grid-item-h\">\r\n\t\t\t\t\t\t\t<a href=\"https:\/\/lehmann-baumschulen.ch\/fr\/produit\/clematite-pink-fantasy\/\" class=\"w-grid-item-anchor\" aria-label=\"Cl\u00e9matite Pink Fantasy\"><\/a>\r\n\t\t\t\t\t\t<div class=\"w-post-elm post_image usg_post_image_1 has_ratio\"><img loading=\"lazy\" decoding=\"async\" width=\"2560\" height=\"1700\" src=\"https:\/\/lehmann-baumschulen.ch\/wp-content\/uploads\/2025\/10\/Clematis-Pink-Fanthasy-scaled.jpg\" class=\"attachment-full size-full wp-post-image\" alt=\"\" \/><div style=\"padding-bottom:75%\"><\/div><\/div><p class=\"w-post-elm post_title usg_post_title_1 woocommerce-loop-product__title color_link_inherit\">Cl\u00e9matite Pink Fantasy<\/p>\t\t<\/div>\r\n\t\t\t<\/article>\r\n\t<article class=\"w-grid-item size_1x1 post-7137 product type-product status-publish has-post-thumbnail product_cat-plantes-grimpantes  instock shipping-taxable product-type-simple\" data-id=\"7137\">\r\n\t\t<div class=\"w-grid-item-h\">\r\n\t\t\t\t\t\t\t<a href=\"https:\/\/lehmann-baumschulen.ch\/fr\/produit\/clematite-the-president\/\" class=\"w-grid-item-anchor\" aria-label=\"Cl\u00e9matite The President\"><\/a>\r\n\t\t\t\t\t\t<div class=\"w-post-elm post_image usg_post_image_1 has_ratio\"><img loading=\"lazy\" decoding=\"async\" width=\"2560\" height=\"1700\" src=\"https:\/\/lehmann-baumschulen.ch\/wp-content\/uploads\/2025\/10\/Clematis-The-President-scaled.jpg\" class=\"attachment-full size-full wp-post-image\" alt=\"\" \/><div style=\"padding-bottom:75%\"><\/div><\/div><p class=\"w-post-elm post_title usg_post_title_1 woocommerce-loop-product__title color_link_inherit\">Cl\u00e9matite The President<\/p>\t\t<\/div>\r\n\t\t\t<\/article>\r\n\t<article class=\"w-grid-item size_1x1 post-7135 product type-product status-publish has-post-thumbnail product_cat-plantes-grimpantes last instock shipping-taxable product-type-simple\" data-id=\"7135\">\r\n\t\t<div class=\"w-grid-item-h\">\r\n\t\t\t\t\t\t\t<a href=\"https:\/\/lehmann-baumschulen.ch\/fr\/produit\/clematite-ville-de-lyon\/\" class=\"w-grid-item-anchor\" aria-label=\"Cl\u00e9matite Ville de Lyon\"><\/a>\r\n\t\t\t\t\t\t<div class=\"w-post-elm post_image usg_post_image_1 has_ratio\"><img loading=\"lazy\" decoding=\"async\" width=\"2560\" height=\"1700\" src=\"https:\/\/lehmann-baumschulen.ch\/wp-content\/uploads\/2025\/10\/Clematis-Ville-de-Lyon-1-scaled.jpg\" class=\"attachment-full size-full wp-post-image\" alt=\"\" \/><div style=\"padding-bottom:75%\"><\/div><\/div><p class=\"w-post-elm post_title usg_post_title_1 woocommerce-loop-product__title color_link_inherit\">Cl\u00e9matite Ville de Lyon<\/p>\t\t<\/div>\r\n\t\t\t<\/article>\r\n<\/div><div class=\"l-popup\">\r\n\t<div class=\"l-popup-overlay\"><\/div>\r\n\t<div class=\"l-popup-wrap\">\r\n\t\t<button class=\"l-popup-closer\" type=\"button\" aria-label=\"Fermer\"><\/button>\r\n\t\t\t\t\t<button class=\"l-popup-arrow to_prev hidden\" type=\"button\" title=\"Pr\u00e9c\u00e9dent\"><\/button>\r\n\t\t\t<button class=\"l-popup-arrow to_next hidden\" type=\"button\" title=\"Suivant\"><\/button>\r\n\t\t\t\t<div class=\"l-popup-box\">\r\n\t\t\t<div class=\"l-popup-box-content\">\r\n\t\t\t\t<div class=\"g-preloader type_1\">\r\n\t\t\t\t\t<div><\/div>\r\n\t\t\t\t<\/div>\r\n\t\t\t\t<iframe class=\"l-popup-box-content-frame\" allowfullscreen><\/iframe>\r\n\t\t\t<\/div>\r\n\t\t<\/div>\r\n\t<\/div>\r\n<\/div>\r\n<div class=\"g-loadmore hidden\"><div class=\"g-preloader type_1\"><div><\/div><\/div><\/div><div class=\"w-grid-list-json hidden\" onclick='return {&quot;max_num_pages&quot;:0,&quot;paginationBase&quot;:&quot;page&quot;,&quot;pagination&quot;:&quot;none&quot;,&quot;paged&quot;:1,&quot;ajaxData&quot;:{&quot;action&quot;:&quot;us_ajax_product_list&quot;,&quot;meta_type&quot;:&quot;post&quot;,&quot;object_id&quot;:0,&quot;template_vars&quot;:{&quot;shortcode_base&quot;:&quot;us_product_list&quot;,&quot;paged&quot;:1,&quot;max_num_pages&quot;:0,&quot;no_results&quot;:false,&quot;is_product_list&quot;:true,&quot;found_posts&quot;:0,&quot;per_page&quot;:999,&quot;items_count&quot;:9,&quot;orderby_random_seed&quot;:null,&quot;source&quot;:&quot;all&quot;,&quot;ids&quot;:&quot;&quot;,&quot;apply_url_params&quot;:0,&quot;onsale_only&quot;:0,&quot;featured_only&quot;:0,&quot;exclude_out_of_stock&quot;:0,&quot;exclude_hidden&quot;:1,&quot;exclude_current_product&quot;:1,&quot;exclude_prev_posts&quot;:0,&quot;enable_items_offset&quot;:0,&quot;items_offset&quot;:&quot;1&quot;,&quot;price_compare&quot;:&quot;none&quot;,&quot;price&quot;:&quot;99.99&quot;,&quot;price_max&quot;:&quot;299.99&quot;,&quot;tax_query_relation&quot;:&quot;AND&quot;,&quot;tax_query&quot;:&quot;%5B%7B%22operator%22%3A%22IN%22%2C%22taxonomy%22%3A%22product_cat%22%2C%22terms%22%3A%2252%22%2C%22include_children%22%3A%220%22%7D%5D&quot;,&quot;meta_query_relation&quot;:&quot;none&quot;,&quot;meta_query&quot;:[{&quot;key&quot;:&quot;custom_field_name&quot;,&quot;compare&quot;:&quot;=&quot;,&quot;value&quot;:&quot;&quot;}],&quot;orderby&quot;:&quot;title&quot;,&quot;orderby_custom_field&quot;:&quot;&quot;,&quot;orderby_recent_sales_days&quot;:&quot;30&quot;,&quot;orderby_custom_type&quot;:0,&quot;order_invert&quot;:0,&quot;show_all&quot;:&quot;1&quot;,&quot;quantity&quot;:&quot;12&quot;,&quot;posts_per_archive_page&quot;:0,&quot;no_items_action&quot;:&quot;message&quot;,&quot;no_items_message&quot;:&quot;Aucun r\\u00e9sultat.&quot;,&quot;no_items_page_block&quot;:&quot;&quot;,&quot;pagination&quot;:&quot;none&quot;,&quot;pagination_style&quot;:&quot;&quot;,&quot;pagination_btn_text&quot;:&quot;Charger plus&quot;,&quot;pagination_btn_size&quot;:&quot;&quot;,&quot;pagination_btn_style&quot;:&quot;1&quot;,&quot;pagination_btn_fullwidth&quot;:0,&quot;items_layout&quot;:&quot;5606&quot;,&quot;type&quot;:&quot;grid&quot;,&quot;items_valign&quot;:0,&quot;ignore_items_size&quot;:0,&quot;columns&quot;:&quot;3&quot;,&quot;items_gap&quot;:&quot;1.5rem&quot;,&quot;load_animation&quot;:&quot;none&quot;,&quot;items_preload_style&quot;:&quot;spinner&quot;,&quot;img_size&quot;:&quot;default&quot;,&quot;title_size&quot;:&quot;&quot;,&quot;items_ratio&quot;:&quot;default&quot;,&quot;items_ratio_width&quot;:&quot;21&quot;,&quot;items_ratio_height&quot;:&quot;9&quot;,&quot;overriding_link&quot;:&quot;%7B%22type%22%3A%22popup_post%22%7D&quot;,&quot;popup_page_template&quot;:&quot;0&quot;,&quot;popup_width&quot;:&quot;&quot;,&quot;popup_arrows&quot;:1,&quot;breakpoint_1_width&quot;:&quot;1381px&quot;,&quot;breakpoint_1_cols&quot;:&quot;default&quot;,&quot;breakpoint_1_quantity&quot;:&quot;&quot;,&quot;breakpoint_1_gap&quot;:&quot;&quot;,&quot;breakpoint_2_width&quot;:&quot;1025px&quot;,&quot;breakpoint_2_cols&quot;:&quot;2&quot;,&quot;breakpoint_2_quantity&quot;:&quot;&quot;,&quot;breakpoint_2_gap&quot;:&quot;&quot;,&quot;breakpoint_3_width&quot;:&quot;769px&quot;,&quot;breakpoint_3_cols&quot;:&quot;1&quot;,&quot;breakpoint_3_quantity&quot;:&quot;&quot;,&quot;breakpoint_3_gap&quot;:&quot;&quot;,&quot;conditions_operator&quot;:&quot;always&quot;,&quot;conditions&quot;:[],&quot;css&quot;:null,&quot;el_class&quot;:&quot;&quot;,&quot;el_id&quot;:&quot;&quot;,&quot;enable_custom_html_atts&quot;:0,&quot;custom_html_atts&quot;:null,&quot;hide_on_states&quot;:&quot;&quot;,&quot;hide_for_sticky&quot;:0,&quot;hide_for_not_sticky&quot;:0,&quot;hide_below&quot;:&quot;0px&quot;,&quot;hide_above&quot;:&quot;0px&quot;,&quot;classes&quot;:&quot;&quot;},&quot;found_posts&quot;:0,&quot;per_page&quot;:999},&quot;facetedFilter&quot;:[]}'><\/div><\/div><\/div><\/div><\/div><\/div><\/section>\n","protected":false},"excerpt":{"rendered":"","protected":false},"author":1,"featured_media":1349,"parent":2854,"menu_order":60,"comment_status":"closed","ping_status":"closed","template":"","meta":{"_acf_changed":false,"footnotes":""},"class_list":["post-2857","page","type-page","status-publish","has-post-thumbnail","hentry"],"acf":[],"_links":{"self":[{"href":"https:\/\/lehmann-baumschulen.ch\/fr\/wp-json\/wp\/v2\/pages\/2857","targetHints":{"allow":["GET"]}}],"collection":[{"href":"https:\/\/lehmann-baumschulen.ch\/fr\/wp-json\/wp\/v2\/pages"}],"about":[{"href":"https:\/\/lehmann-baumschulen.ch\/fr\/wp-json\/wp\/v2\/types\/page"}],"author":[{"embeddable":true,"href":"https:\/\/lehmann-baumschulen.ch\/fr\/wp-json\/wp\/v2\/users\/1"}],"replies":[{"embeddable":true,"href":"https:\/\/lehmann-baumschulen.ch\/fr\/wp-json\/wp\/v2\/comments?post=2857"}],"version-history":[{"count":7,"href":"https:\/\/lehmann-baumschulen.ch\/fr\/wp-json\/wp\/v2\/pages\/2857\/revisions"}],"predecessor-version":[{"id":8143,"href":"https:\/\/lehmann-baumschulen.ch\/fr\/wp-json\/wp\/v2\/pages\/2857\/revisions\/8143"}],"up":[{"embeddable":true,"href":"https:\/\/lehmann-baumschulen.ch\/fr\/wp-json\/wp\/v2\/pages\/2854"}],"wp:featuredmedia":[{"embeddable":true,"href":"https:\/\/lehmann-baumschulen.ch\/fr\/wp-json\/wp\/v2\/media\/1349"}],"wp:attachment":[{"href":"https:\/\/lehmann-baumschulen.ch\/fr\/wp-json\/wp\/v2\/media?parent=2857"}],"curies":[{"name":"wp","href":"https:\/\/api.w.org\/{rel}","templated":true}]}}