{"id":2859,"date":"2024-09-05T09:59:00","date_gmt":"2024-09-05T09:59:00","guid":{"rendered":"https:\/\/www.lehmann-baumschulen.ch\/?page_id=2859"},"modified":"2026-03-25T08:27:26","modified_gmt":"2026-03-25T08:27:26","slug":"plantes-de-marais","status":"publish","type":"page","link":"https:\/\/lehmann-baumschulen.ch\/fr\/plantes\/arbres-et-arbustes\/plantes-de-marais\/","title":{"rendered":"Plantes de marais"},"content":{"rendered":"<section class=\"l-section wpb_row height_medium\"><div class=\"l-section-h i-cf\"><div class=\"g-cols vc_row via_grid cols_1 laptops-cols_inherit tablets-cols_inherit mobiles-cols_1 valign_top type_default stacking_default\"><div class=\"wpb_column vc_column_container\"><div class=\"vc_column-inner\"><div class=\"wpb_text_column\"><div class=\"wpb_wrapper\"><h2>Notre coup de c\u0153ur:<\/h2>\n<h3>For\u00eat de Leuzigen: Plantation de rhododendrons de la p\u00e9pini\u00e8re Lehmann AG<\/h3>\n<p>Depuis 50 ans environ, des rhododendrons et des azal\u00e9es sont plant\u00e9s dans une clairi\u00e8re \u00e0 Leuzigen. Il y a quelques ann\u00e9es, le sol tourbeux servait encore \u00e0 la culture de ces plantes acidophiles. Aujourd\u2019hui, la plantation est g\u00e9r\u00e9e de fa\u00e7on tr\u00e8s extensive et constitue un v\u00e9ritable paradis pour les amateurs de rhododendrons!<\/p>\n<p>L\u2019acc\u00e8s \u00e0 la plantation est libre et possible toute l\u2019ann\u00e9e. La p\u00e9riode principale de floraison s\u2019\u00e9tend de mi-mai \u00e0 d\u00e9but juin.\u00a0<strong>Depuis B\u00fcren, il faut prendre la route \u00e0 droite apr\u00e8s le restaurant R\u00f6ssli. Suivez les panneaux de couleur orange indiquant \"Rhododendrons\/Waldhaus\".<span>\u00a0<\/span><a title=\"Cliquez ici pour voir l'itin\u00e9raire\" href=\"https:\/\/www.google.ch\/maps\/dir\/Dorfstrasse+9,+3297+Leuzigen\/Rhododendron+Garten,+Bibernstrasse,+3297+Leuzigen\/@47.1695514,7.4639784,1715m\/data=!3m2!1e3!4b1!4m14!4m13!1m5!1m1!1s0x478e271a2c9b5559:0x794b950c9ed62aa!2m2!1d7.4606551!2d47.1745212!1m5!1m1!1s0x478e273dae14ee23:0xd88a4c249ef58e72!2m2!1d7.4765936!2d47.1666516!3e2?hl=de\" target=\"_blank\" rel=\"noopener\">Cliquez ici pour voir l'itin\u00e9raire<\/a><\/strong><\/p>\n<p>Les plantes de terre de bruy\u00e8re sont des plantes ligneuses aux ports tr\u00e8s diff\u00e9rents, appartenant essentiellement \u00e0 la famille des \u00e9ricac\u00e9es (Ericaceae). Le rhododendron en est certainement le repr\u00e9sentant le plus populaire. Diverses esp\u00e8ces acidophiles telles que les bruy\u00e8res, les raisins d\u2019ours et les callunes en font aussi partie.<\/p>\n<p>Nous produisons un assortiment particuli\u00e8rement vaste de rhododendrons et d\u2019azal\u00e9es japonaises. \u00c0 grandes fleurs ou \u00e0 petites fleurs, rhododendrons persistants ou azal\u00e9es caduques, vari\u00e9t\u00e9s naines ou \u00e0 croissance vigoureuse, port tapissant ou \u00e9rig\u00e9... l\u2019offre est pl\u00e9thorique! Pour que votre massif de terre de bruy\u00e8re reste attractif pendant toute l\u2019ann\u00e9e, vous pouvez associer aux rhododendrons et consorts des plantes compagnes, telles que les foug\u00e8res, les gramin\u00e9es et les vivaces \u00e0 fleurs (astilbes, gouttes d\u2019or, etc.). Le cornouiller du Canada et la tiarelle sont des couvre-sol id\u00e9als.<\/p>\n<p>Nous pr\u00e9conisons de choisir les rhododendrons et les azal\u00e9es lorsqu\u2019ils sont en fleurs (d\u00e9but \u00e0 mi-mai selon les conditions m\u00e9t\u00e9orologiques).<\/p>\n<p><strong>Rendez-nous visite, nos p\u00e9pini\u00e9ristes vous conseilleront volontiers.<\/strong><\/p>\n<p>Jetez un coup d\u2019\u0153il dans nos <a href=\"https:\/\/www.lehmann-baumschulen.ch\/fr\/plantes\/instructions-de-plantation\/\" target=\"_blank\" rel=\"noopener\">conseils de plantation.<\/a><\/p>\n<\/div><\/div><div class=\"w-separator size_medium\"><\/div><div class=\"w-grid us_grid type_grid layout_938 cols_3 preload_style_spinner\" id=\"us_grid_1\" style=\"--columns:3;--gap:1rem;\" data-filterable=\"true\"><style>@media (max-width:1024px){#us_grid_1{--columns:2!important}}@media (max-width:768px){#us_grid_1{--columns:1!important}}.layout_938 .w-grid-item-h{background:var(--color-alt-content-bg);border-radius:0.5rem;box-shadow:0 0.05rem 0.1rem rgba(0,0,0,0.1),0 0.17rem 0.5rem rgba(0,0,0,0.1);transition-duration:0.3s}.no-touch .layout_938 .w-grid-item-h:hover{box-shadow:0 0.1rem 0.2rem rgba(0,0,0,0.1),0 0.33rem 1rem rgba(0,0,0,0.15);z-index:4}.layout_938 .usg_post_image_1{border-radius:0.5rem!important}<\/style><div class=\"w-grid-list\">\t<article class=\"w-grid-item size_1x1 post-1259 attachment type-attachment status-inherit hentry\" data-id=\"1259\">\r\n\t\t<div class=\"w-grid-item-h\">\r\n\t\t\t\t\t\t\t<a ref=\"magnificPopupGrid\" href=\"https:\/\/lehmann-baumschulen.ch\/wp-content\/uploads\/2024\/09\/DSC_0166_klein.jpg\" class=\"w-grid-item-anchor\" aria-label><\/a>\r\n\t\t\t\t\t\t<div class=\"w-post-elm post_image usg_post_image_1 has_ratio\"><img loading=\"lazy\" decoding=\"async\" width=\"1050\" height=\"697\" src=\"https:\/\/lehmann-baumschulen.ch\/wp-content\/uploads\/2024\/09\/DSC_0166_klein.jpg\" class=\"attachment-full size-full\" alt=\"\" \/><div style=\"padding-bottom:75%\"><\/div><\/div>\t\t<\/div>\r\n\t\t\t<\/article>\r\n\t<article class=\"w-grid-item size_1x1 post-3086 attachment type-attachment status-inherit hentry\" data-id=\"3086\">\r\n\t\t<div class=\"w-grid-item-h\">\r\n\t\t\t\t\t\t\t<a ref=\"magnificPopupGrid\" href=\"https:\/\/lehmann-baumschulen.ch\/wp-content\/uploads\/2025\/05\/Rhododendronweg.jpg\" class=\"w-grid-item-anchor\" aria-label><\/a>\r\n\t\t\t\t\t\t<div class=\"w-post-elm post_image usg_post_image_1 has_ratio\"><img loading=\"lazy\" decoding=\"async\" width=\"427\" height=\"640\" src=\"https:\/\/lehmann-baumschulen.ch\/wp-content\/uploads\/2025\/05\/Rhododendronweg.jpg\" class=\"attachment-full size-full\" alt=\"\" \/><div style=\"padding-bottom:75%\"><\/div><\/div>\t\t<\/div>\r\n\t\t\t<\/article>\r\n\t<article class=\"w-grid-item size_1x1 post-1261 attachment type-attachment status-inherit hentry\" data-id=\"1261\">\r\n\t\t<div class=\"w-grid-item-h\">\r\n\t\t\t\t\t\t\t<a ref=\"magnificPopupGrid\" href=\"https:\/\/lehmann-baumschulen.ch\/wp-content\/uploads\/2024\/09\/DSC_0171_klein.jpg\" class=\"w-grid-item-anchor\" aria-label><\/a>\r\n\t\t\t\t\t\t<div class=\"w-post-elm post_image usg_post_image_1 has_ratio\"><img loading=\"lazy\" decoding=\"async\" width=\"1050\" height=\"697\" src=\"https:\/\/lehmann-baumschulen.ch\/wp-content\/uploads\/2024\/09\/DSC_0171_klein.jpg\" class=\"attachment-full size-full\" alt=\"\" \/><div style=\"padding-bottom:75%\"><\/div><\/div>\t\t<\/div>\r\n\t\t\t<\/article>\r\n\t<article class=\"w-grid-item size_1x1 post-3088 attachment type-attachment status-inherit hentry\" data-id=\"3088\">\r\n\t\t<div class=\"w-grid-item-h\">\r\n\t\t\t\t\t\t\t<a ref=\"magnificPopupGrid\" href=\"https:\/\/lehmann-baumschulen.ch\/wp-content\/uploads\/2025\/05\/IMG_2404-scaled.jpg\" class=\"w-grid-item-anchor\" aria-label><\/a>\r\n\t\t\t\t\t\t<div class=\"w-post-elm post_image usg_post_image_1 has_ratio\"><img loading=\"lazy\" decoding=\"async\" width=\"2560\" height=\"1920\" src=\"https:\/\/lehmann-baumschulen.ch\/wp-content\/uploads\/2025\/05\/IMG_2404-scaled.jpg\" class=\"attachment-full size-full\" alt=\"\" \/><div style=\"padding-bottom:75%\"><\/div><\/div>\t\t<\/div>\r\n\t\t\t<\/article>\r\n\t<article class=\"w-grid-item size_1x1 post-1263 attachment type-attachment status-inherit hentry\" data-id=\"1263\">\r\n\t\t<div class=\"w-grid-item-h\">\r\n\t\t\t\t\t\t\t<a ref=\"magnificPopupGrid\" href=\"https:\/\/lehmann-baumschulen.ch\/wp-content\/uploads\/2024\/09\/DSC_0175.jpg\" class=\"w-grid-item-anchor\" aria-label><\/a>\r\n\t\t\t\t\t\t<div class=\"w-post-elm post_image usg_post_image_1 has_ratio\"><img loading=\"lazy\" decoding=\"async\" width=\"1355\" height=\"899\" src=\"https:\/\/lehmann-baumschulen.ch\/wp-content\/uploads\/2024\/09\/DSC_0175.jpg\" class=\"attachment-full size-full\" alt=\"\" \/><div style=\"padding-bottom:75%\"><\/div><\/div>\t\t<\/div>\r\n\t\t\t<\/article>\r\n\t<article class=\"w-grid-item size_1x1 post-1265 attachment type-attachment status-inherit hentry\" data-id=\"1265\">\r\n\t\t<div class=\"w-grid-item-h\">\r\n\t\t\t\t\t\t\t<a ref=\"magnificPopupGrid\" href=\"https:\/\/lehmann-baumschulen.ch\/wp-content\/uploads\/2024\/09\/DSC_0179_klein.jpg\" class=\"w-grid-item-anchor\" aria-label><\/a>\r\n\t\t\t\t\t\t<div class=\"w-post-elm post_image usg_post_image_1 has_ratio\"><img loading=\"lazy\" decoding=\"async\" width=\"1050\" height=\"697\" src=\"https:\/\/lehmann-baumschulen.ch\/wp-content\/uploads\/2024\/09\/DSC_0179_klein.jpg\" class=\"attachment-full size-full\" alt=\"\" \/><div style=\"padding-bottom:75%\"><\/div><\/div>\t\t<\/div>\r\n\t\t\t<\/article>\r\n\t<article class=\"w-grid-item size_1x1 post-1267 attachment type-attachment status-inherit hentry\" data-id=\"1267\">\r\n\t\t<div class=\"w-grid-item-h\">\r\n\t\t\t\t\t\t\t<a ref=\"magnificPopupGrid\" href=\"https:\/\/lehmann-baumschulen.ch\/wp-content\/uploads\/2024\/09\/DSC_0184_klein.jpg\" class=\"w-grid-item-anchor\" aria-label><\/a>\r\n\t\t\t\t\t\t<div class=\"w-post-elm post_image usg_post_image_1 has_ratio\"><img loading=\"lazy\" decoding=\"async\" width=\"1050\" height=\"697\" src=\"https:\/\/lehmann-baumschulen.ch\/wp-content\/uploads\/2024\/09\/DSC_0184_klein.jpg\" class=\"attachment-full size-full\" alt=\"\" \/><div style=\"padding-bottom:75%\"><\/div><\/div>\t\t<\/div>\r\n\t\t\t<\/article>\r\n\t<article class=\"w-grid-item size_1x1 post-1269 attachment type-attachment status-inherit hentry\" data-id=\"1269\">\r\n\t\t<div class=\"w-grid-item-h\">\r\n\t\t\t\t\t\t\t<a ref=\"magnificPopupGrid\" href=\"https:\/\/lehmann-baumschulen.ch\/wp-content\/uploads\/2024\/09\/DSC_0188_klein.jpg\" class=\"w-grid-item-anchor\" aria-label><\/a>\r\n\t\t\t\t\t\t<div class=\"w-post-elm post_image usg_post_image_1 has_ratio\"><img loading=\"lazy\" decoding=\"async\" width=\"1050\" height=\"697\" src=\"https:\/\/lehmann-baumschulen.ch\/wp-content\/uploads\/2024\/09\/DSC_0188_klein.jpg\" class=\"attachment-full size-full\" alt=\"\" \/><div style=\"padding-bottom:75%\"><\/div><\/div>\t\t<\/div>\r\n\t\t\t<\/article>\r\n\t<article class=\"w-grid-item size_1x1 post-1271 attachment type-attachment status-inherit hentry\" data-id=\"1271\">\r\n\t\t<div class=\"w-grid-item-h\">\r\n\t\t\t\t\t\t\t<a ref=\"magnificPopupGrid\" href=\"https:\/\/lehmann-baumschulen.ch\/wp-content\/uploads\/2024\/09\/DSC_0199.jpg\" class=\"w-grid-item-anchor\" aria-label><\/a>\r\n\t\t\t\t\t\t<div class=\"w-post-elm post_image usg_post_image_1 has_ratio\"><img loading=\"lazy\" decoding=\"async\" width=\"1355\" height=\"899\" src=\"https:\/\/lehmann-baumschulen.ch\/wp-content\/uploads\/2024\/09\/DSC_0199.jpg\" class=\"attachment-full size-full\" alt=\"\" \/><div style=\"padding-bottom:75%\"><\/div><\/div>\t\t<\/div>\r\n\t\t\t<\/article>\r\n\t<article class=\"w-grid-item size_1x1 post-1273 attachment type-attachment status-inherit hentry\" data-id=\"1273\">\r\n\t\t<div class=\"w-grid-item-h\">\r\n\t\t\t\t\t\t\t<a ref=\"magnificPopupGrid\" href=\"https:\/\/lehmann-baumschulen.ch\/wp-content\/uploads\/2024\/09\/DSC_0201_klein.jpg\" class=\"w-grid-item-anchor\" aria-label><\/a>\r\n\t\t\t\t\t\t<div class=\"w-post-elm post_image usg_post_image_1 has_ratio\"><img loading=\"lazy\" decoding=\"async\" width=\"1050\" height=\"697\" src=\"https:\/\/lehmann-baumschulen.ch\/wp-content\/uploads\/2024\/09\/DSC_0201_klein.jpg\" class=\"attachment-full size-full\" alt=\"\" \/><div style=\"padding-bottom:75%\"><\/div><\/div>\t\t<\/div>\r\n\t\t\t<\/article>\r\n\t<article class=\"w-grid-item size_1x1 post-1275 attachment type-attachment status-inherit hentry\" data-id=\"1275\">\r\n\t\t<div class=\"w-grid-item-h\">\r\n\t\t\t\t\t\t\t<a ref=\"magnificPopupGrid\" href=\"https:\/\/lehmann-baumschulen.ch\/wp-content\/uploads\/2024\/09\/DSC_0208_klein.jpg\" class=\"w-grid-item-anchor\" aria-label><\/a>\r\n\t\t\t\t\t\t<div class=\"w-post-elm post_image usg_post_image_1 has_ratio\"><img loading=\"lazy\" decoding=\"async\" width=\"1050\" height=\"697\" src=\"https:\/\/lehmann-baumschulen.ch\/wp-content\/uploads\/2024\/09\/DSC_0208_klein.jpg\" class=\"attachment-full size-full\" alt=\"\" \/><div style=\"padding-bottom:75%\"><\/div><\/div>\t\t<\/div>\r\n\t\t\t<\/article>\r\n\t<article class=\"w-grid-item size_1x1 post-1282 attachment type-attachment status-inherit hentry\" data-id=\"1282\">\r\n\t\t<div class=\"w-grid-item-h\">\r\n\t\t\t\t\t\t\t<a ref=\"magnificPopupGrid\" href=\"https:\/\/lehmann-baumschulen.ch\/wp-content\/uploads\/2024\/09\/DSC_0181_klein.jpg\" class=\"w-grid-item-anchor\" aria-label><\/a>\r\n\t\t\t\t\t\t<div class=\"w-post-elm post_image usg_post_image_1 has_ratio\"><img loading=\"lazy\" decoding=\"async\" width=\"531\" height=\"800\" src=\"https:\/\/lehmann-baumschulen.ch\/wp-content\/uploads\/2024\/09\/DSC_0181_klein.jpg\" class=\"attachment-full size-full\" alt=\"\" \/><div style=\"padding-bottom:75%\"><\/div><\/div>\t\t<\/div>\r\n\t\t\t<\/article>\r\n\t<article class=\"w-grid-item size_1x1 post-1286 attachment type-attachment status-inherit hentry\" data-id=\"1286\">\r\n\t\t<div class=\"w-grid-item-h\">\r\n\t\t\t\t\t\t\t<a ref=\"magnificPopupGrid\" href=\"https:\/\/lehmann-baumschulen.ch\/wp-content\/uploads\/2024\/09\/DSC_0160_klein.jpg\" class=\"w-grid-item-anchor\" aria-label><\/a>\r\n\t\t\t\t\t\t<div class=\"w-post-elm post_image usg_post_image_1 has_ratio\"><img loading=\"lazy\" decoding=\"async\" width=\"531\" height=\"800\" src=\"https:\/\/lehmann-baumschulen.ch\/wp-content\/uploads\/2024\/09\/DSC_0160_klein.jpg\" class=\"attachment-full size-full\" alt=\"\" \/><div style=\"padding-bottom:75%\"><\/div><\/div>\t\t<\/div>\r\n\t\t\t<\/article>\r\n\t<article class=\"w-grid-item size_1x1 post-3084 attachment type-attachment status-inherit hentry\" data-id=\"3084\">\r\n\t\t<div class=\"w-grid-item-h\">\r\n\t\t\t\t\t\t\t<a ref=\"magnificPopupGrid\" href=\"https:\/\/lehmann-baumschulen.ch\/wp-content\/uploads\/2025\/05\/IMG_2401-scaled.jpg\" class=\"w-grid-item-anchor\" aria-label><\/a>\r\n\t\t\t\t\t\t<div class=\"w-post-elm post_image usg_post_image_1 has_ratio\"><img loading=\"lazy\" decoding=\"async\" width=\"2560\" height=\"1920\" src=\"https:\/\/lehmann-baumschulen.ch\/wp-content\/uploads\/2025\/05\/IMG_2401-scaled.jpg\" class=\"attachment-full size-full\" alt=\"\" \/><div style=\"padding-bottom:75%\"><\/div><\/div>\t\t<\/div>\r\n\t\t\t<\/article>\r\n\t<article class=\"w-grid-item size_1x1 post-3093 attachment type-attachment status-inherit hentry\" data-id=\"3093\">\r\n\t\t<div class=\"w-grid-item-h\">\r\n\t\t\t\t\t\t\t<a ref=\"magnificPopupGrid\" href=\"https:\/\/lehmann-baumschulen.ch\/wp-content\/uploads\/2025\/05\/DSC_1180-scaled.jpg\" class=\"w-grid-item-anchor\" aria-label><\/a>\r\n\t\t\t\t\t\t<div class=\"w-post-elm post_image usg_post_image_1 has_ratio\"><img loading=\"lazy\" decoding=\"async\" width=\"2560\" height=\"1700\" src=\"https:\/\/lehmann-baumschulen.ch\/wp-content\/uploads\/2025\/05\/DSC_1180-scaled.jpg\" class=\"attachment-full size-full\" alt=\"\" \/><div style=\"padding-bottom:75%\"><\/div><\/div>\t\t<\/div>\r\n\t\t\t<\/article>\r\n<\/div>\t<div class=\"w-grid-preloader\">\r\n\t\t<div class=\"g-preloader type_1\">\r\n\t\t\t<div><\/div>\r\n\t\t<\/div>\r\n\t<\/div>\r\n\t\t<div class=\"w-grid-json hidden\" onclick='return {&quot;action&quot;:&quot;us_ajax_grid&quot;,&quot;infinite_scroll&quot;:0,&quot;max_num_pages&quot;:1,&quot;pagination&quot;:&quot;none&quot;,&quot;template_vars&quot;:{&quot;columns&quot;:&quot;3&quot;,&quot;exclude_items&quot;:&quot;none&quot;,&quot;img_size&quot;:&quot;default&quot;,&quot;ignore_items_size&quot;:0,&quot;items_layout&quot;:&quot;938&quot;,&quot;items_offset&quot;:&quot;1&quot;,&quot;load_animation&quot;:&quot;none&quot;,&quot;overriding_link&quot;:&quot;%7B%22type%22%3A%22popup_image%22%7D&quot;,&quot;post_id&quot;:0,&quot;query_args&quot;:{&quot;post_type&quot;:[&quot;attachment&quot;],&quot;post__in&quot;:[&quot;1258&quot;,&quot;3086&quot;,&quot;1260&quot;,&quot;3088&quot;,&quot;1262&quot;,&quot;1264&quot;,&quot;1266&quot;,&quot;1268&quot;,&quot;1270&quot;,&quot;1272&quot;,&quot;1274&quot;,&quot;1281&quot;,&quot;1285&quot;,&quot;3084&quot;,&quot;3093&quot;],&quot;post_status&quot;:&quot;inherit&quot;,&quot;post_mime_type&quot;:&quot;image&quot;,&quot;posts_per_page&quot;:999},&quot;orderby_query_args&quot;:{&quot;orderby&quot;:{&quot;post__in&quot;:&quot;ASC&quot;},&quot;order&quot;:&quot;ASC&quot;},&quot;type&quot;:&quot;grid&quot;,&quot;us_grid_post_type&quot;:&quot;attachment&quot;,&quot;us_grid_ajax_index&quot;:1,&quot;us_grid_filter_query_string&quot;:null,&quot;us_grid_index&quot;:1,&quot;page_args&quot;:[],&quot;lang&quot;:&quot;fr&quot;}}'><\/div>\r\n\t<\/div><\/div><\/div><\/div><\/div><\/section>\n","protected":false},"excerpt":{"rendered":"","protected":false},"author":1,"featured_media":6647,"parent":2854,"menu_order":50,"comment_status":"closed","ping_status":"closed","template":"","meta":{"_acf_changed":false,"footnotes":""},"class_list":["post-2859","page","type-page","status-publish","has-post-thumbnail","hentry"],"acf":[],"_links":{"self":[{"href":"https:\/\/lehmann-baumschulen.ch\/fr\/wp-json\/wp\/v2\/pages\/2859","targetHints":{"allow":["GET"]}}],"collection":[{"href":"https:\/\/lehmann-baumschulen.ch\/fr\/wp-json\/wp\/v2\/pages"}],"about":[{"href":"https:\/\/lehmann-baumschulen.ch\/fr\/wp-json\/wp\/v2\/types\/page"}],"author":[{"embeddable":true,"href":"https:\/\/lehmann-baumschulen.ch\/fr\/wp-json\/wp\/v2\/users\/1"}],"replies":[{"embeddable":true,"href":"https:\/\/lehmann-baumschulen.ch\/fr\/wp-json\/wp\/v2\/comments?post=2859"}],"version-history":[{"count":8,"href":"https:\/\/lehmann-baumschulen.ch\/fr\/wp-json\/wp\/v2\/pages\/2859\/revisions"}],"predecessor-version":[{"id":8142,"href":"https:\/\/lehmann-baumschulen.ch\/fr\/wp-json\/wp\/v2\/pages\/2859\/revisions\/8142"}],"up":[{"embeddable":true,"href":"https:\/\/lehmann-baumschulen.ch\/fr\/wp-json\/wp\/v2\/pages\/2854"}],"wp:featuredmedia":[{"embeddable":true,"href":"https:\/\/lehmann-baumschulen.ch\/fr\/wp-json\/wp\/v2\/media\/6647"}],"wp:attachment":[{"href":"https:\/\/lehmann-baumschulen.ch\/fr\/wp-json\/wp\/v2\/media?parent=2859"}],"curies":[{"name":"wp","href":"https:\/\/api.w.org\/{rel}","templated":true}]}}