{"id":2860,"date":"2024-09-05T09:56:16","date_gmt":"2024-09-05T09:56:16","guid":{"rendered":"https:\/\/www.lehmann-baumschulen.ch\/?page_id=2860"},"modified":"2026-03-17T09:34:33","modified_gmt":"2026-03-17T09:34:33","slug":"coniferes","status":"publish","type":"page","link":"https:\/\/lehmann-baumschulen.ch\/fr\/plantes\/arbres-et-arbustes\/coniferes\/","title":{"rendered":"Conif\u00e8res"},"content":{"rendered":"<section class=\"l-section wpb_row height_medium\"><div class=\"l-section-h i-cf\"><div class=\"g-cols vc_row via_grid cols_1 laptops-cols_inherit tablets-cols_inherit mobiles-cols_1 valign_top type_default stacking_default\"><div class=\"wpb_column vc_column_container\"><div class=\"vc_column-inner\"><div class=\"wpb_text_column\"><div class=\"wpb_wrapper\"><p>Que ce soit comme plante d\u00e9corative isol\u00e9e, en pot ou en haie ; en plein soleil au c\u0153ur d'une rocaille ou \u00e0 l'ombre en association avec des plantes vivaces, les conif\u00e8res peuvent \u00eatre utilis\u00e9s de mani\u00e8re optimale partout.<br \/>\nLeur assortiment est vaste, leurs formes de croissance sont aussi diverses que leurs utilisations. Ils sont donc devenus incontournables dans nos jardins. Ils sont \u00e9galement parfaits comme brise-vue, remplissant leur fonction m\u00eame en hiver.<\/p>\n<p>Notre assortiment de conif\u00e8res contient de nombreuses sp\u00e9cialit\u00e9s, y compris des formes naines ou miniatures rares. Celles-ci peuvent \u00eatre utilis\u00e9es de mani\u00e8re optimale, notamment dans les rocailles, les petits jardins, les jardini\u00e8res ou comme plantes de cimeti\u00e8re.<br \/>\nIl existe \u00e9galement des conif\u00e8res qui perdent leurs aiguilles en hiver, comme les m\u00e9l\u00e8zes, les cypr\u00e8s chauves, le s\u00e9quoia de l'aube ou encore les ginkgos (Ginkgo biloba), qui, malgr\u00e9 leurs feuilles, appartiennent aux conif\u00e8res.<\/p>\n<p>Vous le voyez, que ce soit \u00e0 l'ombre ou en plein soleil, d'un demi-m\u00e8tre de haut ou de plus de trente m\u00e8tres, pour un pot ou pour une tourbi\u00e8re, il y a un conif\u00e8re adapt\u00e9 \u00e0 chaque occasion.<\/p>\n<p><strong>Venez nous rendre visite et profitez des conseils comp\u00e9tents de nos p\u00e9pini\u00e9ristes !<\/strong><\/p>\n<p>Consultez nos <a href=\"https:\/\/www.lehmann-baumschulen.ch\/fr\/plantes\/conseils-de-plantation\/\">instructions de plantation<\/a>.<\/p>\n<\/div><\/div><div class=\"w-separator size_medium\"><\/div><div class=\"w-grid us_product_list type_grid layout_5606 cols_3 preload_style_spinner open_items_in_popup\" id=\"us_product_list_ndf1\" style=\"--columns:3;--gap:1.5rem;\"><style>@media (max-width:1024px){#us_product_list_ndf1{--columns:2!important}}@media (max-width:768px){#us_product_list_ndf1{--columns:1!important}}.layout_5606 .w-grid-item-h{background:var(--color-alt-content-bg);border-radius:0.5rem;box-shadow:0 0.05rem 0.1rem rgba(0,0,0,0.1),0 0.17rem 0.5rem rgba(0,0,0,0.1);transition-duration:0.3s}.no-touch .layout_5606 .w-grid-item-h:hover{box-shadow:0 0.1rem 0.2rem rgba(0,0,0,0.1),0 0.33rem 1rem rgba(0,0,0,0.15);z-index:4}.layout_5606 .usg_post_image_1{border-radius:0.5rem 0.5rem 0 0!important}.layout_5606 .usg_post_title_1{margin:1rem!important}<\/style><div class=\"w-grid-list\">\t<article class=\"w-grid-item size_1x1 post-7373 product type-product status-publish has-post-thumbnail product_cat-arbuste product_cat-coniferes first instock shipping-taxable product-type-grouped\" data-id=\"7373\">\r\n\t\t<div class=\"w-grid-item-h\">\r\n\t\t\t\t\t\t\t<a href=\"https:\/\/lehmann-baumschulen.ch\/fr\/produit\/cedrus-libani-glauca-pendula\/\" class=\"w-grid-item-anchor\" aria-label=\"Cedrus libani &#039;Glauca Pendula&#039;\"><\/a>\r\n\t\t\t\t\t\t<div class=\"w-post-elm post_image usg_post_image_1 has_ratio\"><img loading=\"lazy\" decoding=\"async\" width=\"1920\" height=\"1275\" src=\"https:\/\/lehmann-baumschulen.ch\/wp-content\/uploads\/2024\/06\/Cedrus-libani-Glauca-Pendula-Nadine-Haudenschild.jpg\" class=\"attachment-full size-full wp-post-image\" alt=\"\" \/><div style=\"padding-bottom:75%\"><\/div><\/div><p class=\"w-post-elm post_title usg_post_title_1 woocommerce-loop-product__title color_link_inherit\">Cedrus libani 'Glauca Pendula'<\/p>\t\t<\/div>\r\n\t\t\t<\/article>\r\n\t<article class=\"w-grid-item size_1x1 post-8199 product type-product status-publish has-post-thumbnail product_cat-coniferes  instock shipping-taxable product-type-simple\" data-id=\"8199\">\r\n\t\t<div class=\"w-grid-item-h\">\r\n\t\t\t\t\t\t\t<a href=\"https:\/\/lehmann-baumschulen.ch\/fr\/produit\/picea-pungens-edith\/\" class=\"w-grid-item-anchor\" aria-label=\"Picea pungens &#039;Edith&#039;\"><\/a>\r\n\t\t\t\t\t\t<div class=\"w-post-elm post_image usg_post_image_1 has_ratio\"><img loading=\"lazy\" decoding=\"async\" width=\"4288\" height=\"2848\" src=\"https:\/\/lehmann-baumschulen.ch\/wp-content\/uploads\/2026\/04\/Picea-pungens-Edith.jpg\" class=\"attachment-full size-full wp-post-image\" alt=\"\" \/><div style=\"padding-bottom:75%\"><\/div><\/div><p class=\"w-post-elm post_title usg_post_title_1 woocommerce-loop-product__title color_link_inherit\">Picea pungens 'Edith'<\/p>\t\t<\/div>\r\n\t\t\t<\/article>\r\n\t<article class=\"w-grid-item size_1x1 post-8200 product type-product status-publish has-post-thumbnail product_cat-coniferes last instock shipping-taxable product-type-simple\" data-id=\"8200\">\r\n\t\t<div class=\"w-grid-item-h\">\r\n\t\t\t\t\t\t\t<a href=\"https:\/\/lehmann-baumschulen.ch\/fr\/produit\/pinus-sylvestris-watereri\/\" class=\"w-grid-item-anchor\" aria-label=\"Pinus sylvestris &#039;Watereri&#039;\"><\/a>\r\n\t\t\t\t\t\t<div class=\"w-post-elm post_image usg_post_image_1 has_ratio\"><img loading=\"lazy\" decoding=\"async\" width=\"4288\" height=\"2848\" src=\"https:\/\/lehmann-baumschulen.ch\/wp-content\/uploads\/2026\/04\/Pinus-sylvestris-Watereri.jpg\" class=\"attachment-full size-full wp-post-image\" alt=\"\" \/><div style=\"padding-bottom:75%\"><\/div><\/div><p class=\"w-post-elm post_title usg_post_title_1 woocommerce-loop-product__title color_link_inherit\">Pinus sylvestris 'Watereri'<\/p>\t\t<\/div>\r\n\t\t\t<\/article>\r\n\t<article class=\"w-grid-item size_1x1 post-7343 product type-product status-publish has-post-thumbnail product_cat-arbuste product_cat-coniferes product_cat-plantes-de-haie first instock shipping-taxable product-type-grouped\" data-id=\"7343\">\r\n\t\t<div class=\"w-grid-item-h\">\r\n\t\t\t\t\t\t\t<a href=\"https:\/\/lehmann-baumschulen.ch\/fr\/produit\/taxus-baccata\/\" class=\"w-grid-item-anchor\" aria-label=\"Taxus baccata\"><\/a>\r\n\t\t\t\t\t\t<div class=\"w-post-elm post_image usg_post_image_1 has_ratio\"><img loading=\"lazy\" decoding=\"async\" width=\"1050\" height=\"698\" src=\"https:\/\/lehmann-baumschulen.ch\/wp-content\/uploads\/2024\/09\/Taxus-baccata.jpg\" class=\"attachment-full size-full wp-post-image\" alt=\"\" \/><div style=\"padding-bottom:75%\"><\/div><\/div><p class=\"w-post-elm post_title usg_post_title_1 woocommerce-loop-product__title color_link_inherit\">Taxus baccata<\/p>\t\t<\/div>\r\n\t\t\t<\/article>\r\n<\/div><div class=\"l-popup\">\r\n\t<div class=\"l-popup-overlay\"><\/div>\r\n\t<div class=\"l-popup-wrap\">\r\n\t\t<button class=\"l-popup-closer\" type=\"button\" aria-label=\"Fermer\"><\/button>\r\n\t\t\t\t\t<button class=\"l-popup-arrow to_prev hidden\" type=\"button\" title=\"Pr\u00e9c\u00e9dent\"><\/button>\r\n\t\t\t<button class=\"l-popup-arrow to_next hidden\" type=\"button\" title=\"Suivant\"><\/button>\r\n\t\t\t\t<div class=\"l-popup-box\">\r\n\t\t\t<div class=\"l-popup-box-content\">\r\n\t\t\t\t<div class=\"g-preloader type_1\">\r\n\t\t\t\t\t<div><\/div>\r\n\t\t\t\t<\/div>\r\n\t\t\t\t<iframe class=\"l-popup-box-content-frame\" allowfullscreen><\/iframe>\r\n\t\t\t<\/div>\r\n\t\t<\/div>\r\n\t<\/div>\r\n<\/div>\r\n<div class=\"g-loadmore hidden\"><div class=\"g-preloader type_1\"><div><\/div><\/div><\/div><div class=\"w-grid-list-json hidden\" onclick='return {&quot;max_num_pages&quot;:0,&quot;paginationBase&quot;:&quot;page&quot;,&quot;pagination&quot;:&quot;none&quot;,&quot;paged&quot;:1,&quot;ajaxData&quot;:{&quot;action&quot;:&quot;us_ajax_product_list&quot;,&quot;meta_type&quot;:&quot;post&quot;,&quot;object_id&quot;:0,&quot;template_vars&quot;:{&quot;shortcode_base&quot;:&quot;us_product_list&quot;,&quot;paged&quot;:1,&quot;max_num_pages&quot;:0,&quot;no_results&quot;:false,&quot;is_product_list&quot;:true,&quot;found_posts&quot;:0,&quot;per_page&quot;:999,&quot;items_count&quot;:4,&quot;orderby_random_seed&quot;:null,&quot;source&quot;:&quot;all&quot;,&quot;ids&quot;:&quot;&quot;,&quot;apply_url_params&quot;:0,&quot;onsale_only&quot;:0,&quot;featured_only&quot;:0,&quot;exclude_out_of_stock&quot;:0,&quot;exclude_hidden&quot;:1,&quot;exclude_current_product&quot;:1,&quot;exclude_prev_posts&quot;:0,&quot;enable_items_offset&quot;:0,&quot;items_offset&quot;:&quot;1&quot;,&quot;price_compare&quot;:&quot;none&quot;,&quot;price&quot;:&quot;99.99&quot;,&quot;price_max&quot;:&quot;299.99&quot;,&quot;tax_query_relation&quot;:&quot;AND&quot;,&quot;tax_query&quot;:&quot;%5B%7B%22operator%22%3A%22IN%22%2C%22taxonomy%22%3A%22product_cat%22%2C%22terms%22%3A%2248%22%2C%22include_children%22%3A%220%22%7D%5D&quot;,&quot;meta_query_relation&quot;:&quot;none&quot;,&quot;meta_query&quot;:[{&quot;key&quot;:&quot;custom_field_name&quot;,&quot;compare&quot;:&quot;=&quot;,&quot;value&quot;:&quot;&quot;}],&quot;orderby&quot;:&quot;title&quot;,&quot;orderby_custom_field&quot;:&quot;&quot;,&quot;orderby_recent_sales_days&quot;:&quot;30&quot;,&quot;orderby_custom_type&quot;:0,&quot;order_invert&quot;:0,&quot;show_all&quot;:&quot;1&quot;,&quot;quantity&quot;:&quot;12&quot;,&quot;posts_per_archive_page&quot;:0,&quot;no_items_action&quot;:&quot;message&quot;,&quot;no_items_message&quot;:&quot;Aucun r\\u00e9sultat.&quot;,&quot;no_items_page_block&quot;:&quot;&quot;,&quot;pagination&quot;:&quot;none&quot;,&quot;pagination_style&quot;:&quot;&quot;,&quot;pagination_btn_text&quot;:&quot;Charger plus&quot;,&quot;pagination_btn_size&quot;:&quot;&quot;,&quot;pagination_btn_style&quot;:&quot;1&quot;,&quot;pagination_btn_fullwidth&quot;:0,&quot;items_layout&quot;:&quot;5606&quot;,&quot;type&quot;:&quot;grid&quot;,&quot;items_valign&quot;:0,&quot;ignore_items_size&quot;:0,&quot;columns&quot;:&quot;3&quot;,&quot;items_gap&quot;:&quot;1.5rem&quot;,&quot;load_animation&quot;:&quot;none&quot;,&quot;items_preload_style&quot;:&quot;spinner&quot;,&quot;img_size&quot;:&quot;default&quot;,&quot;title_size&quot;:&quot;&quot;,&quot;items_ratio&quot;:&quot;default&quot;,&quot;items_ratio_width&quot;:&quot;21&quot;,&quot;items_ratio_height&quot;:&quot;9&quot;,&quot;overriding_link&quot;:&quot;%7B%22type%22%3A%22popup_post%22%7D&quot;,&quot;popup_page_template&quot;:&quot;0&quot;,&quot;popup_width&quot;:&quot;&quot;,&quot;popup_arrows&quot;:1,&quot;breakpoint_1_width&quot;:&quot;1381px&quot;,&quot;breakpoint_1_cols&quot;:&quot;default&quot;,&quot;breakpoint_1_quantity&quot;:&quot;&quot;,&quot;breakpoint_1_gap&quot;:&quot;&quot;,&quot;breakpoint_2_width&quot;:&quot;1025px&quot;,&quot;breakpoint_2_cols&quot;:&quot;2&quot;,&quot;breakpoint_2_quantity&quot;:&quot;&quot;,&quot;breakpoint_2_gap&quot;:&quot;&quot;,&quot;breakpoint_3_width&quot;:&quot;769px&quot;,&quot;breakpoint_3_cols&quot;:&quot;1&quot;,&quot;breakpoint_3_quantity&quot;:&quot;&quot;,&quot;breakpoint_3_gap&quot;:&quot;&quot;,&quot;conditions_operator&quot;:&quot;always&quot;,&quot;conditions&quot;:[],&quot;css&quot;:null,&quot;el_class&quot;:&quot;&quot;,&quot;el_id&quot;:&quot;&quot;,&quot;enable_custom_html_atts&quot;:0,&quot;custom_html_atts&quot;:null,&quot;hide_on_states&quot;:&quot;&quot;,&quot;hide_for_sticky&quot;:0,&quot;hide_for_not_sticky&quot;:0,&quot;hide_below&quot;:&quot;0px&quot;,&quot;hide_above&quot;:&quot;0px&quot;,&quot;classes&quot;:&quot;&quot;},&quot;found_posts&quot;:0,&quot;per_page&quot;:999},&quot;facetedFilter&quot;:[]}'><\/div><\/div><\/div><\/div><\/div><\/div><\/section>\n","protected":false},"excerpt":{"rendered":"","protected":false},"author":1,"featured_media":2660,"parent":2854,"menu_order":20,"comment_status":"closed","ping_status":"closed","template":"","meta":{"_acf_changed":false,"footnotes":""},"class_list":["post-2860","page","type-page","status-publish","has-post-thumbnail","hentry"],"acf":[],"_links":{"self":[{"href":"https:\/\/lehmann-baumschulen.ch\/fr\/wp-json\/wp\/v2\/pages\/2860","targetHints":{"allow":["GET"]}}],"collection":[{"href":"https:\/\/lehmann-baumschulen.ch\/fr\/wp-json\/wp\/v2\/pages"}],"about":[{"href":"https:\/\/lehmann-baumschulen.ch\/fr\/wp-json\/wp\/v2\/types\/page"}],"author":[{"embeddable":true,"href":"https:\/\/lehmann-baumschulen.ch\/fr\/wp-json\/wp\/v2\/users\/1"}],"replies":[{"embeddable":true,"href":"https:\/\/lehmann-baumschulen.ch\/fr\/wp-json\/wp\/v2\/comments?post=2860"}],"version-history":[{"count":7,"href":"https:\/\/lehmann-baumschulen.ch\/fr\/wp-json\/wp\/v2\/pages\/2860\/revisions"}],"predecessor-version":[{"id":8007,"href":"https:\/\/lehmann-baumschulen.ch\/fr\/wp-json\/wp\/v2\/pages\/2860\/revisions\/8007"}],"up":[{"embeddable":true,"href":"https:\/\/lehmann-baumschulen.ch\/fr\/wp-json\/wp\/v2\/pages\/2854"}],"wp:featuredmedia":[{"embeddable":true,"href":"https:\/\/lehmann-baumschulen.ch\/fr\/wp-json\/wp\/v2\/media\/2660"}],"wp:attachment":[{"href":"https:\/\/lehmann-baumschulen.ch\/fr\/wp-json\/wp\/v2\/media?parent=2860"}],"curies":[{"name":"wp","href":"https:\/\/api.w.org\/{rel}","templated":true}]}}