{"id":2863,"date":"2024-09-05T09:50:20","date_gmt":"2024-09-05T09:50:20","guid":{"rendered":"https:\/\/www.lehmann-baumschulen.ch\/?page_id=2863"},"modified":"2026-03-25T08:43:25","modified_gmt":"2026-03-25T08:43:25","slug":"plantes-mediterraneennes","status":"publish","type":"page","link":"https:\/\/lehmann-baumschulen.ch\/fr\/plantes\/plantes-mediterraneennes\/","title":{"rendered":"Plantes m\u00e9diterran\u00e9ennes"},"content":{"rendered":"<section class=\"l-section wpb_row height_medium\"><div class=\"l-section-h i-cf\"><div class=\"g-cols vc_row via_grid cols_1 laptops-cols_inherit tablets-cols_inherit mobiles-cols_1 valign_top type_default stacking_default\"><div class=\"wpb_column vc_column_container\"><div class=\"vc_column-inner\"><div class=\"wpb_text_column\"><div class=\"wpb_wrapper\"><p>Que serait l\u2019\u00e9t\u00e9 sans les plantes m\u00e9diterran\u00e9ennes? Les bougainvilliers, les lauriers roses et les autres plantes immigr\u00e9es, originaires du Sud, plongent terrasses et balcons dans une ambiance de vacances!<\/p>\n<p>Bien qu\u2019elles ne puissent pas survivre \u00e0 l\u2019ext\u00e9rieur pendant l\u2019hiver, qui a la possibilit\u00e9 de les hiverner dans un jardin d\u2019hiver ne voudra pas s\u2019en priver! Certaines peuvent aussi passer l\u2019hiver dans une cage d\u2019escalier lumineuse et hors gel ou trouver refuge chez le voisin?<\/p>\n<\/div><\/div><div class=\"w-separator size_medium\"><\/div><div class=\"w-grid us_grid type_grid layout_938 cols_4 preload_style_spinner\" id=\"us_grid_1\" style=\"--columns:4;--gap:1rem;\" data-filterable=\"true\"><style>@media (max-width:1380px){#us_grid_1{--columns:3!important}}@media (max-width:1024px){#us_grid_1{--columns:2!important}}@media (max-width:768px){#us_grid_1{--columns:1!important}}.layout_938 .w-grid-item-h{background:var(--color-alt-content-bg);border-radius:0.5rem;box-shadow:0 0.05rem 0.1rem rgba(0,0,0,0.1),0 0.17rem 0.5rem rgba(0,0,0,0.1);transition-duration:0.3s}.no-touch .layout_938 .w-grid-item-h:hover{box-shadow:0 0.1rem 0.2rem rgba(0,0,0,0.1),0 0.33rem 1rem rgba(0,0,0,0.15);z-index:4}.layout_938 .usg_post_image_1{border-radius:0.5rem!important}<\/style><div class=\"w-grid-list\">\t<article class=\"w-grid-item size_1x1 post-1072 attachment type-attachment status-inherit hentry\" data-id=\"1072\">\r\n\t\t<div class=\"w-grid-item-h\">\r\n\t\t\t\t\t\t\t<a ref=\"magnificPopupGrid\" href=\"https:\/\/lehmann-baumschulen.ch\/wp-content\/uploads\/2024\/09\/Strelitzie.jpg\" class=\"w-grid-item-anchor\" aria-label=\"Strelitzie\"><\/a>\r\n\t\t\t\t\t\t<div class=\"w-post-elm post_image usg_post_image_1 has_ratio\"><img loading=\"lazy\" decoding=\"async\" width=\"1050\" height=\"697\" src=\"https:\/\/lehmann-baumschulen.ch\/wp-content\/uploads\/2024\/09\/Strelitzie.jpg\" class=\"attachment-full size-full\" alt=\"\" \/><div style=\"padding-bottom:75%\"><\/div><\/div>\t\t<\/div>\r\n\t\t\t<\/article>\r\n\t<article class=\"w-grid-item size_1x1 post-1074 attachment type-attachment status-inherit hentry\" data-id=\"1074\">\r\n\t\t<div class=\"w-grid-item-h\">\r\n\t\t\t\t\t\t\t<a ref=\"magnificPopupGrid\" href=\"https:\/\/lehmann-baumschulen.ch\/wp-content\/uploads\/2024\/09\/Bougainvillea.jpg\" class=\"w-grid-item-anchor\" aria-label=\"Bougainvillea\"><\/a>\r\n\t\t\t\t\t\t<div class=\"w-post-elm post_image usg_post_image_1 has_ratio\"><img loading=\"lazy\" decoding=\"async\" width=\"1050\" height=\"697\" src=\"https:\/\/lehmann-baumschulen.ch\/wp-content\/uploads\/2024\/09\/Bougainvillea.jpg\" class=\"attachment-full size-full\" alt=\"\" \/><div style=\"padding-bottom:75%\"><\/div><\/div>\t\t<\/div>\r\n\t\t\t<\/article>\r\n\t<article class=\"w-grid-item size_1x1 post-1076 attachment type-attachment status-inherit hentry\" data-id=\"1076\">\r\n\t\t<div class=\"w-grid-item-h\">\r\n\t\t\t\t\t\t\t<a ref=\"magnificPopupGrid\" href=\"https:\/\/lehmann-baumschulen.ch\/wp-content\/uploads\/2024\/09\/Nerium-Oleander-klein.jpg\" class=\"w-grid-item-anchor\" aria-label=\"Nerium Oleander klein\"><\/a>\r\n\t\t\t\t\t\t<div class=\"w-post-elm post_image usg_post_image_1 has_ratio\"><img loading=\"lazy\" decoding=\"async\" width=\"1050\" height=\"698\" src=\"https:\/\/lehmann-baumschulen.ch\/wp-content\/uploads\/2024\/09\/Nerium-Oleander-klein.jpg\" class=\"attachment-full size-full\" alt=\"\" \/><div style=\"padding-bottom:75%\"><\/div><\/div>\t\t<\/div>\r\n\t\t\t<\/article>\r\n\t<article class=\"w-grid-item size_1x1 post-1078 attachment type-attachment status-inherit hentry\" data-id=\"1078\">\r\n\t\t<div class=\"w-grid-item-h\">\r\n\t\t\t\t\t\t\t<a ref=\"magnificPopupGrid\" href=\"https:\/\/lehmann-baumschulen.ch\/wp-content\/uploads\/2024\/09\/Lantana.jpg\" class=\"w-grid-item-anchor\" aria-label=\"Lantana\"><\/a>\r\n\t\t\t\t\t\t<div class=\"w-post-elm post_image usg_post_image_1 has_ratio\"><img loading=\"lazy\" decoding=\"async\" width=\"1050\" height=\"697\" src=\"https:\/\/lehmann-baumschulen.ch\/wp-content\/uploads\/2024\/09\/Lantana.jpg\" class=\"attachment-full size-full\" alt=\"\" \/><div style=\"padding-bottom:75%\"><\/div><\/div>\t\t<\/div>\r\n\t\t\t<\/article>\r\n\t<article class=\"w-grid-item size_1x1 post-1080 attachment type-attachment status-inherit hentry\" data-id=\"1080\">\r\n\t\t<div class=\"w-grid-item-h\">\r\n\t\t\t\t\t\t\t<a ref=\"magnificPopupGrid\" href=\"https:\/\/lehmann-baumschulen.ch\/wp-content\/uploads\/2024\/09\/Mandevilla.jpg\" class=\"w-grid-item-anchor\" aria-label=\"Mandevilla\"><\/a>\r\n\t\t\t\t\t\t<div class=\"w-post-elm post_image usg_post_image_1 has_ratio\"><img loading=\"lazy\" decoding=\"async\" width=\"1050\" height=\"697\" src=\"https:\/\/lehmann-baumschulen.ch\/wp-content\/uploads\/2024\/09\/Mandevilla.jpg\" class=\"attachment-full size-full\" alt=\"\" \/><div style=\"padding-bottom:75%\"><\/div><\/div>\t\t<\/div>\r\n\t\t\t<\/article>\r\n\t<article class=\"w-grid-item size_1x1 post-8017 attachment type-attachment status-inherit hentry\" data-id=\"8017\">\r\n\t\t<div class=\"w-grid-item-h\">\r\n\t\t\t\t\t\t\t<a ref=\"magnificPopupGrid\" href=\"https:\/\/lehmann-baumschulen.ch\/wp-content\/uploads\/2024\/09\/DSC_0914.jpg\" class=\"w-grid-item-anchor\" aria-label=\"DSC_0914\"><\/a>\r\n\t\t\t\t\t\t<div class=\"w-post-elm post_image usg_post_image_1 has_ratio\"><img loading=\"lazy\" decoding=\"async\" width=\"1050\" height=\"697\" src=\"https:\/\/lehmann-baumschulen.ch\/wp-content\/uploads\/2024\/09\/DSC_0914.jpg\" class=\"attachment-full size-full\" alt=\"\" \/><div style=\"padding-bottom:75%\"><\/div><\/div>\t\t<\/div>\r\n\t\t\t<\/article>\r\n\t<article class=\"w-grid-item size_1x1 post-1084 attachment type-attachment status-inherit hentry\" data-id=\"1084\">\r\n\t\t<div class=\"w-grid-item-h\">\r\n\t\t\t\t\t\t\t<a ref=\"magnificPopupGrid\" href=\"https:\/\/lehmann-baumschulen.ch\/wp-content\/uploads\/2024\/09\/Solanum.jpg\" class=\"w-grid-item-anchor\" aria-label=\"Lycianthes rantonnetii - Morelle de Rantonnet\"><\/a>\r\n\t\t\t\t\t\t<div class=\"w-post-elm post_image usg_post_image_1 has_ratio\"><img loading=\"lazy\" decoding=\"async\" width=\"1050\" height=\"697\" src=\"https:\/\/lehmann-baumschulen.ch\/wp-content\/uploads\/2024\/09\/Solanum.jpg\" class=\"attachment-full size-full\" alt=\"\" \/><div style=\"padding-bottom:75%\"><\/div><\/div>\t\t<\/div>\r\n\t\t\t<\/article>\r\n\t<article class=\"w-grid-item size_1x1 post-1086 attachment type-attachment status-inherit hentry\" data-id=\"1086\">\r\n\t\t<div class=\"w-grid-item-h\">\r\n\t\t\t\t\t\t\t<a ref=\"magnificPopupGrid\" href=\"https:\/\/lehmann-baumschulen.ch\/wp-content\/uploads\/2024\/09\/Solanum_jasminoides-rc1.jpg\" class=\"w-grid-item-anchor\" aria-label=\"Solanum jasminoides  Jasmin d\u00e9t\u00e9\"><\/a>\r\n\t\t\t\t\t\t<div class=\"w-post-elm post_image usg_post_image_1 has_ratio\"><img loading=\"lazy\" decoding=\"async\" width=\"1050\" height=\"699\" src=\"https:\/\/lehmann-baumschulen.ch\/wp-content\/uploads\/2024\/09\/Solanum_jasminoides-rc1.jpg\" class=\"attachment-full size-full\" alt=\"\" \/><div style=\"padding-bottom:75%\"><\/div><\/div>\t\t<\/div>\r\n\t\t\t<\/article>\r\n<\/div>\t<div class=\"w-grid-preloader\">\r\n\t\t<div class=\"g-preloader type_1\">\r\n\t\t\t<div><\/div>\r\n\t\t<\/div>\r\n\t<\/div>\r\n\t\t<div class=\"w-grid-json hidden\" onclick='return {&quot;action&quot;:&quot;us_ajax_grid&quot;,&quot;infinite_scroll&quot;:0,&quot;max_num_pages&quot;:1,&quot;pagination&quot;:&quot;none&quot;,&quot;template_vars&quot;:{&quot;columns&quot;:&quot;4&quot;,&quot;exclude_items&quot;:&quot;none&quot;,&quot;img_size&quot;:&quot;default&quot;,&quot;ignore_items_size&quot;:0,&quot;items_layout&quot;:&quot;938&quot;,&quot;items_offset&quot;:&quot;1&quot;,&quot;load_animation&quot;:&quot;none&quot;,&quot;overriding_link&quot;:&quot;%7B%22type%22%3A%22popup_image%22%7D&quot;,&quot;post_id&quot;:0,&quot;query_args&quot;:{&quot;post_type&quot;:[&quot;attachment&quot;],&quot;post__in&quot;:[&quot;1071&quot;,&quot;1073&quot;,&quot;1075&quot;,&quot;1077&quot;,&quot;1079&quot;,&quot;1081&quot;,&quot;1083&quot;,&quot;1085&quot;],&quot;post_status&quot;:&quot;inherit&quot;,&quot;post_mime_type&quot;:&quot;image&quot;,&quot;posts_per_page&quot;:999},&quot;orderby_query_args&quot;:{&quot;orderby&quot;:{&quot;post__in&quot;:&quot;ASC&quot;},&quot;order&quot;:&quot;ASC&quot;},&quot;type&quot;:&quot;grid&quot;,&quot;us_grid_post_type&quot;:&quot;attachment&quot;,&quot;us_grid_ajax_index&quot;:1,&quot;us_grid_filter_query_string&quot;:null,&quot;us_grid_index&quot;:1,&quot;page_args&quot;:[],&quot;lang&quot;:&quot;fr&quot;}}'><\/div>\r\n\t<\/div><\/div><\/div><\/div><\/div><\/section>\n","protected":false},"excerpt":{"rendered":"","protected":false},"author":1,"featured_media":6620,"parent":2853,"menu_order":35,"comment_status":"closed","ping_status":"closed","template":"","meta":{"_acf_changed":false,"footnotes":""},"class_list":["post-2863","page","type-page","status-publish","has-post-thumbnail","hentry"],"acf":[],"_links":{"self":[{"href":"https:\/\/lehmann-baumschulen.ch\/fr\/wp-json\/wp\/v2\/pages\/2863","targetHints":{"allow":["GET"]}}],"collection":[{"href":"https:\/\/lehmann-baumschulen.ch\/fr\/wp-json\/wp\/v2\/pages"}],"about":[{"href":"https:\/\/lehmann-baumschulen.ch\/fr\/wp-json\/wp\/v2\/types\/page"}],"author":[{"embeddable":true,"href":"https:\/\/lehmann-baumschulen.ch\/fr\/wp-json\/wp\/v2\/users\/1"}],"replies":[{"embeddable":true,"href":"https:\/\/lehmann-baumschulen.ch\/fr\/wp-json\/wp\/v2\/comments?post=2863"}],"version-history":[{"count":5,"href":"https:\/\/lehmann-baumschulen.ch\/fr\/wp-json\/wp\/v2\/pages\/2863\/revisions"}],"predecessor-version":[{"id":8154,"href":"https:\/\/lehmann-baumschulen.ch\/fr\/wp-json\/wp\/v2\/pages\/2863\/revisions\/8154"}],"up":[{"embeddable":true,"href":"https:\/\/lehmann-baumschulen.ch\/fr\/wp-json\/wp\/v2\/pages\/2853"}],"wp:featuredmedia":[{"embeddable":true,"href":"https:\/\/lehmann-baumschulen.ch\/fr\/wp-json\/wp\/v2\/media\/6620"}],"wp:attachment":[{"href":"https:\/\/lehmann-baumschulen.ch\/fr\/wp-json\/wp\/v2\/media?parent=2863"}],"curies":[{"name":"wp","href":"https:\/\/api.w.org\/{rel}","templated":true}]}}