{"id":2885,"date":"2024-09-05T10:03:30","date_gmt":"2024-09-05T10:03:30","guid":{"rendered":"https:\/\/www.lehmann-baumschulen.ch\/?page_id=2885"},"modified":"2026-03-25T08:35:00","modified_gmt":"2026-03-25T08:35:00","slug":"plantes-aquatics-et-marecageuses","status":"publish","type":"page","link":"https:\/\/lehmann-baumschulen.ch\/fr\/plantes\/plantes-vivaces\/plantes-aquatics-et-marecageuses\/","title":{"rendered":"Plantes aquatics et de marecageuses"},"content":{"rendered":"<section class=\"l-section wpb_row height_medium\"><div class=\"l-section-h i-cf\"><div class=\"g-cols vc_row via_grid cols_1 laptops-cols_inherit tablets-cols_inherit mobiles-cols_1 valign_top type_default stacking_default\"><div class=\"wpb_column vc_column_container\"><div class=\"vc_column-inner\"><div class=\"wpb_text_column\"><div class=\"wpb_wrapper\"><p><a href=\"https:\/\/lehmann-baumschulen.ch\/wp-content\/uploads\/2025\/08\/Der-Wassergarten-und-was-Sie-darueber-wissen-sollten-1.pdf\">Le jardin aquatique<\/a> est un biotope tr\u00e8s complexe. Il offre un habitat pr\u00e9cieux dans votre jardin, tant pour des plantes attrayantes que pour de nombreux animaux int\u00e9ressants. Lors de la cr\u00e9ation et de l'entretien, il convient de respecter certains principes fondamentaux.<br \/>\n<a href=\"https:\/\/lehmann-baumschulen.ch\/wp-content\/uploads\/2025\/08\/Gartenteich-anlegen.pdf\" target=\"_blank\" rel=\"noopener\">D\u00e9couvrez-en plus ici !<\/a><\/p>\n<p>Une multitude de plantes de marais et aquatiques diff\u00e9rentes sont disponibles pour v\u00e9g\u00e9taliser votre jardin aquatique. Il est particuli\u00e8rement important de conna\u00eetre et de prendre en compte les exigences des plantes et leurs caract\u00e9ristiques de croissance. De nombreuses plantes aquatiques ont une forte tendance \u00e0 se propager et peuvent rapidement prendre le dessus. Selon le type et la taille du bassin de jardin, diff\u00e9rentes plantes entrent en ligne de compte. Vous trouverez ci-dessous quelques listes de plantes utiles que nous avons compil\u00e9es pour vous. Bien entendu, notre sp\u00e9cialiste des plantes vivaces se fera \u00e9galement un plaisir de vous conseiller personnellement dans notre centre de plantes !     <\/p>\n<h2>Quelles plantes conviennent \u00e0 quel bassin ?<\/h2>\n<h3>Plantes aquatiques \u00e0 croissance tr\u00e8s vigoureuse, uniquement pour tr\u00e8s grands bassins<\/h3>\n<table>\n<tbody>\n<tr>\n<td><strong>Niveau d'eau<\/strong><\/td>\n<td><strong>Noms botaniques<\/strong><\/td>\n<td><strong>Noms fran\u00e7ais<\/strong><\/td>\n<td><strong>Couleur de floraison<\/strong><\/td>\n<\/tr>\n<tr>\n<td>0-30 cm<\/td>\n<td>Eleocharis palustris<\/td>\n<td>Scirpe des marais<\/td>\n<td>brun<\/td>\n<\/tr>\n<tr>\n<td>0-40 cm<\/td>\n<td>Typha angustifolia<\/td>\n<td>Massette \u00e0 feuilles \u00e9troites<\/td>\n<td>brun<\/td>\n<\/tr>\n<tr>\n<td>0-50 cm<\/td>\n<td>Phragmites australis<\/td>\n<td>Roseau commun<\/td>\n<td>brun<\/td>\n<\/tr>\n<tr>\n<td>10-40 cm<\/td>\n<td>Scirpus lacustris<\/td>\n<td>Jonc des chaisiers<\/td>\n<td>brun<\/td>\n<\/tr>\n<tr>\n<td>10-50 cm<\/td>\n<td>Sparganium erectum<\/td>\n<td>Rubanier dress\u00e9<\/td>\n<td>verd\u00e2tre<\/td>\n<\/tr>\n<tr>\n<td>0-50 cm<\/td>\n<td>Typha latifolia<\/td>\n<td>Massette \u00e0 larges feuilles<\/td>\n<td>brun<\/td>\n<\/tr>\n<\/tbody>\n<\/table>\n<h3>Plantes aquatiques \u00e0 croissance vigoureuse, pour grands bassins<\/h3>\n<table>\n<tbody>\n<tr>\n<td><strong>Niveau d'eau<\/strong><\/td>\n<td><strong>Noms botaniques<\/strong><\/td>\n<td><strong>Noms fran\u00e7ais<\/strong><\/td>\n<td><strong>Couleur de floraison<\/strong><\/td>\n<\/tr>\n<tr>\n<td>0-20 cm<\/td>\n<td>Acorus calamus<\/td>\n<td>Acore odorant<\/td>\n<td><\/td>\n<\/tr>\n<tr>\n<td>0-20 cm<\/td>\n<td>Eleocharis acicularis<\/td>\n<td>Scirpe \u00e9pingle<\/td>\n<td><\/td>\n<\/tr>\n<tr>\n<td>0-5 cm<\/td>\n<td>Eriophorum angustifolium<\/td>\n<td>Linaigrette \u00e0 feuilles \u00e9troites<\/td>\n<td>blanc<\/td>\n<\/tr>\n<tr>\n<td>10-40 cm<\/td>\n<td>Hippuris vulgaris<\/td>\n<td>Pesse d'eau<\/td>\n<td><\/td>\n<\/tr>\n<tr>\n<td>0-10 cm<\/td>\n<td>Lysimachia nummularia<\/td>\n<td>Lysimaque nummulaire<\/td>\n<td>jaune<\/td>\n<\/tr>\n<tr>\n<td>0-20 cm<\/td>\n<td>Mentha aquatica<\/td>\n<td>Menthe aquatique<\/td>\n<td>violet clair<\/td>\n<\/tr>\n<tr>\n<td>0-10 cm<\/td>\n<td>Myosotis palustris<\/td>\n<td>Myosotis des marais<\/td>\n<td>bleu<\/td>\n<\/tr>\n<tr>\n<td>10-50 cm<\/td>\n<td>Sagittaria sagittifolia<\/td>\n<td>Sagittaire<\/td>\n<td>blanc<\/td>\n<\/tr>\n<tr>\n<td>10-20 cm<\/td>\n<td>Scirpus lacustris ssp. taber. 'Zebrinus'  <\/td>\n<td>Scirpe z\u00e9br\u00e9<\/td>\n<td>brun\u00e2tre<\/td>\n<\/tr>\n<tr>\n<td>10-30 cm<\/td>\n<td>Typha laxmannii<\/td>\n<td>Massette de Laxmann<\/td>\n<td>brun<\/td>\n<\/tr>\n<tr>\n<td>10-30 cm<\/td>\n<td>Typha minima<\/td>\n<td>Petite massette<\/td>\n<td>brun<\/td>\n<\/tr>\n<tr>\n<td>0-10 cm<\/td>\n<td>Veronica beccabunga<\/td>\n<td>V\u00e9ronique des ruisseaux<\/td>\n<td>bleu clair<\/td>\n<\/tr>\n<\/tbody>\n<\/table>\n<h3>Plantes aquatiques \u00e0 croissance moyenne pour bassins de taille moyenne<\/h3>\n<table>\n<tbody>\n<tr>\n<td><strong>Niveau d'eau<\/strong><\/td>\n<td><strong>Noms botaniques<\/strong><\/td>\n<td><strong>Noms fran\u00e7ais<\/strong><\/td>\n<td><strong>Couleur de floraison<\/strong><\/td>\n<\/tr>\n<tr>\n<td>0-30 cm<\/td>\n<td>Alisma plantago-aquatica<\/td>\n<td>Plantain d'eau<\/td>\n<td>blanc<\/td>\n<\/tr>\n<tr>\n<td>10-40 cm<\/td>\n<td>Butomus umbellatus<\/td>\n<td>Butome en ombelle<\/td>\n<td>rose-blanc<\/td>\n<\/tr>\n<tr>\n<td>10-20 cm<\/td>\n<td>Cyperus longus<\/td>\n<td>Souchet long<\/td>\n<td>verd\u00e2tre<\/td>\n<\/tr>\n<tr>\n<td>0-40 cm<\/td>\n<td>Iris pseudacorus<\/td>\n<td>Iris des marais<\/td>\n<td>jaune<\/td>\n<\/tr>\n<tr>\n<td>0-5 cm<\/td>\n<td>Iris sibirica<\/td>\n<td>Iris de Sib\u00e9rie<\/td>\n<td>bleu-violet<\/td>\n<\/tr>\n<tr>\n<td>0-5 cm<\/td>\n<td>Juncus ensifolius<\/td>\n<td>Jonc \u00e0 feuilles larges<\/td>\n<td>brun<\/td>\n<\/tr>\n<tr>\n<td>5-10 cm<\/td>\n<td>Menyanthes trifoliata<\/td>\n<td>Tr\u00e8fle d'eau<\/td>\n<td>blanc<\/td>\n<\/tr>\n<tr>\n<td>0-10 cm<\/td>\n<td>Mimulus ringens<\/td>\n<td>Mimule bleue<\/td>\n<td>bleu<\/td>\n<\/tr>\n<tr>\n<td>0-10 cm<\/td>\n<td>Thelypteris palustris<\/td>\n<td>Foug\u00e8re des marais<\/td>\n<td><\/td>\n<\/tr>\n<\/tbody>\n<\/table>\n<h3>Plantes aquatiques \u00e0 croissance faible pour petits bassins<\/h3>\n<table>\n<tbody>\n<tr>\n<td><strong>Niveau d'eau<\/strong><\/td>\n<td><strong>Noms botaniques<\/strong><\/td>\n<td><strong>Noms fran\u00e7ais<\/strong><\/td>\n<td><strong>Couleur de floraison<\/strong><\/td>\n<\/tr>\n<tr>\n<td>0-5 cm<\/td>\n<td>Calla palustris<\/td>\n<td>Calla des marais<\/td>\n<td>blanc<\/td>\n<\/tr>\n<tr>\n<td>0-10 cm<\/td>\n<td>Caltha palustris<\/td>\n<td>Populage des marais<\/td>\n<td>jaune<\/td>\n<\/tr>\n<tr>\n<td>0-5 cm<\/td>\n<td>Caltha palustris var. alba <\/td>\n<td>Populage des marais<\/td>\n<td>blanc<\/td>\n<\/tr>\n<tr>\n<td>0-10 cm<\/td>\n<td>Caltha palustris 'Plena'<\/td>\n<td>Populage des marais \u00e0 fleurs doubles<\/td>\n<td>jaune double<\/td>\n<\/tr>\n<tr>\n<td>0-5 cm<\/td>\n<td>Mimulus luteus<\/td>\n<td>Mimule jaune<\/td>\n<td>jaune<\/td>\n<\/tr>\n<tr>\n<td>0-5 cm<\/td>\n<td>Mimulus cupreus<\/td>\n<td>Mimule rouge<\/td>\n<td>rouge<\/td>\n<\/tr>\n<tr>\n<td>20-40 cm<\/td>\n<td>Pontederia cordata<\/td>\n<td>Pont\u00e9d\u00e9rie \u00e0 feuilles en c\u0153ur<\/td>\n<td>bleu<\/td>\n<\/tr>\n<\/tbody>\n<\/table>\n<h2>Plantes submerg\u00e9es<\/h2>\n<table>\n<tbody>\n<tr>\n<td><strong>Vigueur de croissance<\/strong><\/td>\n<td><strong>Noms botaniques<\/strong><\/td>\n<td><strong>Noms fran\u00e7ais<\/strong><\/td>\n<td><strong>Couleur de floraison<\/strong><\/td>\n<\/tr>\n<tr>\n<td>lente<\/td>\n<td>Utricularia vulgaris<\/td>\n<td>Utriculaire commune<\/td>\n<td>jaune<\/td>\n<\/tr>\n<tr>\n<td>Moyenne<\/td>\n<td>Hottonia palustris<\/td>\n<td>Hottonie des marais<\/td>\n<td>blanc<\/td>\n<\/tr>\n<tr>\n<td>Croissance vigoureuse<\/td>\n<td>Ceratophyllum demersum<\/td>\n<td>Cornifle immerg\u00e9<\/td>\n<td><\/td>\n<\/tr>\n<tr>\n<td>Croissance vigoureuse<\/td>\n<td>Ranunculus aquatilis<\/td>\n<td>Renoncule aquatique<\/td>\n<td>blanc<\/td>\n<\/tr>\n<tr>\n<td>Croissance vigoureuse<\/td>\n<td>Myriophyllum spicatum<\/td>\n<td>Myriophylle en \u00e9pi<\/td>\n<td>rose p\u00e2le<\/td>\n<\/tr>\n<tr>\n<td>Envahissante<\/td>\n<td>Elodea canadensis<\/td>\n<td>\u00c9lod\u00e9e du Canada<\/td>\n<td><\/td>\n<\/tr>\n<\/tbody>\n<\/table>\n<p>Les plantes submerg\u00e9es ne doivent manquer dans aucun bassin. Elles fixent les nutriments dans l'eau et augmentent la teneur en oxyg\u00e8ne. Elles stabilisent l'\u00e9quilibre biologique, ce qui r\u00e9duit la croissance des algues.  <\/p>\n<h2>N\u00e9nuphars<\/h2>\n<p>L'essentiel pour un n\u00e9nuphar est d'avoir au minimum 4 \u00e0 5 heures de soleil et le bon niveau d'eau. S'il est plant\u00e9 trop profond\u00e9ment, il fleurit faiblement ; s'il n'est pas assez profond, il produit beaucoup de feuillage. Il a besoin d'un espace racinaire suffisant, car il n\u00e9cessite beaucoup de nutriments. Il est pr\u00e9f\u00e9rable de planter les n\u00e9nuphars dans un panier pour plantes aquatiques rempli de terre pour bassin.   <\/p>\n<h3>Un n\u00e9nuphar \u00e0 croissance vigoureuse n\u00e9cessite environ 2 \u00e0 3 m<sup>2<\/sup> de surface d'eau :<\/h3>\n<table>\n<tbody>\n<tr>\n<td><strong>Niveau d'eau<\/strong><\/td>\n<td><strong>Noms botaniques<\/strong><\/td>\n<td><strong>Couleur de floraison<\/strong><\/td>\n<\/tr>\n<tr>\n<td>60-150 cm<\/td>\n<td>Nymphaea alba (indig\u00e8ne)<\/td>\n<td>blanc<\/td>\n<\/tr>\n<tr>\n<td>60-150 cm<\/td>\n<td>Nymphaea-Hybriden 'Gladstoniana'<\/td>\n<td>blanc<\/td>\n<\/tr>\n<tr>\n<td>60-90 cm<\/td>\n<td>Nymphaea-Hybriden 'Marliacae Chromatella'<\/td>\n<td>jaune<\/td>\n<\/tr>\n<tr>\n<td>50-200 cm<\/td>\n<td>Nuphar lutea (n\u00e9nuphar jaune)<\/td>\n<td>jaune<\/td>\n<\/tr>\n<tr>\n<td>30-70 cm<\/td>\n<td>Nymphaea-Hybriden 'Rosennymphe'<\/td>\n<td>rose<\/td>\n<\/tr>\n<tr>\n<td>40-80 cm<\/td>\n<td>Nymphaea-Hybriden 'Escarboucle'<\/td>\n<td>rouge<\/td>\n<\/tr>\n<tr>\n<td>40-70 cm<\/td>\n<td>Nymphaea-Hybriden 'Attraction'<\/td>\n<td>rouge<\/td>\n<\/tr>\n<\/tbody>\n<\/table>\n<h3>Un n\u00e9nuphar \u00e0 croissance moyenne n\u00e9cessite environ 1,5 m<sup>2<\/sup> de surface d'eau :<\/h3>\n<table>\n<tbody>\n<tr>\n<td><strong>Niveau d'eau<\/strong><\/td>\n<td><strong>Noms botaniques<\/strong><\/td>\n<td><strong>Couleur de floraison<\/strong><\/td>\n<\/tr>\n<tr>\n<td>30-60 cm<\/td>\n<td>Nymphaea-Hybriden 'Firecrest'<\/td>\n<td>rose<\/td>\n<\/tr>\n<tr>\n<td>40-80 cm<\/td>\n<td>Nymphaea-Hybriden 'Gonn\u00e8re'<\/td>\n<td>blanc double<\/td>\n<\/tr>\n<tr>\n<td>30-70 cm<\/td>\n<td>Nymphaea-Hybriden 'Aurora'<\/td>\n<td>cuivr\u00e9<\/td>\n<\/tr>\n<tr>\n<td>30-50 cm<\/td>\n<td>Nymphaea-Hybriden 'Sioux'<\/td>\n<td>cuivr\u00e9-rose<\/td>\n<\/tr>\n<tr>\n<td>40-70 cm<\/td>\n<td>Nymphaea-Hybriden 'Joey Tomocik'<\/td>\n<td>jaune<\/td>\n<\/tr>\n<\/tbody>\n<\/table>\n<h3>Un n\u00e9nuphar \u00e0 croissance faible n\u00e9cessite environ 1 m<sup>2<\/sup> de surface d'eau :<\/h3>\n<table>\n<tbody>\n<tr>\n<td><strong>Niveau d'eau<\/strong><\/td>\n<td><strong>Noms botaniques<\/strong><\/td>\n<td><strong>Couleur de floraison<\/strong><\/td>\n<\/tr>\n<tr>\n<td>10-30 cm<\/td>\n<td>Nymphaea pygmea 'Helvola'<\/td>\n<td>jaune clair<\/td>\n<\/tr>\n<tr>\n<td>10-30 cm<\/td>\n<td>Nymphaea pygmea 'Rubra'<\/td>\n<td>rose-rouge<\/td>\n<\/tr>\n<tr>\n<td>10-30 cm<\/td>\n<td>Nymphaea tetragona \/ pygmaea 'Alba'<\/td>\n<td>blanc<\/td>\n<\/tr>\n<\/tbody>\n<\/table>\n<h2>Plantes \u00e0 feuilles flottantes<\/h2>\n<table>\n<tbody>\n<tr>\n<td><strong>Noms botaniques<\/strong><\/td>\n<td><strong>Noms fran\u00e7ais<\/strong><\/td>\n<td><\/td>\n<\/tr>\n<tr>\n<td>Hydrocharis morsus-ranae<\/td>\n<td>Mor\u00e8ne<\/td>\n<td><\/td>\n<\/tr>\n<tr>\n<td>Pistia stratoides<\/td>\n<td>Laitue d'eau<\/td>\n<td>non rustique<\/td>\n<\/tr>\n<tr>\n<td>Stratoides aloides<\/td>\n<td>Stratiote faux-alo\u00e8s<\/td>\n<td><\/td>\n<\/tr>\n<tr>\n<td>Trapa natans<\/td>\n<td>Ch\u00e2taigne d'eau<\/td>\n<td><\/td>\n<\/tr>\n<\/tbody>\n<\/table>\n<p>La laitue d'eau n'est pas rustique. Elle doit \u00eatre plac\u00e9e dans une coupelle d'eau flottante devant une fen\u00eatre orient\u00e9e au sud ou dans le jardin d'hiver \u00e0 une temp\u00e9rature d'au moins 10 \u00b0C, et m\u00eame dans ces conditions, elle souffre beaucoup pendant la saison pauvre en lumi\u00e8re. <\/p>\n<\/div><\/div><div class=\"w-separator size_medium\"><\/div><div class=\"w-grid us_product_list type_grid layout_5606 cols_3 pagination_load_on_btn preload_style_spinner open_items_in_popup\" id=\"us_product_list_p401\" style=\"--columns:3;--gap:1.5rem;\"><style>@media (max-width:1024px){#us_product_list_p401{--columns:2!important}}@media (max-width:768px){#us_product_list_p401{--columns:1!important}}.layout_5606 .w-grid-item-h{background:var(--color-alt-content-bg);border-radius:0.5rem;box-shadow:0 0.05rem 0.1rem rgba(0,0,0,0.1),0 0.17rem 0.5rem rgba(0,0,0,0.1);transition-duration:0.3s}.no-touch .layout_5606 .w-grid-item-h:hover{box-shadow:0 0.1rem 0.2rem rgba(0,0,0,0.1),0 0.33rem 1rem rgba(0,0,0,0.15);z-index:4}.layout_5606 .usg_post_image_1{border-radius:0.5rem 0.5rem 0 0!important}.layout_5606 .usg_post_title_1{margin:1rem!important}<\/style><div class=\"w-grid-list\">\t<article class=\"w-grid-item size_1x1 post-7151 product type-product status-publish has-post-thumbnail product_cat-plantes-aquatiques-et-de-marais first instock shipping-taxable product-type-simple\" data-id=\"7151\">\r\n\t\t<div class=\"w-grid-item-h\">\r\n\t\t\t\t\t\t\t<a href=\"https:\/\/lehmann-baumschulen.ch\/fr\/produit\/alisma-plantago-aquatica\/\" class=\"w-grid-item-anchor\" aria-label=\"Alisma plantago-aquatica\"><\/a>\r\n\t\t\t\t\t\t<div class=\"w-post-elm post_image usg_post_image_1 has_ratio\"><img loading=\"lazy\" decoding=\"async\" width=\"2560\" height=\"1700\" src=\"https:\/\/lehmann-baumschulen.ch\/wp-content\/uploads\/2025\/10\/Alisma-plantago-aquatica-scaled.jpg\" class=\"attachment-full size-full wp-post-image\" alt=\"\" \/><div style=\"padding-bottom:75%\"><\/div><\/div><p class=\"w-post-elm post_title usg_post_title_1 woocommerce-loop-product__title color_link_inherit\">Alisma plantago-aquatica<\/p>\t\t<\/div>\r\n\t\t\t<\/article>\r\n\t<article class=\"w-grid-item size_1x1 post-7150 product type-product status-publish has-post-thumbnail product_cat-plantes-aquatiques-et-de-marais product_cat-vivaces-sauvages  instock shipping-taxable product-type-simple\" data-id=\"7150\">\r\n\t\t<div class=\"w-grid-item-h\">\r\n\t\t\t\t\t\t\t<a href=\"https:\/\/lehmann-baumschulen.ch\/fr\/produit\/caltha-palustris\/\" class=\"w-grid-item-anchor\" aria-label=\"Caltha palustris\"><\/a>\r\n\t\t\t\t\t\t<div class=\"w-post-elm post_image usg_post_image_1 has_ratio\"><img loading=\"lazy\" decoding=\"async\" width=\"2560\" height=\"1700\" src=\"https:\/\/lehmann-baumschulen.ch\/wp-content\/uploads\/2025\/10\/Caltha-palustris-scaled.jpg\" class=\"attachment-full size-full wp-post-image\" alt=\"\" \/><div style=\"padding-bottom:75%\"><\/div><\/div><p class=\"w-post-elm post_title usg_post_title_1 woocommerce-loop-product__title color_link_inherit\">Caltha palustris<\/p>\t\t<\/div>\r\n\t\t\t<\/article>\r\n\t<article class=\"w-grid-item size_1x1 post-7163 product type-product status-publish has-post-thumbnail product_cat-plantes-aquatiques-et-de-marais product_cat-vivaces product_cat-vivaces-de-massif last instock shipping-taxable product-type-simple\" data-id=\"7163\">\r\n\t\t<div class=\"w-grid-item-h\">\r\n\t\t\t\t\t\t\t<a href=\"https:\/\/lehmann-baumschulen.ch\/fr\/produit\/iris-sibirica-caesars-brother\/\" class=\"w-grid-item-anchor\" aria-label=\"Iris sibirica Caesars Brother\"><\/a>\r\n\t\t\t\t\t\t<div class=\"w-post-elm post_image usg_post_image_1 has_ratio\"><img loading=\"lazy\" decoding=\"async\" width=\"1700\" height=\"2560\" src=\"https:\/\/lehmann-baumschulen.ch\/wp-content\/uploads\/2025\/10\/Iris-sibirica-Caesars-Brother-scaled.jpg\" class=\"attachment-full size-full wp-post-image\" alt=\"\" \/><div style=\"padding-bottom:75%\"><\/div><\/div><p class=\"w-post-elm post_title usg_post_title_1 woocommerce-loop-product__title color_link_inherit\">Iris sibirica Caesars Brother<\/p>\t\t<\/div>\r\n\t\t\t<\/article>\r\n\t<article class=\"w-grid-item size_1x1 post-7160 product type-product status-publish has-post-thumbnail product_cat-plantes-aquatiques-et-de-marais first instock shipping-taxable product-type-simple\" data-id=\"7160\">\r\n\t\t<div class=\"w-grid-item-h\">\r\n\t\t\t\t\t\t\t<a href=\"https:\/\/lehmann-baumschulen.ch\/fr\/produit\/iris-sibirica-snow-queen\/\" class=\"w-grid-item-anchor\" aria-label=\"Iris sibirica Snow Queen\"><\/a>\r\n\t\t\t\t\t\t<div class=\"w-post-elm post_image usg_post_image_1 has_ratio\"><img loading=\"lazy\" decoding=\"async\" width=\"2560\" height=\"1700\" src=\"https:\/\/lehmann-baumschulen.ch\/wp-content\/uploads\/2025\/10\/Iris-sibirica-Snow-Queen-scaled.jpg\" class=\"attachment-full size-full wp-post-image\" alt=\"\" \/><div style=\"padding-bottom:75%\"><\/div><\/div><p class=\"w-post-elm post_title usg_post_title_1 woocommerce-loop-product__title color_link_inherit\">Iris sibirica Snow Queen<\/p>\t\t<\/div>\r\n\t\t\t<\/article>\r\n\t<article class=\"w-grid-item size_1x1 post-7161 product type-product status-publish has-post-thumbnail product_cat-plantes-aquatiques-et-de-marais product_cat-vivaces product_cat-vivaces-a-fleurs-et-plantes-couvre-sol product_cat-vivaces-de-massif  instock shipping-taxable product-type-simple\" data-id=\"7161\">\r\n\t\t<div class=\"w-grid-item-h\">\r\n\t\t\t\t\t\t\t<a href=\"https:\/\/lehmann-baumschulen.ch\/fr\/produit\/iris-versicolor\/\" class=\"w-grid-item-anchor\" aria-label=\"Iris versicolor\"><\/a>\r\n\t\t\t\t\t\t<div class=\"w-post-elm post_image usg_post_image_1 has_ratio\"><img loading=\"lazy\" decoding=\"async\" width=\"2560\" height=\"1700\" src=\"https:\/\/lehmann-baumschulen.ch\/wp-content\/uploads\/2025\/10\/Iris-versicolor-scaled.jpg\" class=\"attachment-full size-full wp-post-image\" alt=\"\" \/><div style=\"padding-bottom:75%\"><\/div><\/div><p class=\"w-post-elm post_title usg_post_title_1 woocommerce-loop-product__title color_link_inherit\">Iris versicolor<\/p>\t\t<\/div>\r\n\t\t\t<\/article>\r\n\t<article class=\"w-grid-item size_1x1 post-7085 product type-product status-publish has-post-thumbnail product_cat-plantes-aquatiques-et-de-marais last instock shipping-taxable product-type-simple\" data-id=\"7085\">\r\n\t\t<div class=\"w-grid-item-h\">\r\n\t\t\t\t\t\t\t<a href=\"https:\/\/lehmann-baumschulen.ch\/fr\/produit\/primula-japonica-carminea\/\" class=\"w-grid-item-anchor\" aria-label=\"Primula japonica Carminea\"><\/a>\r\n\t\t\t\t\t\t<div class=\"w-post-elm post_image usg_post_image_1 has_ratio\"><img loading=\"lazy\" decoding=\"async\" width=\"4288\" height=\"2848\" src=\"https:\/\/lehmann-baumschulen.ch\/wp-content\/uploads\/2025\/10\/Primula-japonica-Carminea.jpg\" class=\"attachment-full size-full wp-post-image\" alt=\"\" \/><div style=\"padding-bottom:75%\"><\/div><\/div><p class=\"w-post-elm post_title usg_post_title_1 woocommerce-loop-product__title color_link_inherit\">Primula japonica Carminea<\/p>\t\t<\/div>\r\n\t\t\t<\/article>\r\n<\/div><div class=\"l-popup\">\r\n\t<div class=\"l-popup-overlay\"><\/div>\r\n\t<div class=\"l-popup-wrap\">\r\n\t\t<button class=\"l-popup-closer\" type=\"button\" aria-label=\"Fermer\"><\/button>\r\n\t\t\t\t\t<button class=\"l-popup-arrow to_prev hidden\" type=\"button\" title=\"Pr\u00e9c\u00e9dent\"><\/button>\r\n\t\t\t<button class=\"l-popup-arrow to_next hidden\" type=\"button\" title=\"Suivant\"><\/button>\r\n\t\t\t\t<div class=\"l-popup-box\">\r\n\t\t\t<div class=\"l-popup-box-content\">\r\n\t\t\t\t<div class=\"g-preloader type_1\">\r\n\t\t\t\t\t<div><\/div>\r\n\t\t\t\t<\/div>\r\n\t\t\t\t<iframe class=\"l-popup-box-content-frame\" allowfullscreen><\/iframe>\r\n\t\t\t<\/div>\r\n\t\t<\/div>\r\n\t<\/div>\r\n<\/div>\r\n<div class=\"g-loadmore\"><div class=\"g-preloader type_1\"><div><\/div><\/div><button class=\"w-btn us-btn-style_1\"><span class=\"w-btn-label\">Charger plus<\/span><\/button><\/div><div class=\"w-grid-list-json hidden\" onclick='return {&quot;max_num_pages&quot;:2,&quot;paginationBase&quot;:&quot;page&quot;,&quot;pagination&quot;:&quot;load_on_btn&quot;,&quot;paged&quot;:1,&quot;ajaxData&quot;:{&quot;action&quot;:&quot;us_ajax_product_list&quot;,&quot;meta_type&quot;:&quot;post&quot;,&quot;object_id&quot;:0,&quot;template_vars&quot;:{&quot;shortcode_base&quot;:&quot;us_product_list&quot;,&quot;paged&quot;:1,&quot;max_num_pages&quot;:2,&quot;no_results&quot;:false,&quot;is_product_list&quot;:true,&quot;found_posts&quot;:7,&quot;per_page&quot;:6,&quot;items_count&quot;:6,&quot;orderby_random_seed&quot;:null,&quot;source&quot;:&quot;all&quot;,&quot;ids&quot;:&quot;&quot;,&quot;apply_url_params&quot;:0,&quot;onsale_only&quot;:0,&quot;featured_only&quot;:0,&quot;exclude_out_of_stock&quot;:0,&quot;exclude_hidden&quot;:1,&quot;exclude_current_product&quot;:1,&quot;exclude_prev_posts&quot;:0,&quot;enable_items_offset&quot;:0,&quot;items_offset&quot;:&quot;1&quot;,&quot;price_compare&quot;:&quot;none&quot;,&quot;price&quot;:&quot;99.99&quot;,&quot;price_max&quot;:&quot;299.99&quot;,&quot;tax_query_relation&quot;:&quot;AND&quot;,&quot;tax_query&quot;:&quot;%5B%7B%22operator%22%3A%22IN%22%2C%22taxonomy%22%3A%22product_cat%22%2C%22terms%22%3A%2257%22%2C%22include_children%22%3A%220%22%7D%5D&quot;,&quot;meta_query_relation&quot;:&quot;none&quot;,&quot;meta_query&quot;:[{&quot;key&quot;:&quot;custom_field_name&quot;,&quot;compare&quot;:&quot;=&quot;,&quot;value&quot;:&quot;&quot;}],&quot;orderby&quot;:&quot;title&quot;,&quot;orderby_custom_field&quot;:&quot;&quot;,&quot;orderby_recent_sales_days&quot;:&quot;30&quot;,&quot;orderby_custom_type&quot;:0,&quot;order_invert&quot;:0,&quot;show_all&quot;:0,&quot;quantity&quot;:&quot;6&quot;,&quot;posts_per_archive_page&quot;:0,&quot;no_items_action&quot;:&quot;message&quot;,&quot;no_items_message&quot;:&quot;Aucun r\\u00e9sultat.&quot;,&quot;no_items_page_block&quot;:&quot;&quot;,&quot;pagination&quot;:&quot;load_on_btn&quot;,&quot;pagination_style&quot;:&quot;&quot;,&quot;pagination_btn_text&quot;:&quot;Charger plus&quot;,&quot;pagination_btn_size&quot;:&quot;&quot;,&quot;pagination_btn_style&quot;:&quot;1&quot;,&quot;pagination_btn_fullwidth&quot;:0,&quot;items_layout&quot;:&quot;5606&quot;,&quot;type&quot;:&quot;grid&quot;,&quot;items_valign&quot;:0,&quot;ignore_items_size&quot;:0,&quot;columns&quot;:&quot;3&quot;,&quot;items_gap&quot;:&quot;1.5rem&quot;,&quot;load_animation&quot;:&quot;none&quot;,&quot;items_preload_style&quot;:&quot;spinner&quot;,&quot;img_size&quot;:&quot;default&quot;,&quot;title_size&quot;:&quot;&quot;,&quot;items_ratio&quot;:&quot;default&quot;,&quot;items_ratio_width&quot;:&quot;21&quot;,&quot;items_ratio_height&quot;:&quot;9&quot;,&quot;overriding_link&quot;:&quot;%7B%22type%22%3A%22popup_post%22%7D&quot;,&quot;popup_page_template&quot;:&quot;0&quot;,&quot;popup_width&quot;:&quot;&quot;,&quot;popup_arrows&quot;:1,&quot;breakpoint_1_width&quot;:&quot;1381px&quot;,&quot;breakpoint_1_cols&quot;:&quot;default&quot;,&quot;breakpoint_1_quantity&quot;:&quot;&quot;,&quot;breakpoint_1_gap&quot;:&quot;&quot;,&quot;breakpoint_2_width&quot;:&quot;1025px&quot;,&quot;breakpoint_2_cols&quot;:&quot;2&quot;,&quot;breakpoint_2_quantity&quot;:&quot;&quot;,&quot;breakpoint_2_gap&quot;:&quot;&quot;,&quot;breakpoint_3_width&quot;:&quot;769px&quot;,&quot;breakpoint_3_cols&quot;:&quot;1&quot;,&quot;breakpoint_3_quantity&quot;:&quot;&quot;,&quot;breakpoint_3_gap&quot;:&quot;&quot;,&quot;conditions_operator&quot;:&quot;always&quot;,&quot;conditions&quot;:[],&quot;css&quot;:null,&quot;el_class&quot;:&quot;&quot;,&quot;el_id&quot;:&quot;&quot;,&quot;enable_custom_html_atts&quot;:0,&quot;custom_html_atts&quot;:null,&quot;hide_on_states&quot;:&quot;&quot;,&quot;hide_for_sticky&quot;:0,&quot;hide_for_not_sticky&quot;:0,&quot;hide_below&quot;:&quot;0px&quot;,&quot;hide_above&quot;:&quot;0px&quot;,&quot;classes&quot;:&quot;&quot;},&quot;found_posts&quot;:7,&quot;per_page&quot;:6},&quot;facetedFilter&quot;:[]}'><\/div><\/div><\/div><\/div><\/div><\/div><\/section>\n","protected":false},"excerpt":{"rendered":"","protected":false},"author":1,"featured_media":1540,"parent":2881,"menu_order":40,"comment_status":"closed","ping_status":"closed","template":"","meta":{"_acf_changed":false,"footnotes":""},"class_list":["post-2885","page","type-page","status-publish","has-post-thumbnail","hentry"],"acf":[],"_links":{"self":[{"href":"https:\/\/lehmann-baumschulen.ch\/fr\/wp-json\/wp\/v2\/pages\/2885","targetHints":{"allow":["GET"]}}],"collection":[{"href":"https:\/\/lehmann-baumschulen.ch\/fr\/wp-json\/wp\/v2\/pages"}],"about":[{"href":"https:\/\/lehmann-baumschulen.ch\/fr\/wp-json\/wp\/v2\/types\/page"}],"author":[{"embeddable":true,"href":"https:\/\/lehmann-baumschulen.ch\/fr\/wp-json\/wp\/v2\/users\/1"}],"replies":[{"embeddable":true,"href":"https:\/\/lehmann-baumschulen.ch\/fr\/wp-json\/wp\/v2\/comments?post=2885"}],"version-history":[{"count":12,"href":"https:\/\/lehmann-baumschulen.ch\/fr\/wp-json\/wp\/v2\/pages\/2885\/revisions"}],"predecessor-version":[{"id":8148,"href":"https:\/\/lehmann-baumschulen.ch\/fr\/wp-json\/wp\/v2\/pages\/2885\/revisions\/8148"}],"up":[{"embeddable":true,"href":"https:\/\/lehmann-baumschulen.ch\/fr\/wp-json\/wp\/v2\/pages\/2881"}],"wp:featuredmedia":[{"embeddable":true,"href":"https:\/\/lehmann-baumschulen.ch\/fr\/wp-json\/wp\/v2\/media\/1540"}],"wp:attachment":[{"href":"https:\/\/lehmann-baumschulen.ch\/fr\/wp-json\/wp\/v2\/media?parent=2885"}],"curies":[{"name":"wp","href":"https:\/\/api.w.org\/{rel}","templated":true}]}}