{"id":2888,"date":"2024-09-10T07:05:16","date_gmt":"2024-09-10T07:05:16","guid":{"rendered":"https:\/\/www.lehmann-baumschulen.ch\/?page_id=2888"},"modified":"2026-02-23T15:39:01","modified_gmt":"2026-02-23T15:39:01","slug":"articles-de-decoration","status":"publish","type":"page","link":"https:\/\/lehmann-baumschulen.ch\/fr\/produits\/articles-de-decoration\/","title":{"rendered":"Articles de d\u00e9coration"},"content":{"rendered":"<section class=\"l-section wpb_row height_medium\"><div class=\"l-section-h i-cf\"><div class=\"g-cols vc_row via_grid cols_1 laptops-cols_inherit tablets-cols_inherit mobiles-cols_1 valign_top type_default stacking_default\"><div class=\"wpb_column vc_column_container\"><div class=\"vc_column-inner\"><div class=\"wpb_text_column\"><div class=\"wpb_wrapper\"><p><span>Jetez un coup d\u2019\u0153il dans notre serre. \u00c0 chaque saison, vous y trouverez l\u2019accessoire sp\u00e9cifique, qui conviendra \u00e0 votre personnalit\u00e9 et \u00e0 votre int\u00e9rieur. La pr\u00e9sentation des articles de d\u00e9coration r\u00e9alis\u00e9e avec amour sera une v\u00e9ritable source d\u2019inspiration!<\/span><\/p>\n<\/div><\/div><div class=\"w-separator size_medium\"><\/div><div class=\"w-grid us_grid type_grid layout_938 cols_3 preload_style_spinner\" id=\"us_grid_1\" style=\"--columns:3;--gap:1rem;\" data-filterable=\"true\"><style>@media (max-width:1024px){#us_grid_1{--columns:2!important}}@media (max-width:768px){#us_grid_1{--columns:1!important}}.layout_938 .w-grid-item-h{background:var(--color-alt-content-bg);border-radius:0.5rem;box-shadow:0 0.05rem 0.1rem rgba(0,0,0,0.1),0 0.17rem 0.5rem rgba(0,0,0,0.1);transition-duration:0.3s}.no-touch .layout_938 .w-grid-item-h:hover{box-shadow:0 0.1rem 0.2rem rgba(0,0,0,0.1),0 0.33rem 1rem rgba(0,0,0,0.15);z-index:4}.layout_938 .usg_post_image_1{border-radius:0.5rem!important}<\/style><div class=\"w-grid-list\">\t<article class=\"w-grid-item size_1x1 post-7068 attachment type-attachment status-inherit hentry\" data-id=\"7068\">\r\n\t\t<div class=\"w-grid-item-h\">\r\n\t\t\t\t\t\t\t<a ref=\"magnificPopupGrid\" href=\"https:\/\/lehmann-baumschulen.ch\/wp-content\/uploads\/2026\/02\/Schoen-dass-es-dich-gibt-1.jpg\" class=\"w-grid-item-anchor\" aria-label=\"Sch\u00f6n dass es dich gibt\"><\/a>\r\n\t\t\t\t\t\t<div class=\"w-post-elm post_image usg_post_image_1 has_ratio\"><img loading=\"lazy\" decoding=\"async\" width=\"4288\" height=\"2848\" src=\"https:\/\/lehmann-baumschulen.ch\/wp-content\/uploads\/2026\/02\/Schoen-dass-es-dich-gibt-1.jpg\" class=\"attachment-full size-full\" alt=\"\" \/><div style=\"padding-bottom:75%\"><\/div><\/div>\t\t<\/div>\r\n\t\t\t<\/article>\r\n\t<article class=\"w-grid-item size_1x1 post-7065 attachment type-attachment status-inherit hentry\" data-id=\"7065\">\r\n\t\t<div class=\"w-grid-item-h\">\r\n\t\t\t\t\t\t\t<a ref=\"magnificPopupGrid\" href=\"https:\/\/lehmann-baumschulen.ch\/wp-content\/uploads\/2026\/02\/Eisvoegel-1.jpg\" class=\"w-grid-item-anchor\" aria-label=\"Eisv\u00f6gel\"><\/a>\r\n\t\t\t\t\t\t<div class=\"w-post-elm post_image usg_post_image_1 has_ratio\"><img loading=\"lazy\" decoding=\"async\" width=\"4288\" height=\"2848\" src=\"https:\/\/lehmann-baumschulen.ch\/wp-content\/uploads\/2026\/02\/Eisvoegel-1.jpg\" class=\"attachment-full size-full\" alt=\"\" \/><div style=\"padding-bottom:75%\"><\/div><\/div>\t\t<\/div>\r\n\t\t\t<\/article>\r\n\t<article class=\"w-grid-item size_1x1 post-2477 attachment type-attachment status-inherit hentry\" data-id=\"2477\">\r\n\t\t<div class=\"w-grid-item-h\">\r\n\t\t\t\t\t\t\t<a ref=\"magnificPopupGrid\" href=\"https:\/\/lehmann-baumschulen.ch\/wp-content\/uploads\/2025\/03\/4-Eingang-scaled.jpg\" class=\"w-grid-item-anchor\" aria-label=\"Entr\u00e9e dans un nouvel habit\"><\/a>\r\n\t\t\t\t\t\t<div class=\"w-post-elm post_image usg_post_image_1 has_ratio\"><img loading=\"lazy\" decoding=\"async\" width=\"2560\" height=\"1700\" src=\"https:\/\/lehmann-baumschulen.ch\/wp-content\/uploads\/2025\/03\/4-Eingang-scaled.jpg\" class=\"attachment-full size-full\" alt=\"\" \/><div style=\"padding-bottom:75%\"><\/div><\/div>\t\t<\/div>\r\n\t\t\t<\/article>\r\n\t<article class=\"w-grid-item size_1x1 post-7051 attachment type-attachment status-inherit hentry\" data-id=\"7051\">\r\n\t\t<div class=\"w-grid-item-h\">\r\n\t\t\t\t\t\t\t<a ref=\"magnificPopupGrid\" href=\"https:\/\/lehmann-baumschulen.ch\/wp-content\/uploads\/2026\/02\/DSC_0661.jpg\" class=\"w-grid-item-anchor\" aria-label=\"DSC_0661\"><\/a>\r\n\t\t\t\t\t\t<div class=\"w-post-elm post_image usg_post_image_1 has_ratio\"><img loading=\"lazy\" decoding=\"async\" width=\"4288\" height=\"2848\" src=\"https:\/\/lehmann-baumschulen.ch\/wp-content\/uploads\/2026\/02\/DSC_0661.jpg\" class=\"attachment-full size-full\" alt=\"\" \/><div style=\"padding-bottom:75%\"><\/div><\/div>\t\t<\/div>\r\n\t\t\t<\/article>\r\n\t<article class=\"w-grid-item size_1x1 post-3023 attachment type-attachment status-inherit hentry\" data-id=\"3023\">\r\n\t\t<div class=\"w-grid-item-h\">\r\n\t\t\t\t\t\t\t<a ref=\"magnificPopupGrid\" href=\"https:\/\/lehmann-baumschulen.ch\/wp-content\/uploads\/2025\/05\/Boutique-mit-Cafe-scaled.jpg\" class=\"w-grid-item-anchor\" aria-label=\"Boutique avec caf\u00e9\"><\/a>\r\n\t\t\t\t\t\t<div class=\"w-post-elm post_image usg_post_image_1 has_ratio\"><img loading=\"lazy\" decoding=\"async\" width=\"2560\" height=\"1700\" src=\"https:\/\/lehmann-baumschulen.ch\/wp-content\/uploads\/2025\/05\/Boutique-mit-Cafe-scaled.jpg\" class=\"attachment-full size-full\" alt=\"\" \/><div style=\"padding-bottom:75%\"><\/div><\/div>\t\t<\/div>\r\n\t\t\t<\/article>\r\n\t<article class=\"w-grid-item size_1x1 post-2475 attachment type-attachment status-inherit hentry\" data-id=\"2475\">\r\n\t\t<div class=\"w-grid-item-h\">\r\n\t\t\t\t\t\t\t<a ref=\"magnificPopupGrid\" href=\"https:\/\/lehmann-baumschulen.ch\/wp-content\/uploads\/2025\/03\/4-Cafe-scaled.jpg\" class=\"w-grid-item-anchor\" aria-label=\"Que diriez-vous d&#039;un bon cappuccino?\"><\/a>\r\n\t\t\t\t\t\t<div class=\"w-post-elm post_image usg_post_image_1 has_ratio\"><img loading=\"lazy\" decoding=\"async\" width=\"2560\" height=\"1700\" src=\"https:\/\/lehmann-baumschulen.ch\/wp-content\/uploads\/2025\/03\/4-Cafe-scaled.jpg\" class=\"attachment-full size-full\" alt=\"\" \/><div style=\"padding-bottom:75%\"><\/div><\/div>\t\t<\/div>\r\n\t\t\t<\/article>\r\n\t<article class=\"w-grid-item size_1x1 post-7067 attachment type-attachment status-inherit hentry\" data-id=\"7067\">\r\n\t\t<div class=\"w-grid-item-h\">\r\n\t\t\t\t\t\t\t<a ref=\"magnificPopupGrid\" href=\"https:\/\/lehmann-baumschulen.ch\/wp-content\/uploads\/2026\/02\/Ostereier-1.jpg\" class=\"w-grid-item-anchor\" aria-label=\"Ostereier\"><\/a>\r\n\t\t\t\t\t\t<div class=\"w-post-elm post_image usg_post_image_1 has_ratio\"><img loading=\"lazy\" decoding=\"async\" width=\"4288\" height=\"2848\" src=\"https:\/\/lehmann-baumschulen.ch\/wp-content\/uploads\/2026\/02\/Ostereier-1.jpg\" class=\"attachment-full size-full\" alt=\"\" \/><div style=\"padding-bottom:75%\"><\/div><\/div>\t\t<\/div>\r\n\t\t\t<\/article>\r\n\t<article class=\"w-grid-item size_1x1 post-7066 attachment type-attachment status-inherit hentry\" data-id=\"7066\">\r\n\t\t<div class=\"w-grid-item-h\">\r\n\t\t\t\t\t\t\t<a ref=\"magnificPopupGrid\" href=\"https:\/\/lehmann-baumschulen.ch\/wp-content\/uploads\/2026\/02\/Froeschlis-1.jpg\" class=\"w-grid-item-anchor\" aria-label=\"Fr\u00f6schlis\"><\/a>\r\n\t\t\t\t\t\t<div class=\"w-post-elm post_image usg_post_image_1 has_ratio\"><img loading=\"lazy\" decoding=\"async\" width=\"4288\" height=\"2848\" src=\"https:\/\/lehmann-baumschulen.ch\/wp-content\/uploads\/2026\/02\/Froeschlis-1.jpg\" class=\"attachment-full size-full\" alt=\"\" \/><div style=\"padding-bottom:75%\"><\/div><\/div>\t\t<\/div>\r\n\t\t\t<\/article>\r\n\t<article class=\"w-grid-item size_1x1 post-7064 attachment type-attachment status-inherit hentry\" data-id=\"7064\">\r\n\t\t<div class=\"w-grid-item-h\">\r\n\t\t\t\t\t\t\t<a ref=\"magnificPopupGrid\" href=\"https:\/\/lehmann-baumschulen.ch\/wp-content\/uploads\/2026\/02\/Baerner-Schmoecki-Cherze-1.jpg\" class=\"w-grid-item-anchor\" aria-label=\"B\u00e4rner Schm\u00f6cki-Cherze\"><\/a>\r\n\t\t\t\t\t\t<div class=\"w-post-elm post_image usg_post_image_1 has_ratio\"><img loading=\"lazy\" decoding=\"async\" width=\"4288\" height=\"2848\" src=\"https:\/\/lehmann-baumschulen.ch\/wp-content\/uploads\/2026\/02\/Baerner-Schmoecki-Cherze-1.jpg\" class=\"attachment-full size-full\" alt=\"\" \/><div style=\"padding-bottom:75%\"><\/div><\/div>\t\t<\/div>\r\n\t\t\t<\/article>\r\n<\/div>\t<div class=\"w-grid-preloader\">\r\n\t\t<div class=\"g-preloader type_1\">\r\n\t\t\t<div><\/div>\r\n\t\t<\/div>\r\n\t<\/div>\r\n\t\t<div class=\"w-grid-json hidden\" onclick='return {&quot;action&quot;:&quot;us_ajax_grid&quot;,&quot;infinite_scroll&quot;:0,&quot;max_num_pages&quot;:1,&quot;pagination&quot;:&quot;none&quot;,&quot;template_vars&quot;:{&quot;columns&quot;:&quot;3&quot;,&quot;exclude_items&quot;:&quot;none&quot;,&quot;img_size&quot;:&quot;default&quot;,&quot;ignore_items_size&quot;:0,&quot;items_layout&quot;:&quot;938&quot;,&quot;items_offset&quot;:&quot;1&quot;,&quot;load_animation&quot;:&quot;none&quot;,&quot;overriding_link&quot;:&quot;%7B%22type%22%3A%22popup_image%22%7D&quot;,&quot;post_id&quot;:0,&quot;query_args&quot;:{&quot;post_type&quot;:[&quot;attachment&quot;],&quot;post__in&quot;:[&quot;7068&quot;,&quot;7065&quot;,&quot;2476&quot;,&quot;7051&quot;,&quot;3023&quot;,&quot;2475&quot;,&quot;7067&quot;,&quot;7066&quot;,&quot;7064&quot;],&quot;post_status&quot;:&quot;inherit&quot;,&quot;post_mime_type&quot;:&quot;image&quot;,&quot;posts_per_page&quot;:999},&quot;orderby_query_args&quot;:{&quot;orderby&quot;:{&quot;post__in&quot;:&quot;ASC&quot;},&quot;order&quot;:&quot;ASC&quot;},&quot;type&quot;:&quot;grid&quot;,&quot;us_grid_post_type&quot;:&quot;attachment&quot;,&quot;us_grid_ajax_index&quot;:1,&quot;us_grid_filter_query_string&quot;:null,&quot;us_grid_index&quot;:1,&quot;page_args&quot;:[],&quot;lang&quot;:&quot;fr&quot;}}'><\/div>\r\n\t<\/div><\/div><\/div><\/div><\/div><\/section>\n","protected":false},"excerpt":{"rendered":"","protected":false},"author":1,"featured_media":7061,"parent":2887,"menu_order":20,"comment_status":"closed","ping_status":"closed","template":"","meta":{"_acf_changed":false,"footnotes":""},"class_list":["post-2888","page","type-page","status-publish","has-post-thumbnail","hentry"],"acf":[],"_links":{"self":[{"href":"https:\/\/lehmann-baumschulen.ch\/fr\/wp-json\/wp\/v2\/pages\/2888","targetHints":{"allow":["GET"]}}],"collection":[{"href":"https:\/\/lehmann-baumschulen.ch\/fr\/wp-json\/wp\/v2\/pages"}],"about":[{"href":"https:\/\/lehmann-baumschulen.ch\/fr\/wp-json\/wp\/v2\/types\/page"}],"author":[{"embeddable":true,"href":"https:\/\/lehmann-baumschulen.ch\/fr\/wp-json\/wp\/v2\/users\/1"}],"replies":[{"embeddable":true,"href":"https:\/\/lehmann-baumschulen.ch\/fr\/wp-json\/wp\/v2\/comments?post=2888"}],"version-history":[{"count":7,"href":"https:\/\/lehmann-baumschulen.ch\/fr\/wp-json\/wp\/v2\/pages\/2888\/revisions"}],"predecessor-version":[{"id":7069,"href":"https:\/\/lehmann-baumschulen.ch\/fr\/wp-json\/wp\/v2\/pages\/2888\/revisions\/7069"}],"up":[{"embeddable":true,"href":"https:\/\/lehmann-baumschulen.ch\/fr\/wp-json\/wp\/v2\/pages\/2887"}],"wp:featuredmedia":[{"embeddable":true,"href":"https:\/\/lehmann-baumschulen.ch\/fr\/wp-json\/wp\/v2\/media\/7061"}],"wp:attachment":[{"href":"https:\/\/lehmann-baumschulen.ch\/fr\/wp-json\/wp\/v2\/media?parent=2888"}],"curies":[{"name":"wp","href":"https:\/\/api.w.org\/{rel}","templated":true}]}}