{"id":2889,"date":"2024-06-10T11:02:05","date_gmt":"2024-06-10T11:02:05","guid":{"rendered":"https:\/\/www.lehmann-baumschulen.ch\/?page_id=2889"},"modified":"2026-03-25T08:38:33","modified_gmt":"2026-03-25T08:38:33","slug":"services","status":"publish","type":"page","link":"https:\/\/lehmann-baumschulen.ch\/fr\/produits\/services\/","title":{"rendered":"Services"},"content":{"rendered":"<section class=\"l-section wpb_row height_medium\"><div class=\"l-section-h i-cf\"><div class=\"g-cols vc_row via_grid cols_1 laptops-cols_inherit tablets-cols_inherit mobiles-cols_1 valign_top type_default stacking_default\"><div class=\"wpb_column vc_column_container\"><div class=\"vc_column-inner\"><div class=\"wpb_text_column\"><div class=\"wpb_wrapper\"><h3>Empotage et rempotage<\/h3>\n<p>Nous empotons pour vous les plantes achet\u00e9es sur place.<br \/>\nNous rempotons vos plantes dans des pots achet\u00e9s sur place.<\/p>\n<h3>Cadeaux<\/h3>\n<p>Nous r\u00e9alisons avec plaisir vos emballages-cadeaux.<br \/>\nNous d\u00e9corons volontiers votre plante avec les accessoires de circonstance (mariage, bapt\u00eame, etc.).<\/p>\n<h3>Livraison<\/h3>\n<p>Sur demande, nous pouvons livrer vos plantes.<\/p>\n<h3>Location de plantes<\/h3>\n<p>Quel que soit l\u2019\u00e9v\u00e9nement que vous organisiez, chez nous, vous pouvez louer les plantes.<\/p>\n<h3>D\u00e9corations<\/h3>\n<p>Pour vos \u00e9v\u00e9nementiels, nous d\u00e9corons vos locaux de travail, une \u00e9glise, un hall de sport, etc. avec nos plantes (pas d\u2019arrangements floraux \u00e0 base de fleurs coup\u00e9es!).<\/p>\n<p><a href=\"https:\/\/www.lehmann-baumschulen.ch\/fr\/contact\/\">Demandez une offre!<\/a><!--more--><\/p>\n<\/div><\/div><\/div><\/div><\/div><\/div><\/section>\n","protected":false},"excerpt":{"rendered":"<p>Empotage et rempotage Nous empotons pour vous les plantes achet\u00e9es sur place. Nous rempotons vos plantes dans des pots achet\u00e9s sur place. Cadeaux Nous r\u00e9alisons avec plaisir vos emballages-cadeaux. Nous d\u00e9corons volontiers votre plante avec les accessoires de circonstance (mariage, bapt\u00eame, etc.). Livraison Sur demande, nous pouvons livrer vos plantes. Location de plantes Quel que...<\/p>\n","protected":false},"author":1,"featured_media":6171,"parent":2887,"menu_order":40,"comment_status":"closed","ping_status":"closed","template":"","meta":{"_acf_changed":false,"footnotes":""},"class_list":["post-2889","page","type-page","status-publish","has-post-thumbnail","hentry"],"acf":[],"_links":{"self":[{"href":"https:\/\/lehmann-baumschulen.ch\/fr\/wp-json\/wp\/v2\/pages\/2889","targetHints":{"allow":["GET"]}}],"collection":[{"href":"https:\/\/lehmann-baumschulen.ch\/fr\/wp-json\/wp\/v2\/pages"}],"about":[{"href":"https:\/\/lehmann-baumschulen.ch\/fr\/wp-json\/wp\/v2\/types\/page"}],"author":[{"embeddable":true,"href":"https:\/\/lehmann-baumschulen.ch\/fr\/wp-json\/wp\/v2\/users\/1"}],"replies":[{"embeddable":true,"href":"https:\/\/lehmann-baumschulen.ch\/fr\/wp-json\/wp\/v2\/comments?post=2889"}],"version-history":[{"count":5,"href":"https:\/\/lehmann-baumschulen.ch\/fr\/wp-json\/wp\/v2\/pages\/2889\/revisions"}],"predecessor-version":[{"id":8153,"href":"https:\/\/lehmann-baumschulen.ch\/fr\/wp-json\/wp\/v2\/pages\/2889\/revisions\/8153"}],"up":[{"embeddable":true,"href":"https:\/\/lehmann-baumschulen.ch\/fr\/wp-json\/wp\/v2\/pages\/2887"}],"wp:featuredmedia":[{"embeddable":true,"href":"https:\/\/lehmann-baumschulen.ch\/fr\/wp-json\/wp\/v2\/media\/6171"}],"wp:attachment":[{"href":"https:\/\/lehmann-baumschulen.ch\/fr\/wp-json\/wp\/v2\/media?parent=2889"}],"curies":[{"name":"wp","href":"https:\/\/api.w.org\/{rel}","templated":true}]}}