{"id":2892,"date":"2024-09-10T07:05:57","date_gmt":"2024-09-10T07:05:57","guid":{"rendered":"https:\/\/www.lehmann-baumschulen.ch\/?page_id=2892"},"modified":"2025-06-05T07:48:51","modified_gmt":"2025-06-05T07:48:51","slug":"engrais","status":"publish","type":"page","link":"https:\/\/lehmann-baumschulen.ch\/fr\/produits\/accessoires\/engrais\/","title":{"rendered":"Engrais"},"content":{"rendered":"<section class=\"l-section wpb_row height_medium\"><div class=\"l-section-h i-cf\"><div class=\"g-cols vc_row via_grid cols_1 laptops-cols_inherit tablets-cols_inherit mobiles-cols_1 valign_top type_default stacking_default\"><div class=\"wpb_column vc_column_container\"><div class=\"vc_column-inner\"><div class=\"wpb_text_column\"><div class=\"wpb_wrapper\"><p><span>Les besoins des plantes en \u00e9l\u00e9ments nutritifs sont aussi vari\u00e9s que les plantes elles-m\u00eames. Vous trouverez chez nous les engrais universels pour plantes fleuries et plantes vertes, mais aussi toute la gamme d\u2019engrais sp\u00e9ciaux pour conif\u00e8res, tomates, orchid\u00e9es, agrumes, etc. Sans oublier les produits curatifs pour lutter contre les carences en oligo-\u00e9l\u00e9ments (chlorose ferrique...)<\/span><\/p>\n<\/div><\/div><\/div><\/div><\/div><\/div><\/section>\n","protected":false},"excerpt":{"rendered":"Les besoins des plantes en \u00e9l\u00e9ments nutritifs sont aussi vari\u00e9s que les plantes elles-m\u00eames. Vous trouverez chez nous les engrais universels pour plantes fleuries et plantes vertes, mais aussi toute la gamme d\u2019engrais sp\u00e9ciaux pour conif\u00e8res, tomates, orchid\u00e9es, agrumes, etc. Sans oublier les produits curatifs pour lutter contre les carences en oligo-\u00e9l\u00e9ments (chlorose ferrique...)","protected":false},"author":1,"featured_media":3416,"parent":2891,"menu_order":20,"comment_status":"closed","ping_status":"closed","template":"","meta":{"_acf_changed":false,"footnotes":""},"class_list":["post-2892","page","type-page","status-publish","has-post-thumbnail","hentry"],"acf":[],"_links":{"self":[{"href":"https:\/\/lehmann-baumschulen.ch\/fr\/wp-json\/wp\/v2\/pages\/2892","targetHints":{"allow":["GET"]}}],"collection":[{"href":"https:\/\/lehmann-baumschulen.ch\/fr\/wp-json\/wp\/v2\/pages"}],"about":[{"href":"https:\/\/lehmann-baumschulen.ch\/fr\/wp-json\/wp\/v2\/types\/page"}],"author":[{"embeddable":true,"href":"https:\/\/lehmann-baumschulen.ch\/fr\/wp-json\/wp\/v2\/users\/1"}],"replies":[{"embeddable":true,"href":"https:\/\/lehmann-baumschulen.ch\/fr\/wp-json\/wp\/v2\/comments?post=2892"}],"version-history":[{"count":2,"href":"https:\/\/lehmann-baumschulen.ch\/fr\/wp-json\/wp\/v2\/pages\/2892\/revisions"}],"predecessor-version":[{"id":3194,"href":"https:\/\/lehmann-baumschulen.ch\/fr\/wp-json\/wp\/v2\/pages\/2892\/revisions\/3194"}],"up":[{"embeddable":true,"href":"https:\/\/lehmann-baumschulen.ch\/fr\/wp-json\/wp\/v2\/pages\/2891"}],"wp:featuredmedia":[{"embeddable":true,"href":"https:\/\/lehmann-baumschulen.ch\/fr\/wp-json\/wp\/v2\/media\/3416"}],"wp:attachment":[{"href":"https:\/\/lehmann-baumschulen.ch\/fr\/wp-json\/wp\/v2\/media?parent=2892"}],"curies":[{"name":"wp","href":"https:\/\/api.w.org\/{rel}","templated":true}]}}