{"id":2893,"date":"2024-09-10T07:06:35","date_gmt":"2024-09-10T07:06:35","guid":{"rendered":"https:\/\/www.lehmann-baumschulen.ch\/?page_id=2893"},"modified":"2026-03-25T08:38:03","modified_gmt":"2026-03-25T08:38:03","slug":"terres","status":"publish","type":"page","link":"https:\/\/lehmann-baumschulen.ch\/fr\/produits\/accessoires\/terres\/","title":{"rendered":"Terres"},"content":{"rendered":"<section class=\"l-section wpb_row height_medium\"><div class=\"l-section-h i-cf\"><div class=\"g-cols vc_row via_grid cols_1 laptops-cols_inherit tablets-cols_inherit mobiles-cols_1 valign_top type_default stacking_default\"><div class=\"wpb_column vc_column_container\"><div class=\"vc_column-inner\"><div class=\"wpb_text_column\"><div class=\"wpb_wrapper\"><h2>Lehmann's Profi terreau pour plantes en bacs<\/h2>\n<p>La recette de ce terreau pour plantes en bacs est bas\u00e9e sur notre exp\u00e9rience de plusieurs d\u00e9cennies dans la culture de plantes de jardin. D\u00e9velopp\u00e9 par un professionnel pour vos plantes!<\/p>\n<ul>\n<li>Perm\u00e9able et retenant l'eau<\/li>\n<li>Structure stable<\/li>\n<li>Parfait pour toutes les plantations pluriannuelles en bacs et en r\u00e9cipients (sauf plantes de bruy\u00e8re)<\/li>\n<\/ul>\n<h2>Terreau Ricoter - le choix parfait pour une croissance saine des plantes<\/h2>\n<p>Que ce soit pour les herbes aromatiques, les fleurs, les plantes de balcon et de terrasse ou pour des applications universelles, le terreau de Ricoter offre \u00e0 vos plantes la base parfaite pour une croissance vigoureuse et une floraison abondante. Ce terreau de qualit\u00e9 sup\u00e9rieure, 100% sans tourbe, est polyvalent et assure une r\u00e9tention d'eau optimale ainsi qu'une structure stable du sol.<\/p>\n<ul>\n<li>Retient l'eau - Favorise une croissance saine<\/li>\n<li>Durable &amp; sans tourbe - Formule respectueuse de l'environnement<\/li>\n<li>R\u00e9gional: fabriqu\u00e9 \u00e0 Aarberg<\/li>\n<li>Que ce soit dans le jardin, sur le balcon ou la terrasse,<br \/>\nle terreau Ricoter vous permet de cr\u00e9er les meilleures conditions pour vos plantes.<\/li>\n<li>Essayez-le maintenant et profitez de la nature dans toute sa splendeur!<\/li>\n<\/ul>\n<\/div><\/div><\/div><\/div><\/div><\/div><\/section>\n","protected":false},"excerpt":{"rendered":"Lehmann's Profi terreau pour plantes en bacs La recette de ce terreau pour plantes en bacs est bas\u00e9e sur notre exp\u00e9rience de plusieurs d\u00e9cennies dans la culture de plantes de jardin. D\u00e9velopp\u00e9 par un professionnel pour vos plantes! Perm\u00e9able et retenant l'eau Structure stable Parfait pour toutes les plantations pluriannuelles en bacs et en r\u00e9cipients...","protected":false},"author":1,"featured_media":2709,"parent":2891,"menu_order":10,"comment_status":"closed","ping_status":"closed","template":"","meta":{"_acf_changed":false,"footnotes":""},"class_list":["post-2893","page","type-page","status-publish","has-post-thumbnail","hentry"],"acf":[],"_links":{"self":[{"href":"https:\/\/lehmann-baumschulen.ch\/fr\/wp-json\/wp\/v2\/pages\/2893","targetHints":{"allow":["GET"]}}],"collection":[{"href":"https:\/\/lehmann-baumschulen.ch\/fr\/wp-json\/wp\/v2\/pages"}],"about":[{"href":"https:\/\/lehmann-baumschulen.ch\/fr\/wp-json\/wp\/v2\/types\/page"}],"author":[{"embeddable":true,"href":"https:\/\/lehmann-baumschulen.ch\/fr\/wp-json\/wp\/v2\/users\/1"}],"replies":[{"embeddable":true,"href":"https:\/\/lehmann-baumschulen.ch\/fr\/wp-json\/wp\/v2\/comments?post=2893"}],"version-history":[{"count":8,"href":"https:\/\/lehmann-baumschulen.ch\/fr\/wp-json\/wp\/v2\/pages\/2893\/revisions"}],"predecessor-version":[{"id":8152,"href":"https:\/\/lehmann-baumschulen.ch\/fr\/wp-json\/wp\/v2\/pages\/2893\/revisions\/8152"}],"up":[{"embeddable":true,"href":"https:\/\/lehmann-baumschulen.ch\/fr\/wp-json\/wp\/v2\/pages\/2891"}],"wp:featuredmedia":[{"embeddable":true,"href":"https:\/\/lehmann-baumschulen.ch\/fr\/wp-json\/wp\/v2\/media\/2709"}],"wp:attachment":[{"href":"https:\/\/lehmann-baumschulen.ch\/fr\/wp-json\/wp\/v2\/media?parent=2893"}],"curies":[{"name":"wp","href":"https:\/\/api.w.org\/{rel}","templated":true}]}}