{"id":2894,"date":"2024-09-10T07:06:18","date_gmt":"2024-09-10T07:06:18","guid":{"rendered":"https:\/\/www.lehmann-baumschulen.ch\/?page_id=2894"},"modified":"2025-05-22T14:39:36","modified_gmt":"2025-05-22T14:39:36","slug":"outils","status":"publish","type":"page","link":"https:\/\/lehmann-baumschulen.ch\/fr\/produits\/accessoires\/outils\/","title":{"rendered":"Outils"},"content":{"rendered":"<section class=\"l-section wpb_row height_medium\"><div class=\"l-section-h i-cf\"><div class=\"g-cols vc_row via_grid cols_1 laptops-cols_inherit tablets-cols_inherit mobiles-cols_1 valign_top type_default stacking_default\"><div class=\"wpb_column vc_column_container\"><div class=\"vc_column-inner\"><div class=\"wpb_text_column\"><div class=\"wpb_wrapper\"><h3>Notre gamme d'outils - une qualit\u00e9 qui convainc<\/h3>\n<p>Avec nos outils de haute qualit\u00e9, chaque projet est r\u00e9ussi sans effort! Nos outils performants, pr\u00e9cis et durables vous offrent le soutien parfait pour vos travaux de jardinage.<\/p>\n<ul>\n<li>Robuste &amp; durable - Mat\u00e9riaux de haute qualit\u00e9 pour une durabilit\u00e9 maximale<\/li>\n<li>Ergonomique &amp; performant - Manipulation et efficacit\u00e9 optimales<\/li>\n<li>Assortiment vari\u00e9 - Des outils manuels classiques aux outils sp\u00e9ciaux modernes pour d\u00e9sherber, ameublir, creuser, fendre le bois, etc.<\/li>\n<li>Outils de Krumpholz: forg\u00e9s \u00e0 la main en Bavi\u00e8re<\/li>\n<li>Misez sur la qualit\u00e9 et la fiabilit\u00e9 - d\u00e9couvrez maintenant le vaste choix d'outils et faites de votre prochain projet de jardinage une r\u00e9ussite!<\/li>\n<\/ul>\n<\/div><\/div><\/div><\/div><\/div><\/div><\/section>\n","protected":false},"excerpt":{"rendered":"Notre gamme d'outils - une qualit\u00e9 qui convainc Avec nos outils de haute qualit\u00e9, chaque projet est r\u00e9ussi sans effort! Nos outils performants, pr\u00e9cis et durables vous offrent le soutien parfait pour vos travaux de jardinage. Robuste &amp; durable - Mat\u00e9riaux de haute qualit\u00e9 pour une durabilit\u00e9 maximale Ergonomique &amp; performant - Manipulation et efficacit\u00e9...","protected":false},"author":1,"featured_media":2497,"parent":2891,"menu_order":40,"comment_status":"closed","ping_status":"closed","template":"","meta":{"_acf_changed":false,"footnotes":""},"class_list":["post-2894","page","type-page","status-publish","has-post-thumbnail","hentry"],"acf":[],"_links":{"self":[{"href":"https:\/\/lehmann-baumschulen.ch\/fr\/wp-json\/wp\/v2\/pages\/2894","targetHints":{"allow":["GET"]}}],"collection":[{"href":"https:\/\/lehmann-baumschulen.ch\/fr\/wp-json\/wp\/v2\/pages"}],"about":[{"href":"https:\/\/lehmann-baumschulen.ch\/fr\/wp-json\/wp\/v2\/types\/page"}],"author":[{"embeddable":true,"href":"https:\/\/lehmann-baumschulen.ch\/fr\/wp-json\/wp\/v2\/users\/1"}],"replies":[{"embeddable":true,"href":"https:\/\/lehmann-baumschulen.ch\/fr\/wp-json\/wp\/v2\/comments?post=2894"}],"version-history":[{"count":3,"href":"https:\/\/lehmann-baumschulen.ch\/fr\/wp-json\/wp\/v2\/pages\/2894\/revisions"}],"predecessor-version":[{"id":3199,"href":"https:\/\/lehmann-baumschulen.ch\/fr\/wp-json\/wp\/v2\/pages\/2894\/revisions\/3199"}],"up":[{"embeddable":true,"href":"https:\/\/lehmann-baumschulen.ch\/fr\/wp-json\/wp\/v2\/pages\/2891"}],"wp:featuredmedia":[{"embeddable":true,"href":"https:\/\/lehmann-baumschulen.ch\/fr\/wp-json\/wp\/v2\/media\/2497"}],"wp:attachment":[{"href":"https:\/\/lehmann-baumschulen.ch\/fr\/wp-json\/wp\/v2\/media?parent=2894"}],"curies":[{"name":"wp","href":"https:\/\/api.w.org\/{rel}","templated":true}]}}