{"id":2895,"date":"2025-02-28T09:44:36","date_gmt":"2025-02-28T09:44:36","guid":{"rendered":"https:\/\/www.lehmann-baumschulen.ch\/?page_id=2895"},"modified":"2026-03-17T09:37:30","modified_gmt":"2026-03-17T09:37:30","slug":"production","status":"publish","type":"page","link":"https:\/\/lehmann-baumschulen.ch\/fr\/production\/","title":{"rendered":"Production"},"content":{"rendered":"<section class=\"l-section wpb_row height_medium\"><div class=\"l-section-h i-cf\"><div class=\"g-cols vc_row via_grid cols_1 laptops-cols_inherit tablets-cols_inherit mobiles-cols_1 valign_top type_default stacking_default\"><div class=\"wpb_column vc_column_container\"><div class=\"vc_column-inner\"><div class=\"wpb_text_column\"><div class=\"wpb_wrapper\"><h2>Tradition &amp; qualit\u00e9 depuis des g\u00e9n\u00e9rations<\/h2>\n<p>La p\u00e9pini\u00e8re Lehmann est synonyme, depuis de nombreuses d\u00e9cennies, dune qualit\u00e9 v\u00e9g\u00e9tale de premier ordre, dune production durable et dun profond attachement \u00e0 la nature. Sur nos vastes surfaces de culture, nous cultivons avec passion et savoir-faire plus de 900 vari\u00e9t\u00e9s de ligneux et environ 700 vari\u00e9t\u00e9s de vivaces \u2013 des arbres robustes et arbustes dornement aux vivaces color\u00e9es et couvre-sols. <\/p>\n<h3>Production durable  culture soign\u00e9e<\/h3>\n<p>Nos plantes grandissent dans des conditions optimales \u2013 du semis \u00e0 la plante pr\u00eate, nous misons sur des m\u00e9thodes de culture respectueuses, des ressources r\u00e9gionales et des concepts dentretien durables. Gr\u00e2ce \u00e0 une technologie de pointe et \u00e0 des d\u00e9cennies dexp\u00e9rience, nous garantissons une qualit\u00e9 v\u00e9g\u00e9tale robuste, parfaitement adapt\u00e9e aux jardins, parcs et am\u00e9nagements paysagers publics. <\/p>\n<h3>Nos cultures de p\u00e9pini\u00e8re \u2013 la diversit\u00e9 issue de notre propre production<\/h3>\n<ul>\n<li><a href=\"https:\/\/www.lehmann-baumschulen.ch\/fr\/plantes\/arbres-et-arbustes\/feuillus\/\">Feuillus<\/a>  <a href=\"https:\/\/www.lehmann-baumschulen.ch\/fr\/plantes\/arbres-et-arbustes\/coniferes\/\">conif\u00e8res<\/a> \u2013 Pour des jardins vivants et des oasis de verdure<\/li>\n<li><a href=\"\/stauden\/bluetenstauden\/\">Arbustes \u00e0 fleurs  vivaces<\/a> \u2013 Une explosion de couleurs en toute saison<\/li>\n<li><a href=\"https:\/\/www.lehmann-baumschulen.ch\/fr\/plantes\/arbres-et-arbustes\/plantes-de-haies\/\">Haies<\/a>  couvre-sols \u2013 Un am\u00e9nagement naturel avec structure et protection<\/li>\n<li>Ligneux sauvages  plantes adapt\u00e9es au climat \u2013 Une v\u00e9g\u00e9talisation p\u00e9renne pour la ville  la campagne<\/li>\n<\/ul>\n<h3>Quand la tradition rencontre linnovation<\/h3>\n<p>Depuis des g\u00e9n\u00e9rations, nous nous consacrons avec passion au m\u00e9tier de p\u00e9pini\u00e9riste. Notre longue exp\u00e9rience, associ\u00e9e \u00e0 des m\u00e9thodes de production modernes, nous permet dallier qualit\u00e9 maximale et durabilit\u00e9. Que ce soit pour un jardin priv\u00e9 ou de grands projets paysagers, nos plantes sont synonymes de long\u00e9vit\u00e9 et de beaut\u00e9 naturelle.  <\/p>\n<p>Venez nous rendre visite et d\u00e9couvrez de pr\u00e8s la diversit\u00e9 de nos cultures de p\u00e9pini\u00e8re \u2013 nous serons ravis de vous accompagner lors dune visite de notre production !<\/p>\n<\/div><\/div><div class=\"w-separator size_medium\"><\/div><div class=\"w-grid us_post_list type_grid layout_938 cols_3 preload_style_spinner\" id=\"us_post_list_j875\" style=\"--columns:3;--gap:1.5rem;\"><style>@media (max-width:1024px){#us_post_list_j875{--columns:2!important}}@media (max-width:768px){#us_post_list_j875{--columns:1!important}}.layout_938 .w-grid-item-h{background:var(--color-alt-content-bg);border-radius:0.5rem;box-shadow:0 0.05rem 0.1rem rgba(0,0,0,0.1),0 0.17rem 0.5rem rgba(0,0,0,0.1);transition-duration:0.3s}.no-touch .layout_938 .w-grid-item-h:hover{box-shadow:0 0.1rem 0.2rem rgba(0,0,0,0.1),0 0.33rem 1rem rgba(0,0,0,0.15);z-index:4}.layout_938 .usg_post_image_1{border-radius:0.5rem!important}<\/style><div class=\"w-grid-list\">\t<article class=\"w-grid-item size_1x1 post-1983 attachment type-attachment status-inherit hentry\" data-id=\"1983\">\r\n\t\t<div class=\"w-grid-item-h\">\r\n\t\t\t\t\t\t\t<a ref=\"magnificPopupGrid\" href=\"https:\/\/lehmann-baumschulen.ch\/wp-content\/uploads\/2024\/09\/Baumschule_Bewaesserung-rc.jpg\" class=\"w-grid-item-anchor\" aria-label=\"Arrosage de la p\u00e9pini\u00e8re\"><\/a>\r\n\t\t\t\t\t\t<div class=\"w-post-elm post_image usg_post_image_1 has_ratio\"><img loading=\"lazy\" decoding=\"async\" width=\"1050\" height=\"689\" src=\"https:\/\/lehmann-baumschulen.ch\/wp-content\/uploads\/2024\/09\/Baumschule_Bewaesserung-rc.jpg\" class=\"attachment-full size-full\" alt=\"\" \/><div style=\"padding-bottom:75%\"><\/div><\/div>\t\t<\/div>\r\n\t\t\t<\/article>\r\n\t<article class=\"w-grid-item size_1x1 post-3039 attachment type-attachment status-inherit hentry\" data-id=\"3039\">\r\n\t\t<div class=\"w-grid-item-h\">\r\n\t\t\t\t\t\t\t<a ref=\"magnificPopupGrid\" href=\"https:\/\/lehmann-baumschulen.ch\/wp-content\/uploads\/2025\/05\/Baumschule-Herbst-scaled.jpg\" class=\"w-grid-item-anchor\" aria-label=\"En automne \ud83e\udde1\"><\/a>\r\n\t\t\t\t\t\t<div class=\"w-post-elm post_image usg_post_image_1 has_ratio\"><img loading=\"lazy\" decoding=\"async\" width=\"2560\" height=\"1920\" src=\"https:\/\/lehmann-baumschulen.ch\/wp-content\/uploads\/2025\/05\/Baumschule-Herbst-scaled.jpg\" class=\"attachment-full size-full\" alt=\"\" \/><div style=\"padding-bottom:75%\"><\/div><\/div>\t\t<\/div>\r\n\t\t\t<\/article>\r\n\t<article class=\"w-grid-item size_1x1 post-2553 attachment type-attachment status-inherit hentry\" data-id=\"2553\">\r\n\t\t<div class=\"w-grid-item-h\">\r\n\t\t\t\t\t\t\t<a ref=\"magnificPopupGrid\" href=\"https:\/\/lehmann-baumschulen.ch\/wp-content\/uploads\/2025\/03\/Staudenquartier-scaled.jpg\" class=\"w-grid-item-anchor\" aria-label=\"Quartier des vivaces\"><\/a>\r\n\t\t\t\t\t\t<div class=\"w-post-elm post_image usg_post_image_1 has_ratio\"><img loading=\"lazy\" decoding=\"async\" width=\"2560\" height=\"1700\" src=\"https:\/\/lehmann-baumschulen.ch\/wp-content\/uploads\/2025\/03\/Staudenquartier-scaled.jpg\" class=\"attachment-full size-full\" alt=\"\" \/><div style=\"padding-bottom:75%\"><\/div><\/div>\t\t<\/div>\r\n\t\t\t<\/article>\r\n<\/div><div class=\"g-loadmore hidden\"><div class=\"g-preloader type_1\"><div><\/div><\/div><\/div><div class=\"w-grid-list-json hidden\" onclick='return {&quot;max_num_pages&quot;:0,&quot;paginationBase&quot;:&quot;page&quot;,&quot;pagination&quot;:&quot;none&quot;,&quot;paged&quot;:1,&quot;ajaxData&quot;:{&quot;action&quot;:&quot;us_ajax_post_list&quot;,&quot;meta_type&quot;:&quot;post&quot;,&quot;object_id&quot;:0,&quot;template_vars&quot;:{&quot;shortcode_base&quot;:&quot;us_post_list&quot;,&quot;paged&quot;:1,&quot;max_num_pages&quot;:0,&quot;no_results&quot;:false,&quot;us_post_content_design_css&quot;:[],&quot;found_posts&quot;:0,&quot;per_page&quot;:999,&quot;items_count&quot;:3,&quot;orderby_random_seed&quot;:null,&quot;source&quot;:&quot;media&quot;,&quot;custom_field_name&quot;:&quot;&quot;,&quot;ids&quot;:&quot;&quot;,&quot;post_type&quot;:&quot;post&quot;,&quot;attachment_ids&quot;:&quot;1990,1982,1988,1992,1998,2000,2004,3038,2552&quot;,&quot;include_post_thumbnail&quot;:0,&quot;post_author&quot;:&quot;any&quot;,&quot;post_author_ids&quot;:&quot;&quot;,&quot;apply_url_params&quot;:0,&quot;ignore_sticky_posts&quot;:1,&quot;exclude_children&quot;:0,&quot;exclude_current_post&quot;:1,&quot;exclude_prev_posts&quot;:0,&quot;exclude_past_events&quot;:0,&quot;enable_items_offset&quot;:0,&quot;items_offset&quot;:&quot;1&quot;,&quot;tax_query_relation&quot;:&quot;none&quot;,&quot;tax_query&quot;:[{&quot;operator&quot;:&quot;IN&quot;,&quot;taxonomy&quot;:&quot;category&quot;,&quot;terms&quot;:&quot;&quot;,&quot;include_children&quot;:0}],&quot;meta_query_relation&quot;:&quot;none&quot;,&quot;meta_query&quot;:[{&quot;key&quot;:&quot;custom_field_name&quot;,&quot;compare&quot;:&quot;=&quot;,&quot;value&quot;:&quot;&quot;}],&quot;orderby&quot;:&quot;post__in&quot;,&quot;orderby_custom_field&quot;:&quot;&quot;,&quot;orderby_custom_type&quot;:0,&quot;order_invert&quot;:0,&quot;show_all&quot;:&quot;1&quot;,&quot;quantity&quot;:&quot;12&quot;,&quot;posts_per_archive_page&quot;:0,&quot;no_items_action&quot;:&quot;message&quot;,&quot;no_items_message&quot;:&quot;Aucun r\\u00e9sultat.&quot;,&quot;no_items_page_block&quot;:&quot;&quot;,&quot;pagination&quot;:&quot;none&quot;,&quot;pagination_style&quot;:&quot;&quot;,&quot;pagination_btn_text&quot;:&quot;Charger plus&quot;,&quot;pagination_btn_size&quot;:&quot;&quot;,&quot;pagination_btn_style&quot;:&quot;1&quot;,&quot;pagination_btn_fullwidth&quot;:0,&quot;items_layout&quot;:&quot;938&quot;,&quot;type&quot;:&quot;grid&quot;,&quot;items_valign&quot;:0,&quot;ignore_items_size&quot;:0,&quot;columns&quot;:&quot;3&quot;,&quot;items_gap&quot;:&quot;1.5rem&quot;,&quot;load_animation&quot;:&quot;none&quot;,&quot;items_preload_style&quot;:&quot;spinner&quot;,&quot;img_size&quot;:&quot;default&quot;,&quot;title_size&quot;:&quot;&quot;,&quot;items_ratio&quot;:&quot;default&quot;,&quot;items_ratio_width&quot;:&quot;21&quot;,&quot;items_ratio_height&quot;:&quot;9&quot;,&quot;overriding_link&quot;:&quot;%7B%22type%22%3A%22popup_image%22%7D&quot;,&quot;popup_page_template&quot;:&quot;0&quot;,&quot;popup_width&quot;:&quot;&quot;,&quot;popup_arrows&quot;:1,&quot;breakpoint_1_width&quot;:&quot;1381px&quot;,&quot;breakpoint_1_cols&quot;:&quot;default&quot;,&quot;breakpoint_1_quantity&quot;:&quot;&quot;,&quot;breakpoint_1_gap&quot;:&quot;&quot;,&quot;breakpoint_2_width&quot;:&quot;1025px&quot;,&quot;breakpoint_2_cols&quot;:&quot;2&quot;,&quot;breakpoint_2_quantity&quot;:&quot;&quot;,&quot;breakpoint_2_gap&quot;:&quot;&quot;,&quot;breakpoint_3_width&quot;:&quot;769px&quot;,&quot;breakpoint_3_cols&quot;:&quot;1&quot;,&quot;breakpoint_3_quantity&quot;:&quot;&quot;,&quot;breakpoint_3_gap&quot;:&quot;&quot;,&quot;conditions_operator&quot;:&quot;always&quot;,&quot;conditions&quot;:[],&quot;css&quot;:null,&quot;el_class&quot;:&quot;&quot;,&quot;el_id&quot;:&quot;&quot;,&quot;enable_custom_html_atts&quot;:0,&quot;custom_html_atts&quot;:null,&quot;hide_on_states&quot;:&quot;&quot;,&quot;hide_for_sticky&quot;:0,&quot;hide_for_not_sticky&quot;:0,&quot;hide_below&quot;:&quot;0px&quot;,&quot;hide_above&quot;:&quot;0px&quot;,&quot;classes&quot;:&quot;&quot;},&quot;found_posts&quot;:0,&quot;per_page&quot;:999},&quot;facetedFilter&quot;:[]}'><\/div><\/div><\/div><\/div><\/div><\/div><\/section>\n","protected":false},"excerpt":{"rendered":"","protected":false},"author":1,"featured_media":2553,"parent":0,"menu_order":0,"comment_status":"closed","ping_status":"closed","template":"","meta":{"_acf_changed":false,"footnotes":""},"class_list":["post-2895","page","type-page","status-publish","has-post-thumbnail","hentry"],"acf":[],"_links":{"self":[{"href":"https:\/\/lehmann-baumschulen.ch\/fr\/wp-json\/wp\/v2\/pages\/2895","targetHints":{"allow":["GET"]}}],"collection":[{"href":"https:\/\/lehmann-baumschulen.ch\/fr\/wp-json\/wp\/v2\/pages"}],"about":[{"href":"https:\/\/lehmann-baumschulen.ch\/fr\/wp-json\/wp\/v2\/types\/page"}],"author":[{"embeddable":true,"href":"https:\/\/lehmann-baumschulen.ch\/fr\/wp-json\/wp\/v2\/users\/1"}],"replies":[{"embeddable":true,"href":"https:\/\/lehmann-baumschulen.ch\/fr\/wp-json\/wp\/v2\/comments?post=2895"}],"version-history":[{"count":8,"href":"https:\/\/lehmann-baumschulen.ch\/fr\/wp-json\/wp\/v2\/pages\/2895\/revisions"}],"predecessor-version":[{"id":8062,"href":"https:\/\/lehmann-baumschulen.ch\/fr\/wp-json\/wp\/v2\/pages\/2895\/revisions\/8062"}],"wp:featuredmedia":[{"embeddable":true,"href":"https:\/\/lehmann-baumschulen.ch\/fr\/wp-json\/wp\/v2\/media\/2553"}],"wp:attachment":[{"href":"https:\/\/lehmann-baumschulen.ch\/fr\/wp-json\/wp\/v2\/media?parent=2895"}],"curies":[{"name":"wp","href":"https:\/\/api.w.org\/{rel}","templated":true}]}}