{"id":2897,"date":"2025-02-28T10:11:18","date_gmt":"2025-02-28T10:11:18","guid":{"rendered":"https:\/\/www.lehmann-baumschulen.ch\/?page_id=2897"},"modified":"2026-03-17T09:37:13","modified_gmt":"2026-03-17T09:37:13","slug":"heures-douverture-de-lengros","status":"publish","type":"page","link":"https:\/\/lehmann-baumschulen.ch\/fr\/professionnels\/heures-douverture-de-lengros\/","title":{"rendered":"Horaires d'ouverture (vente en gros)"},"content":{"rendered":"<section class=\"l-section wpb_row height_medium\"><div class=\"l-section-h i-cf\"><div class=\"g-cols vc_row via_grid cols_2 laptops-cols_inherit tablets-cols_inherit mobiles-cols_1 valign_middle type_default stacking_default\"><div class=\"wpb_column vc_column_container\"><div class=\"vc_column-inner\">[vc_raw_html]PGlmcmFtZSBzcmM9Imh0dHBzOi8vd3d3Lmdvb2dsZS5jb20vbWFwcy9lbWJlZD9wYj0hMW0xOCExbTEyITFtMyExZDI3MTMuNTg5NzE0OTgzMzY0ITJkNy4zNzA4OTgwNzcyMzQ4ITNkNDcuMTQ2MzAzNjE5NjQ4NzkhMm0zITFmMCEyZjAhM2YwITNtMiExaTEwMjQhMmk3NjghNGYxMy4xITNtMyExbTIhMXMweDQ3OGUyMTlkYmNmOGE5MTMlM0EweDk2NjFlMmI5ZGQ1YjdiYzMhMnNMZWhtYW5uJTIwQmF1bXNjaHVsZW4lMjBBRyE1ZTAhM20yITFzZGUhMnNjaCE0djE3MjYyMTczOTk3MzUhNW0yITFzZGUhMnNjaCIgd2lkdGg9IjEwMCUiIGhlaWdodD0iNDUwIiBzdHlsZT0iYm9yZGVyOjA7IiBhbGxvd2Z1bGxzY3JlZW49IiIgbG9hZGluZz0ibGF6eSIgcmVmZXJyZXJwb2xpY3k9Im5vLXJlZmVycmVyLXdoZW4tZG93bmdyYWRlIj48L2lmcmFtZT4=[\/vc_raw_html]<\/div><\/div><div class=\"wpb_column vc_column_container\"><div class=\"vc_column-inner\"><div class=\"wpb_text_column\"><div class=\"wpb_wrapper\"><h2>Horaires d'ouverture de la p\u00e9pini\u00e8re<\/h2>\n<p><strong>Attention : Uniquement pour les professionnels !<\/strong><\/p>\n<p>Du lundi au vendredi 7h00 \u2013 12h00 \/ 13h15 \u2013 17h15<br \/>\nLe samedi 8h00 \u2013 12h00<\/p>\n<h2>Avis important pour les camions :<\/h2>\n<p>Selon le v\u00e9hicule, vous ne pouvez nous atteindre que par le c\u00f4t\u00e9 nord de lAar. Le pont en bois de B\u00fcren a.A. est limit\u00e9 pour les camions \u00e0 18t\/12m. Prenez lautoroute A5 jusqu\u00e0 la sortie 29 Lengnau (Attention : en venant de Soleure, ne prenez pas la sortie 30 Grenchen\/Arch !)<\/p>\n<\/div><\/div><\/div><\/div><\/div><\/div><\/section>\n","protected":false},"excerpt":{"rendered":"[vc_raw_html]PGlmcmFtZSBzcmM9Imh0dHBzOi8vd3d3Lmdvb2dsZS5jb20vbWFwcy9lbWJlZD9wYj0hMW0xOCExbTEyITFtMyExZDI3MTMuNTg5NzE0OTgzMzY0ITJkNy4zNzA4OTgwNzcyMzQ4ITNkNDcuMTQ2MzAzNjE5NjQ4NzkhMm0zITFmMCEyZjAhM2YwITNtMiExaTEwMjQhMmk3NjghNGYxMy4xITNtMyExbTIhMXMweDQ3OGUyMTlkYmNmOGE5MTMlM0EweDk2NjFlMmI5ZGQ1YjdiYzMhMnNMZWhtYW5uJTIwQmF1bXNjaHVsZW4lMjBBRyE1ZTAhM20yITFzZGUhMnNjaCE0djE3MjYyMTczOTk3MzUhNW0yITFzZGUhMnNjaCIgd2lkdGg9IjEwMCUiIGhlaWdodD0iNDUwIiBzdHlsZT0iYm9yZGVyOjA7IiBhbGxvd2Z1bGxzY3JlZW49IiIgbG9hZGluZz0ibGF6eSIgcmVmZXJyZXJwb2xpY3k9Im5vLXJlZmVycmVyLXdoZW4tZG93bmdyYWRlIj48L2lmcmFtZT4=[\/vc_raw_html]Horaires d'ouverture de la p\u00e9pini\u00e8re Attention : Uniquement pour les professionnels ! Du lundi au vendredi 7h00 \u2013 12h00 \/ 13h15 \u2013 17h15 Le samedi 8h00 \u2013 12h00 Avis important pour les camions : Selon le v\u00e9hicule, vous ne pouvez nous atteindre que par le c\u00f4t\u00e9 nord de lAar. Le pont en bois de B\u00fcren...","protected":false},"author":1,"featured_media":2753,"parent":2896,"menu_order":50,"comment_status":"closed","ping_status":"closed","template":"","meta":{"_acf_changed":false,"footnotes":""},"class_list":["post-2897","page","type-page","status-publish","has-post-thumbnail","hentry"],"acf":[],"_links":{"self":[{"href":"https:\/\/lehmann-baumschulen.ch\/fr\/wp-json\/wp\/v2\/pages\/2897","targetHints":{"allow":["GET"]}}],"collection":[{"href":"https:\/\/lehmann-baumschulen.ch\/fr\/wp-json\/wp\/v2\/pages"}],"about":[{"href":"https:\/\/lehmann-baumschulen.ch\/fr\/wp-json\/wp\/v2\/types\/page"}],"author":[{"embeddable":true,"href":"https:\/\/lehmann-baumschulen.ch\/fr\/wp-json\/wp\/v2\/users\/1"}],"replies":[{"embeddable":true,"href":"https:\/\/lehmann-baumschulen.ch\/fr\/wp-json\/wp\/v2\/comments?post=2897"}],"version-history":[{"count":9,"href":"https:\/\/lehmann-baumschulen.ch\/fr\/wp-json\/wp\/v2\/pages\/2897\/revisions"}],"predecessor-version":[{"id":8057,"href":"https:\/\/lehmann-baumschulen.ch\/fr\/wp-json\/wp\/v2\/pages\/2897\/revisions\/8057"}],"up":[{"embeddable":true,"href":"https:\/\/lehmann-baumschulen.ch\/fr\/wp-json\/wp\/v2\/pages\/2896"}],"wp:featuredmedia":[{"embeddable":true,"href":"https:\/\/lehmann-baumschulen.ch\/fr\/wp-json\/wp\/v2\/media\/2753"}],"wp:attachment":[{"href":"https:\/\/lehmann-baumschulen.ch\/fr\/wp-json\/wp\/v2\/media?parent=2897"}],"curies":[{"name":"wp","href":"https:\/\/api.w.org\/{rel}","templated":true}]}}