{"id":2898,"date":"2024-09-11T06:53:34","date_gmt":"2024-09-11T06:53:34","guid":{"rendered":"https:\/\/www.lehmann-baumschulen.ch\/?page_id=2898"},"modified":"2025-06-04T07:56:39","modified_gmt":"2025-06-04T07:56:39","slug":"materiel-de-jardinage-horticulture","status":"publish","type":"page","link":"https:\/\/lehmann-baumschulen.ch\/fr\/professionnels\/materiel-de-jardinage-horticulture\/","title":{"rendered":"Mat\u00e9riel de jardinage Horticulture"},"content":{"rendered":"<section class=\"l-section wpb_row height_medium\"><div class=\"l-section-h i-cf\"><div class=\"g-cols vc_row via_grid cols_1 laptops-cols_inherit tablets-cols_inherit mobiles-cols_1 valign_top type_default stacking_default\"><div class=\"wpb_column vc_column_container\"><div class=\"vc_column-inner\"><div class=\"wpb_text_column\"><div class=\"wpb_wrapper\"><p>Notre assortiment regroupe un grand nombre d\u2019articles utiles aux paysagistes dans les domaines suivants:<\/p>\n<ul>\n<li>Engrais<\/li>\n<li>Protection des plantes<\/li>\n<li>Graines (gazon et prairie fleurie)<\/li>\n<li>Terreaux (m\u00e9lange de terre de bruy\u00e8re en vrac)<\/li>\n<li>Articles techniques tels que toile de jute, barri\u00e8res anti-rhizomes, tuteurs, voiles de protection, etc.<\/li>\n<\/ul>\n<p>Rendez-nous visite, nous vous montrerons volontiers tous les articles qui vous sont destin\u00e9s. Nous ne pouvons \u00e9videmment pas avoir en stock tous les engrais, les terreaux ou les outils de jardin disponibles sur le march\u00e9. Nous pouvons n\u00e9anmoins commander (presque) tous les articles, que nous n\u2019avons pas en stock.<\/p>\n<\/div><\/div><\/div><\/div><\/div><\/div><\/section>\n","protected":false},"excerpt":{"rendered":"Notre assortiment regroupe un grand nombre d\u2019articles utiles aux paysagistes dans les domaines suivants: Engrais Protection des plantes Graines (gazon et prairie fleurie) Terreaux (m\u00e9lange de terre de bruy\u00e8re en vrac) Articles techniques tels que toile de jute, barri\u00e8res anti-rhizomes, tuteurs, voiles de protection, etc. Rendez-nous visite, nous vous montrerons volontiers tous les articles qui...","protected":false},"author":1,"featured_media":2711,"parent":2896,"menu_order":10,"comment_status":"closed","ping_status":"closed","template":"","meta":{"_acf_changed":false,"footnotes":""},"class_list":["post-2898","page","type-page","status-publish","has-post-thumbnail","hentry"],"acf":[],"_links":{"self":[{"href":"https:\/\/lehmann-baumschulen.ch\/fr\/wp-json\/wp\/v2\/pages\/2898","targetHints":{"allow":["GET"]}}],"collection":[{"href":"https:\/\/lehmann-baumschulen.ch\/fr\/wp-json\/wp\/v2\/pages"}],"about":[{"href":"https:\/\/lehmann-baumschulen.ch\/fr\/wp-json\/wp\/v2\/types\/page"}],"author":[{"embeddable":true,"href":"https:\/\/lehmann-baumschulen.ch\/fr\/wp-json\/wp\/v2\/users\/1"}],"replies":[{"embeddable":true,"href":"https:\/\/lehmann-baumschulen.ch\/fr\/wp-json\/wp\/v2\/comments?post=2898"}],"version-history":[{"count":3,"href":"https:\/\/lehmann-baumschulen.ch\/fr\/wp-json\/wp\/v2\/pages\/2898\/revisions"}],"predecessor-version":[{"id":3382,"href":"https:\/\/lehmann-baumschulen.ch\/fr\/wp-json\/wp\/v2\/pages\/2898\/revisions\/3382"}],"up":[{"embeddable":true,"href":"https:\/\/lehmann-baumschulen.ch\/fr\/wp-json\/wp\/v2\/pages\/2896"}],"wp:featuredmedia":[{"embeddable":true,"href":"https:\/\/lehmann-baumschulen.ch\/fr\/wp-json\/wp\/v2\/media\/2711"}],"wp:attachment":[{"href":"https:\/\/lehmann-baumschulen.ch\/fr\/wp-json\/wp\/v2\/media?parent=2898"}],"curies":[{"name":"wp","href":"https:\/\/api.w.org\/{rel}","templated":true}]}}