{"id":2899,"date":"2024-06-10T11:03:51","date_gmt":"2024-06-10T11:03:51","guid":{"rendered":"https:\/\/www.lehmann-baumschulen.ch\/?page_id=2899"},"modified":"2026-03-27T06:02:56","modified_gmt":"2026-03-27T06:02:56","slug":"livraisons-sur-le-chantier","status":"publish","type":"page","link":"https:\/\/lehmann-baumschulen.ch\/fr\/professionnels\/livraisons-sur-le-chantier\/","title":{"rendered":"Livraisons sur le chantier"},"content":{"rendered":"<section class=\"l-section wpb_row height_medium\"><div class=\"l-section-h i-cf\"><div class=\"g-cols vc_row via_grid cols_1 laptops-cols_inherit tablets-cols_inherit mobiles-cols_1 valign_top type_default stacking_default\"><div class=\"wpb_column vc_column_container\"><div class=\"vc_column-inner\"><div class=\"wpb_text_column\"><div class=\"wpb_wrapper\"><p>Pas de d\u00e9tour, pas de stress - nous livrons vos plantes directement sur le chantier ! Qu'il s'agisse d'arbres, d'arbustes ou de v\u00e9g\u00e9tation pour des am\u00e9nagements ext\u00e9rieurs, notre livraison fiable garantit que vos plantes arrivent \u00e0 temps et dans une qualit\u00e9 optimale.<\/p>\n<\/div><\/div><\/div><\/div><\/div><\/div><\/section>\n","protected":false},"excerpt":{"rendered":"Pas de d\u00e9tour, pas de stress - nous livrons vos plantes directement sur le chantier ! Qu'il s'agisse d'arbres, d'arbustes ou de v\u00e9g\u00e9tation pour des am\u00e9nagements ext\u00e9rieurs, notre livraison fiable garantit que vos plantes arrivent \u00e0 temps et dans une qualit\u00e9 optimale.","protected":false},"author":1,"featured_media":2565,"parent":2896,"menu_order":30,"comment_status":"closed","ping_status":"closed","template":"","meta":{"_acf_changed":false,"footnotes":""},"class_list":["post-2899","page","type-page","status-publish","has-post-thumbnail","hentry"],"acf":[],"_links":{"self":[{"href":"https:\/\/lehmann-baumschulen.ch\/fr\/wp-json\/wp\/v2\/pages\/2899","targetHints":{"allow":["GET"]}}],"collection":[{"href":"https:\/\/lehmann-baumschulen.ch\/fr\/wp-json\/wp\/v2\/pages"}],"about":[{"href":"https:\/\/lehmann-baumschulen.ch\/fr\/wp-json\/wp\/v2\/types\/page"}],"author":[{"embeddable":true,"href":"https:\/\/lehmann-baumschulen.ch\/fr\/wp-json\/wp\/v2\/users\/1"}],"replies":[{"embeddable":true,"href":"https:\/\/lehmann-baumschulen.ch\/fr\/wp-json\/wp\/v2\/comments?post=2899"}],"version-history":[{"count":4,"href":"https:\/\/lehmann-baumschulen.ch\/fr\/wp-json\/wp\/v2\/pages\/2899\/revisions"}],"predecessor-version":[{"id":8182,"href":"https:\/\/lehmann-baumschulen.ch\/fr\/wp-json\/wp\/v2\/pages\/2899\/revisions\/8182"}],"up":[{"embeddable":true,"href":"https:\/\/lehmann-baumschulen.ch\/fr\/wp-json\/wp\/v2\/pages\/2896"}],"wp:featuredmedia":[{"embeddable":true,"href":"https:\/\/lehmann-baumschulen.ch\/fr\/wp-json\/wp\/v2\/media\/2565"}],"wp:attachment":[{"href":"https:\/\/lehmann-baumschulen.ch\/fr\/wp-json\/wp\/v2\/media?parent=2899"}],"curies":[{"name":"wp","href":"https:\/\/api.w.org\/{rel}","templated":true}]}}