{"id":2900,"date":"2024-06-10T11:03:35","date_gmt":"2024-06-10T11:03:35","guid":{"rendered":"https:\/\/www.lehmann-baumschulen.ch\/?page_id=2900"},"modified":"2025-09-11T09:53:51","modified_gmt":"2025-09-11T09:53:51","slug":"choix-des-plantes-avec-vos-clients","status":"publish","type":"page","link":"https:\/\/lehmann-baumschulen.ch\/fr\/professionnels\/choix-des-plantes-avec-vos-clients\/","title":{"rendered":"Choix des plantes avec vos clients"},"content":{"rendered":"<section class=\"l-section wpb_row height_medium\"><div class=\"l-section-h i-cf\"><div class=\"g-cols vc_row via_grid cols_1 laptops-cols_inherit tablets-cols_inherit mobiles-cols_1 valign_top type_default stacking_default\"><div class=\"wpb_column vc_column_container\"><div class=\"vc_column-inner\"><div class=\"wpb_text_column\"><div class=\"wpb_wrapper\"><p>D\u00e9couvrez toute la diversit\u00e9 de nos produits ! Avec vous et vos clients, vous s\u00e9lectionnez les plantes adapt\u00e9es \u00e0 votre projet. Laissez-vous inspirer et d\u00e9couvrez nos arbustes et plantes vivaces de grande qualit\u00e9 lors d'une visite personnalis\u00e9e de notre p\u00e9pini\u00e8re. Dans notre Garden Centre, vous trouverez notre assortiment pr\u00e9sent\u00e9 de mani\u00e8re compacte et claire, avec une signalisation claire. Nos sp\u00e9cialistes en plantes se feront un plaisir de vous aider !<\/p>\n<\/div><\/div><div class=\"w-separator size_medium\"><\/div><\/div><\/div><\/div><\/div><\/section>\n","protected":false},"excerpt":{"rendered":"D\u00e9couvrez toute la diversit\u00e9 de nos produits ! Avec vous et vos clients, vous s\u00e9lectionnez les plantes adapt\u00e9es \u00e0 votre projet. Laissez-vous inspirer et d\u00e9couvrez nos arbustes et plantes vivaces de grande qualit\u00e9 lors d'une visite personnalis\u00e9e de notre p\u00e9pini\u00e8re. Dans notre Garden Centre, vous trouverez notre assortiment pr\u00e9sent\u00e9 de mani\u00e8re compacte et claire, avec...","protected":false},"author":1,"featured_media":6177,"parent":2896,"menu_order":20,"comment_status":"closed","ping_status":"closed","template":"","meta":{"_acf_changed":false,"footnotes":""},"class_list":["post-2900","page","type-page","status-publish","has-post-thumbnail","hentry"],"acf":[],"_links":{"self":[{"href":"https:\/\/lehmann-baumschulen.ch\/fr\/wp-json\/wp\/v2\/pages\/2900","targetHints":{"allow":["GET"]}}],"collection":[{"href":"https:\/\/lehmann-baumschulen.ch\/fr\/wp-json\/wp\/v2\/pages"}],"about":[{"href":"https:\/\/lehmann-baumschulen.ch\/fr\/wp-json\/wp\/v2\/types\/page"}],"author":[{"embeddable":true,"href":"https:\/\/lehmann-baumschulen.ch\/fr\/wp-json\/wp\/v2\/users\/1"}],"replies":[{"embeddable":true,"href":"https:\/\/lehmann-baumschulen.ch\/fr\/wp-json\/wp\/v2\/comments?post=2900"}],"version-history":[{"count":3,"href":"https:\/\/lehmann-baumschulen.ch\/fr\/wp-json\/wp\/v2\/pages\/2900\/revisions"}],"predecessor-version":[{"id":6158,"href":"https:\/\/lehmann-baumschulen.ch\/fr\/wp-json\/wp\/v2\/pages\/2900\/revisions\/6158"}],"up":[{"embeddable":true,"href":"https:\/\/lehmann-baumschulen.ch\/fr\/wp-json\/wp\/v2\/pages\/2896"}],"wp:featuredmedia":[{"embeddable":true,"href":"https:\/\/lehmann-baumschulen.ch\/fr\/wp-json\/wp\/v2\/media\/6177"}],"wp:attachment":[{"href":"https:\/\/lehmann-baumschulen.ch\/fr\/wp-json\/wp\/v2\/media?parent=2900"}],"curies":[{"name":"wp","href":"https:\/\/api.w.org\/{rel}","templated":true}]}}