{"id":2901,"date":"2024-06-10T11:04:03","date_gmt":"2024-06-10T11:04:03","guid":{"rendered":"https:\/\/www.lehmann-baumschulen.ch\/?page_id=2901"},"modified":"2025-08-26T09:47:19","modified_gmt":"2025-08-26T09:47:19","slug":"liste-de-prix","status":"publish","type":"page","link":"https:\/\/lehmann-baumschulen.ch\/fr\/professionnels\/liste-de-prix\/","title":{"rendered":"Liste de prix"},"content":{"rendered":"<section class=\"l-section wpb_row height_medium\"><div class=\"l-section-h i-cf\"><div class=\"g-cols vc_row via_grid cols_1-2 laptops-cols_inherit tablets-cols_inherit mobiles-cols_1 valign_top type_default stacking_default\"><div class=\"wpb_column vc_column_container\"><div class=\"vc_column-inner\"><div class=\"wpb_text_column\"><div class=\"wpb_wrapper\"><div class=\"_df_thumb \" id=\"df_5309\"  _slug=\"preisliste-2025-lehmann-baumschulen-ag-bueren\" data-title=\"preisliste-2025\" wpoptions=\"true\" thumb=\"https:\/\/lehmann-baumschulen.ch\/wp-content\/uploads\/2025\/08\/Preisliste-2025-Lehmann-Baumschulen-AG-Bueren.jpg\" thumbtype=\"\" >Preisliste 2025<\/div><script class=\"df-shortcode-script\" nowprocket type=\"application\/javascript\">window.option_df_5309 = {\"outline\":[],\"autoEnableOutline\":\"false\",\"autoEnableThumbnail\":\"false\",\"overwritePDFOutline\":\"false\",\"direction\":\"1\",\"pageSize\":\"0\",\"source\":\"https:\\\/\\\/lehmann-baumschulen.ch\\\/wp-content\\\/uploads\\\/2025\\\/08\\\/Preisliste-2025-Lehmann-Baumschulen-AG-Bueren.pdf\",\"wpOptions\":\"true\"}; if(window.DFLIP && window.DFLIP.parseBooks){window.DFLIP.parseBooks();}<\/script>\n<\/div><\/div><\/div><\/div><div class=\"wpb_column vc_column_container\"><div class=\"vc_column-inner\"><div class=\"wpb_text_column\"><div class=\"wpb_wrapper\"><p>Chers jardiniers, d\u00e8s maintenant vous pouvez m\u00eame consulter les prix \u00e0 partir de votre smartphone gr\u00e2ce \u00e0 notre nouvelle application que vous pouvez t\u00e9l\u00e9charger sous<span>\u00a0<\/span><a href=\"http:\/\/www.plapp.ch\/?owner=12196\">www.plapp.ch\/?owner=12196<\/a><\/p>\n<p>Avez-vous besoin d\u2019aide pour installer l\u2019application? Appelez-nous!<\/p>\n<\/div><\/div><div class=\"w-separator size_small\"><\/div><div class=\"w-btn-wrapper align_none\"><a class=\"w-btn us-btn-style_1 us_custom_b021466a has_text_color\" target=\"_blank\" href=\"https:\/\/www.plapp.ch\/php\/?owner=12196\"><span class=\"w-btn-label\">Ouvrir l'application<\/span><\/a><\/div><\/div><\/div><\/div><\/div><\/section>\n","protected":false},"excerpt":{"rendered":"Preisliste 2025 Chers jardiniers, d\u00e8s maintenant vous pouvez m\u00eame consulter les prix \u00e0 partir de votre smartphone gr\u00e2ce \u00e0 notre nouvelle application que vous pouvez t\u00e9l\u00e9charger sous\u00a0www.plapp.ch\/?owner=12196 Avez-vous besoin d\u2019aide pour installer l\u2019application? Appelez-nous! Ouvrir l'application","protected":false},"author":1,"featured_media":4320,"parent":2896,"menu_order":40,"comment_status":"closed","ping_status":"closed","template":"","meta":{"_acf_changed":false,"footnotes":""},"class_list":["post-2901","page","type-page","status-publish","has-post-thumbnail","hentry"],"acf":[],"_links":{"self":[{"href":"https:\/\/lehmann-baumschulen.ch\/fr\/wp-json\/wp\/v2\/pages\/2901","targetHints":{"allow":["GET"]}}],"collection":[{"href":"https:\/\/lehmann-baumschulen.ch\/fr\/wp-json\/wp\/v2\/pages"}],"about":[{"href":"https:\/\/lehmann-baumschulen.ch\/fr\/wp-json\/wp\/v2\/types\/page"}],"author":[{"embeddable":true,"href":"https:\/\/lehmann-baumschulen.ch\/fr\/wp-json\/wp\/v2\/users\/1"}],"replies":[{"embeddable":true,"href":"https:\/\/lehmann-baumschulen.ch\/fr\/wp-json\/wp\/v2\/comments?post=2901"}],"version-history":[{"count":7,"href":"https:\/\/lehmann-baumschulen.ch\/fr\/wp-json\/wp\/v2\/pages\/2901\/revisions"}],"predecessor-version":[{"id":5635,"href":"https:\/\/lehmann-baumschulen.ch\/fr\/wp-json\/wp\/v2\/pages\/2901\/revisions\/5635"}],"up":[{"embeddable":true,"href":"https:\/\/lehmann-baumschulen.ch\/fr\/wp-json\/wp\/v2\/pages\/2896"}],"wp:featuredmedia":[{"embeddable":true,"href":"https:\/\/lehmann-baumschulen.ch\/fr\/wp-json\/wp\/v2\/media\/4320"}],"wp:attachment":[{"href":"https:\/\/lehmann-baumschulen.ch\/fr\/wp-json\/wp\/v2\/media?parent=2901"}],"curies":[{"name":"wp","href":"https:\/\/api.w.org\/{rel}","templated":true}]}}