{"id":2905,"date":"2025-02-28T09:50:15","date_gmt":"2025-02-28T09:50:15","guid":{"rendered":"https:\/\/www.lehmann-baumschulen.ch\/?page_id=2905"},"modified":"2025-06-04T11:09:41","modified_gmt":"2025-06-04T11:09:41","slug":"formation","status":"publish","type":"page","link":"https:\/\/lehmann-baumschulen.ch\/fr\/a-propos-de-nous\/formation\/","title":{"rendered":"Formation"},"content":{"rendered":"<section class=\"l-section wpb_row height_medium\"><div class=\"l-section-h i-cf\"><div class=\"g-cols vc_row via_grid cols_1 laptops-cols_inherit tablets-cols_inherit mobiles-cols_1 valign_top type_default stacking_default\"><div class=\"wpb_column vc_column_container\"><div class=\"vc_column-inner\"><div class=\"wpb_text_column\"><div class=\"wpb_wrapper\"><h2>Fais partie de notre \u00e9quipe<\/h2>\n<p>Tu aimes la nature, tu travailles volontiers \u00e0 l'ext\u00e9rieur et tu t'int\u00e9resses aux plantes ? Alors une formation aux P\u00e9pini\u00e8res Lehmann est exactement ce qu'il te faut ! Nous offrons aux jeunes gens motiv\u00e9s la possibilit\u00e9 d'apprendre le m\u00e9tier passionnant et vari\u00e9\u00a0<strong><a href=\"https:\/\/www.devenir-horticulteur.ch\/production-de-plantes\/\">producteur\/\u00adproductrice de plantes (h\/f)<\/a><\/strong>.<\/p>\n<h3>Ce qui t'attend chez nous<\/h3>\n<ul>\n<li>Un aper\u00e7u vari\u00e9 - de la culture des plantes au conseil \u00e0 la client\u00e8le en passant par l'entretien.<\/li>\n<li>Travail pratique - Apprends \u00e0 cultiver des arbres, des arbustes et des plantes vivaces de mani\u00e8re professionnelle.<\/li>\n<li>Durabilit\u00e9 et innovation - Travaille avec des m\u00e9thodes de culture modernes et des concepts durables.<\/li>\n<li>Esprit d'\u00e9quipe &amp; promotion - profite de l'exp\u00e9rience de notre \u00e9quipe et d\u00e9veloppe tes comp\u00e9tences<\/li>\n<\/ul>\n<h3>Pourquoi une formation chez nous ?<\/h3>\n<ul>\n<li>Tradition &amp; exp\u00e9rience - Depuis des g\u00e9n\u00e9rations, nous formons avec passion.<\/li>\n<li>Travail en pleine nature - Ton lieu de travail se compose des cultures de plantes, du hall de production et d'exp\u00e9dition et de l'ensemble de notre site.<\/li>\n<li>Des perspectives d'avenir - Le m\u00e9tier de p\u00e9pini\u00e9riste est tr\u00e8s demand\u00e9 et offre de nombreuses possibilit\u00e9s de d\u00e9veloppement.<\/li>\n<\/ul>\n<p>Fais partie de notre \u00e9quipe et commence ta carri\u00e8re au sein de la p\u00e9pini\u00e8re Lehmann.<br \/>\nNous nous r\u00e9jouissons de faire ta connaissance !<\/p>\n<\/div><\/div><\/div><\/div><\/div><\/div><\/section>\n","protected":false},"excerpt":{"rendered":"Fais partie de notre \u00e9quipe Tu aimes la nature, tu travailles volontiers \u00e0 l'ext\u00e9rieur et tu t'int\u00e9resses aux plantes ? Alors une formation aux P\u00e9pini\u00e8res Lehmann est exactement ce qu'il te faut ! Nous offrons aux jeunes gens motiv\u00e9s la possibilit\u00e9 d'apprendre le m\u00e9tier passionnant et vari\u00e9\u00a0producteur\/\u00adproductrice de plantes (h\/f). Ce qui t'attend chez nous...","protected":false},"author":1,"featured_media":2794,"parent":2903,"menu_order":40,"comment_status":"closed","ping_status":"closed","template":"","meta":{"_acf_changed":false,"footnotes":""},"class_list":["post-2905","page","type-page","status-publish","has-post-thumbnail","hentry"],"acf":[],"_links":{"self":[{"href":"https:\/\/lehmann-baumschulen.ch\/fr\/wp-json\/wp\/v2\/pages\/2905","targetHints":{"allow":["GET"]}}],"collection":[{"href":"https:\/\/lehmann-baumschulen.ch\/fr\/wp-json\/wp\/v2\/pages"}],"about":[{"href":"https:\/\/lehmann-baumschulen.ch\/fr\/wp-json\/wp\/v2\/types\/page"}],"author":[{"embeddable":true,"href":"https:\/\/lehmann-baumschulen.ch\/fr\/wp-json\/wp\/v2\/users\/1"}],"replies":[{"embeddable":true,"href":"https:\/\/lehmann-baumschulen.ch\/fr\/wp-json\/wp\/v2\/comments?post=2905"}],"version-history":[{"count":5,"href":"https:\/\/lehmann-baumschulen.ch\/fr\/wp-json\/wp\/v2\/pages\/2905\/revisions"}],"predecessor-version":[{"id":3407,"href":"https:\/\/lehmann-baumschulen.ch\/fr\/wp-json\/wp\/v2\/pages\/2905\/revisions\/3407"}],"up":[{"embeddable":true,"href":"https:\/\/lehmann-baumschulen.ch\/fr\/wp-json\/wp\/v2\/pages\/2903"}],"wp:featuredmedia":[{"embeddable":true,"href":"https:\/\/lehmann-baumschulen.ch\/fr\/wp-json\/wp\/v2\/media\/2794"}],"wp:attachment":[{"href":"https:\/\/lehmann-baumschulen.ch\/fr\/wp-json\/wp\/v2\/media?parent=2905"}],"curies":[{"name":"wp","href":"https:\/\/api.w.org\/{rel}","templated":true}]}}