{"id":2907,"date":"2025-02-28T09:50:30","date_gmt":"2025-02-28T09:50:30","guid":{"rendered":"https:\/\/www.lehmann-baumschulen.ch\/?page_id=2907"},"modified":"2026-03-17T09:39:24","modified_gmt":"2026-03-17T09:39:24","slug":"engagement","status":"publish","type":"page","link":"https:\/\/lehmann-baumschulen.ch\/fr\/a-propos-de-nous\/engagement\/","title":{"rendered":"Engagement"},"content":{"rendered":"<section class=\"l-section wpb_row height_medium\"><div class=\"l-section-h i-cf\"><div class=\"g-cols vc_row via_grid cols_1 laptops-cols_inherit tablets-cols_inherit mobiles-cols_1 valign_top type_default stacking_default\"><div class=\"wpb_column vc_column_container\"><div class=\"vc_column-inner\"><div class=\"wpb_text_column\"><div class=\"wpb_wrapper\"><h2>Durabilit\u00e9, qualit\u00e9 &amp; responsabilit\u00e9<\/h2>\n<p>Chez la P\u00e9pini\u00e8re Lehmann, nous assumons nos responsabilit\u00e9s - pour la nature, pour nos clients, pour nos collaborateurs et pour les g\u00e9n\u00e9rations futures. Notre engagement se manifeste dans diff\u00e9rents domaines : des m\u00e9thodes de culture durables au soutien actif de projets environnementaux pour la promotion de la biodiversit\u00e9, en passant par la promotion de jeunes talents.<\/p>\n<h2>Production durable &amp; protection de l'environnement<\/h2>\n<ul>\n<li>Culture pr\u00e9servant les ressources - Depuis plus de 7 ans d\u00e9j\u00e0, nous utilisons des substrats 100% sans tourbe, des engrais respectueux de l'environnement et des syst\u00e8mes d'irrigation \u00e9conomes en eau.<\/li>\n<li>Des plantes ligneuses respectueuses du climat - Nos plantes contribuent activement \u00e0 l'am\u00e9lioration de la qualit\u00e9 de l'air et \u00e0 la biodiversit\u00e9.<\/li>\n<li>Circuits r\u00e9gionaux &amp; durables - des trajets de transport courts et une gestion d'entreprise respectueuse de l'environnement contribuent \u00e0 r\u00e9duire les \u00e9missions de CO\u2082.<\/li>\n<li>\u00c9lectricit\u00e9 solaire directement du toit de la halle - nous produisons nous-m\u00eames notre \u00e9lectricit\u00e9, 100% d'\u00e9nergie solaire pendant la journ\u00e9e !<\/li>\n<\/ul>\n<h2>Formation &amp; promotion de la rel\u00e8ve<\/h2>\n<p>Nous investissons dans l'avenir et formons de jeunes talents au m\u00e9tier<span>\u00a0<\/span><strong><a href=\"https:\/\/www.devenir-horticulteur.ch\/production-de-plantes\/\">producteur\/\u00adproductrice de plantes<\/a>.<\/strong> Gr\u00e2ce \u00e0 une formation proche de la pratique et \u00e0 un soutien individuel, nous transmettons notre savoir-faire \u00e0 la prochaine g\u00e9n\u00e9ration.<\/p>\n<h2>Communaut\u00e9 &amp; engagement social<\/h2>\n<p>Nous soutenons des projets environnementaux locaux, des \u00e9coles et des communes dans le cadre de la v\u00e9g\u00e9talisation et de la promotion de la biodiversit\u00e9. Car nous sommes convaincus que la verdure relie les gens et cr\u00e9e des espaces o\u00f9 il fait bon vivre.<\/p>\n<p>Dans notre entreprise, nous proposons depuis plus de 40 ans des emplois \u00e0 des personnes handicap\u00e9es.<\/p>\n<p>Par notre sponsoring, nous soutenons de nombreuses associations locales et des \u00e9v\u00e9nements culturels :<\/p>\n<ul>\n<li>FC B\u00fcren : Sponsoring de la tenue des juniors C<\/li>\n<li>Jeux en plein air Buechiw\u00e4ger<\/li>\n<li>Journ\u00e9es soleuroises de la for\u00eat<\/li>\n<li>Soci\u00e9t\u00e9 de gymnastique de B\u00fcren<\/li>\n<li>KTF Buechib\u00e4rg<\/li>\n<li>Musique de la ville de B\u00fcren<\/li>\n<li>Club de yodleurs Meigl\u00f6ggli B\u00fcren<\/li>\n<li>Jazz OpenAir B\u00fcren<\/li>\n<\/ul>\n<p>et de nombreuses manifestations r\u00e9gionales<\/p>\n<p>P\u00e9pini\u00e8re Lehmann - par responsabilit\u00e9 envers l'homme &amp; la nature.<\/p>\n<\/div><\/div><\/div><\/div><\/div><\/div><\/section>\n","protected":false},"excerpt":{"rendered":"Durabilit\u00e9, qualit\u00e9 &amp; responsabilit\u00e9 Chez la P\u00e9pini\u00e8re Lehmann, nous assumons nos responsabilit\u00e9s - pour la nature, pour nos clients, pour nos collaborateurs et pour les g\u00e9n\u00e9rations futures. Notre engagement se manifeste dans diff\u00e9rents domaines : des m\u00e9thodes de culture durables au soutien actif de projets environnementaux pour la promotion de la biodiversit\u00e9, en passant par...","protected":false},"author":1,"featured_media":6143,"parent":2903,"menu_order":50,"comment_status":"closed","ping_status":"closed","template":"","meta":{"_acf_changed":false,"footnotes":""},"class_list":["post-2907","page","type-page","status-publish","has-post-thumbnail","hentry"],"acf":[],"_links":{"self":[{"href":"https:\/\/lehmann-baumschulen.ch\/fr\/wp-json\/wp\/v2\/pages\/2907","targetHints":{"allow":["GET"]}}],"collection":[{"href":"https:\/\/lehmann-baumschulen.ch\/fr\/wp-json\/wp\/v2\/pages"}],"about":[{"href":"https:\/\/lehmann-baumschulen.ch\/fr\/wp-json\/wp\/v2\/types\/page"}],"author":[{"embeddable":true,"href":"https:\/\/lehmann-baumschulen.ch\/fr\/wp-json\/wp\/v2\/users\/1"}],"replies":[{"embeddable":true,"href":"https:\/\/lehmann-baumschulen.ch\/fr\/wp-json\/wp\/v2\/comments?post=2907"}],"version-history":[{"count":3,"href":"https:\/\/lehmann-baumschulen.ch\/fr\/wp-json\/wp\/v2\/pages\/2907\/revisions"}],"predecessor-version":[{"id":3408,"href":"https:\/\/lehmann-baumschulen.ch\/fr\/wp-json\/wp\/v2\/pages\/2907\/revisions\/3408"}],"up":[{"embeddable":true,"href":"https:\/\/lehmann-baumschulen.ch\/fr\/wp-json\/wp\/v2\/pages\/2903"}],"wp:featuredmedia":[{"embeddable":true,"href":"https:\/\/lehmann-baumschulen.ch\/fr\/wp-json\/wp\/v2\/media\/6143"}],"wp:attachment":[{"href":"https:\/\/lehmann-baumschulen.ch\/fr\/wp-json\/wp\/v2\/media?parent=2907"}],"curies":[{"name":"wp","href":"https:\/\/api.w.org\/{rel}","templated":true}]}}