{"id":2908,"date":"2024-06-10T11:04:46","date_gmt":"2024-06-10T11:04:46","guid":{"rendered":"https:\/\/www.lehmann-baumschulen.ch\/?page_id=2908"},"modified":"2025-08-14T13:23:48","modified_gmt":"2025-08-14T13:23:48","slug":"histoire-de-lentreprise","status":"publish","type":"page","link":"https:\/\/lehmann-baumschulen.ch\/fr\/a-propos-de-nous\/histoire-de-lentreprise\/","title":{"rendered":"Histoire de l'entreprise"},"content":{"rendered":"<section class=\"l-section wpb_row height_medium\"><div class=\"l-section-h i-cf\"><div class=\"g-cols vc_row via_grid cols_1 laptops-cols_inherit tablets-cols_inherit mobiles-cols_1 valign_top type_default stacking_default\"><div class=\"wpb_column vc_column_container\"><div class=\"vc_column-inner\"><div class=\"wpb_text_column\"><div class=\"wpb_wrapper\"><h2>Au commencement \u00e9tait l\u2019id\u00e9e<\/h2>\n<p>Alfred Lehmann est n\u00e9 en 1899 et en ces temps \u00e9conomiquement durs de l\u2019apr\u00e8s-guerre, il exprimait le d\u00e9sir ardent de cr\u00e9er sa propre entreprise. Il a du r\u00e9fl\u00e9chir longtemps et peser le pour et le contre, car le contexte g\u00e9n\u00e9ral n\u2019\u00e9tait pas brillant \u00e0 cette \u00e9poque. La croissance \u00e9conomique, qui aurait pu faciliter sa prise de d\u00e9cision, n\u2019\u00e9tait pas encore au rendez-vous. En outre, il devait trouver un site propice \u00e0 la r\u00e9alisation de son projet. Enfin, il trouva dans la localit\u00e9 de B\u00fcren an der Aare un domaine appropri\u00e9. Un petit domaine de deux hectares, tr\u00e8s vieux et \u00e0 l\u2019abandon<\/p>\n<h2>Les d\u00e9buts<\/h2>\n<p>Pendant l\u2019hiver 1945 d\u00e9j\u00e0, Alfred Lehmann construisit avec acharnement des couches de for\u00e7age, qu\u2019il remplit de fumier de cheval. Il y cultiva les premiers plantons de salade et de colrave, dont la vente constitua ses premi\u00e8res entr\u00e9es d\u2019argent. Puis furent mis en culture des porte-greffes d\u2019arbres fruitiers et de rosiers. S\u2019ajout\u00e8rent des travaux d\u2019entretien dans les jardins priv\u00e9s. Ses employ\u00e9s \u00e9taient quelques journaliers et en particulier son fils \u00c9mile, qui fit son apprentissage de p\u00e9pini\u00e9riste dans l\u2019entreprise paternelle. Le second fils, Hans, participa aussi d\u00e8s la premi\u00e8re ann\u00e9e, afin de venir en aide pour les travaux les plus urgents.<\/p>\n<h2>La croissance<\/h2>\n<p>Peu \u00e0 peu, d\u2019autres cultures s\u2019ajout\u00e8rent et en particulier des arbustes d\u2019ornement. La p\u00e9pini\u00e8re doit bient\u00f4t sa notori\u00e9t\u00e9 \u00e0 la culture des rosiers. Le paysagisme est aussi un domaine de l\u2019entreprise en pleine expansion. Le fils Hans qui \u00e9tudia \u00e0 l\u2019\u00e9cole d\u2019horticulture \u00e9tait d\u00e9sormais d\u2019une aide tr\u00e8s utile. En 1948, l\u2019entreprise fit l\u2019acquisition d\u2019une premi\u00e8re Jeep. Celle-ci permit d\u2019effectuer les nombreux transports n\u00e9cessaires en particulier dans l\u2019am\u00e9nagement de jardins. Accessoirement, la Jeep \u00e9tait aussi r\u00e9quisitionn\u00e9e par la famille pour les sorties dominicales... En 1952, la motorisation continua son d\u00e9veloppement: un char \u00e0 pont construit \u00e0 la forge de B\u00fcren ainsi qu\u2019un Land Rover s\u2019ajout\u00e8rent au parc de machines. Le char \u00e0 pont est d\u2019ailleurs encore en service aujourd\u2019hui. En 1955, une maison d\u2019habitation fut construite pour Hans et sa famille.<\/p>\n<h2>Le changement de g\u00e9n\u00e9ration<\/h2>\n<p>En 1960, Alfred, le p\u00e8re, vendit sa p\u00e9pini\u00e8re \u00e0 son fils Hans, mais continua \u00e0 travailler dans l\u2019entreprise. En 1962, apr\u00e8s sa formation de p\u00e9pini\u00e9riste, Jaques, le cadet des fils, vint \u00e9galement travailler dans l\u2019entreprise familiale. La structure de l\u2019entreprise se modifia avec le passage de flambeau \u00e0 la jeune g\u00e9n\u00e9ration. La croissance continue exigeait une sp\u00e9cialisation. En fin de compte, l\u2019entreprise de paysagisme fut sacrifi\u00e9e pour la p\u00e9pini\u00e8re. Il existait \u00e9galement des entreprises sp\u00e9cialis\u00e9es dans la multiplication et la culture des arbres fruitiers, raison pour laquelle ce domaine sp\u00e9cifique fut abandonn\u00e9 par Lehmann. Un terrain pour la production a alors \u00e9t\u00e9 acquis \u00e0 Oberb\u00fcren. \u00c0 cette \u00e9poque d\u00e9j\u00e0, le terrain se monnayait au prix de Fr. 13.00 le m\u00e8tre carr\u00e9. En plus des petites machines, telles que les fraises rotatives, le premier tracteur Pullax fut achet\u00e9, une machine aux utilisations tr\u00e8s diverses. En 1960 encore, un abri en bois fut reconstruit dans l\u2019ancienne scierie Solothurn, offrant ainsi une surface couverte suffisante. D\u00e8s 1966, les transports purent \u00eatre effectu\u00e9s gr\u00e2ce \u00e0 une nouvelle semi-remorque.<\/p>\n<h2>Une \u00e9tape d\u00e9cisive dans les cultures de p\u00e9pini\u00e8re<\/h2>\n<p>Au d\u00e9but des ann\u00e9es\u00a060, l\u2019entreprise fit les premiers essais de culture en conteneurs, aujourd\u2019hui largement vulgaris\u00e9e. Hans et Jaques avaient rencontr\u00e9 ce syst\u00e8me lors de leurs voyages aux \u00c9tats-Unis. Ce projet \u00e9tant prometteur et vou\u00e9 \u00e0 un succ\u00e8s certain d\u00e8s les premiers essais, un quartier apr\u00e8s l\u2019autre fut converti \u00e0 cette nouvelle m\u00e9thode de culture. En 1969, la maison d\u2019habitation de Jaques fut construite sur le domaine de l\u2019exploitation.<\/p>\n<h2>La perc\u00e9e majeure<\/h2>\n<p>Gr\u00e2ce au succ\u00e8s des cultures en conteneurs, l\u2019entreprise accrut rapidement sa notori\u00e9t\u00e9 dans le cercle des garden-centres. C\u2019est l\u2019\u00e9poque, o\u00f9 la demande des plantes cultiv\u00e9es en conteneurs \u00e9tait en plein essor. L\u2019entreprise Lehmann convertit alors toute sa surface en production de conteneurs. Les copeaux de bois mis en place \u00e0 grand renfort de travail ont \u00e9t\u00e9 \u00e9vacu\u00e9s, le sol nivel\u00e9 et recouvert de gravier. Les m\u00e9thodes modernes de fertilisation, apparues au d\u00e9but des ann\u00e9es\u00a070, facilit\u00e8rent une nouvelle fois les m\u00e9thodes culturales. Pour les transports au sein de la p\u00e9pini\u00e8re, des v\u00e9hicules \u00e9lectriques qui sont encore en service aujourd\u2019hui ont \u00e9t\u00e9 import\u00e9s directement des USA en 1972. Des charriots \u00e9l\u00e9vateurs ont aussi \u00e9t\u00e9 achet\u00e9s. Un hangar m\u00e9tallique a \u00e9t\u00e9 construit en 1970. D\u2019une dimension de 20 par 30 m\u00e8tres, on pensait que celui-ci serait assez grand jusqu\u2019\u00e0 la fin des temps.<\/p>\n<h2>Fin de la premi\u00e8re g\u00e9n\u00e9ration<\/h2>\n<p>De plus en plus affaibli par les maladies successives, Alfred Lehmann mourut en 1976.<\/p>\n<h2>La phase des gros investissements<\/h2>\n<p>Contrairement aux attentes, la halle construite en 1970 atteignit rapidement ses limites. Celle-ci fut alors remplac\u00e9e par une nouvelle halle de 25 par 45 m\u00e8tres. L\u2019ancienne halle fut d\u00e9mont\u00e9e et reb\u00e2ti \u00e0 B\u00fcren a\/A. Le nouvel hangar avait des proportions gigantesques pour les conditions de l\u2019\u00e9poque. On y installa un m\u00e9langeur de terre et un silo de 50 m<sup>3<\/sup>. \u00c0 la m\u00eame \u00e9poque, le vieil abri servant de garde-robe et de remise pour les machines a \u00e9t\u00e9 arrach\u00e9. Des forages dans la nappe phr\u00e9atique \u00e0 20 m\u00e8tres de profond servent depuis au fonctionnement d\u2019une pompe \u00e0 chaleur, \u00e0 laquelle sont raccord\u00e9s tous les b\u00e2timents.<\/p>\n<h2>Hans Lehmann meurt d\u2019un infarctus.<\/h2>\n<p>En 1985, Hans Lehmann meurt d\u2019un infarctus lors d\u2019un voyage de formation continue \u00e0 Londres. L\u2019homme d\u2019affaires visionnaire et courageux laissa derri\u00e8re lui un immense vide. Son fils Alfred reprit l\u2019entreprise et la g\u00e9ra avec Jacques et les collaborateurs dans l\u2019optique de Hans.<\/p>\n<h2>La phase de consolidation<\/h2>\n<p>Petit \u00e0 petit, les r\u00e9serves de terrain de l\u2019entreprise se r\u00e9duisent. Toute la surface de la p\u00e9pini\u00e8re (sans Oberb\u00fcren) fut construite. \u00c0 Ziehler, peu \u00e9loign\u00e9 de l\u00e0, 0,3 ha ont pu \u00eatre acquis. De gros exemplaires y \u00e9taient r\u00e9guli\u00e8rement cultiv\u00e9s. Une meilleure qualit\u00e9 n\u2019est possible qu\u2019en augmentant les espacements. Puisque le terrain suppl\u00e9mentaire faisait d\u00e9faut, de plus en plus de plantes ont du \u00eatre achet\u00e9es \u00e0 l\u2019ext\u00e9rieur. Les volumes de transport sans cesse croissants ont fait l\u2019objet de l\u2019acquisition d\u2019un camion-remorque.<\/p>\n<h2>La prise de d\u00e9cision courageuse<\/h2>\n<p>En 1990, un garden-centre renomm\u00e9 \u00e0 Sion ferma ses portes. Celui \u00e9tait r\u00e9guli\u00e8rement livr\u00e9 par la p\u00e9pini\u00e8re Lehmann. La menace d\u2019une chute des ventes devait absolument \u00eatre \u00e9vit\u00e9e, car par le biais de ce garden-centre, de nombreux paysagistes \u00e9taient livr\u00e9s. Lehmann prit la d\u00e9cision d\u2019\u00e9tablir une p\u00e9pini\u00e8re de vente \u00e0 Sion. Sur un terrain lou\u00e9 \u00e0 la commune de Sion, l\u2019entreprise installa une p\u00e9pini\u00e8re sous la forme d\u2019une surface de conteneurs, principalement fr\u00e9quent\u00e9e par les paysagistes de la r\u00e9gion. \u00c0 la satisfaction de la direction, la plus jeune filiale de l\u2019entreprise, Lehmann Plantes SA, se d\u00e9veloppait \u00e0 merveille.<\/p>\n<h2>Recherche d\u2019un avenir<\/h2>\n<p>En raison d\u2019un d\u00e9veloppement rapide des cultures de conteneurs, la concurrence \u00e9tait de plus en plus rude dans les ann\u00e9es 1990. Les produits \u00e9trangers meilleurs march\u00e9s et le creux \u00e9conomique des ann\u00e9es 90 exerc\u00e8rent une forte pression sur les prix. Il est d\u00e9sormais essentiel d\u2019offrir un assortiment large, attractif et d\u2019excellente qualit\u00e9, ainsi que de persuader la client\u00e8le avec des prestations innovantes pour la fid\u00e9liser durablement. En particulier au printemps, la vente directe atteint ses limites. La grande affluence des clients n\u2019est plus g\u00e9rable, les infrastructures sont d\u00e9finitivement trop exigu\u00ebs. Il semble que de plus en plus de clients appr\u00e9cient l\u2019achat direct chez le producteur combin\u00e9 \u00e0 un conseil professionnel, le tout dans une atmosph\u00e8re qui a su rester famili\u00e8re pendant toutes ces ann\u00e9es. La d\u00e9cision de construire une grande serre de vente m\u00fbrit dans la t\u00eate d\u2019Alfred Lehmann, g\u00e9rant de troisi\u00e8me g\u00e9n\u00e9ration. \u00c0 ses c\u00f4t\u00e9s, les fils de Jacques sont devenus des piliers indispensables \u00e0 l\u2019entreprise, Adrian dans les cultures et Thomas dans la vente engros.<\/p>\n<h2>Une nouvelle jardinerie voit le jour<\/h2>\n<p>En plus de 50 ans d\u2019existence, la p\u00e9pini\u00e8re Lehmann s\u2019est d\u00e9velopp\u00e9e en l\u2019espace de trois g\u00e9n\u00e9rations en une entreprise des plus dynamiques. On trouve ici un assortiment vraiment exceptionnel de plantes ligneuses et de vivaces. 650 arbustes divers, 250 conif\u00e8res, plus de 700 plantes vivaces, ainsi que 150 vari\u00e9t\u00e9s de rhododendrons et 80 de rosiers, divers arbustes \u00e0 baies et arbres fruitiers exercent une fascination particuli\u00e8re, mais pas uniquement pour les connaisseurs.<\/p>\n<p>La nouvelle jardinerie, qui ouvrit ses portes en 2000 apr\u00e8s \u00e0 peine six mois de construction, est une r\u00e9ponse concr\u00e8te au d\u00e9veloppement constant de la p\u00e9pini\u00e8re. Con\u00e7u par un architecte am\u00e9ricain, un Garden Centre moderne et convivial, avec une offre de parking cons\u00e9quente, vit le jour. Avec cette nouvelle construction, 1000 m<sup>2<\/sup><span>\u00a0<\/span>de surface de vente sous serre viennent s\u2019ajouter aux 2000\u00a0m<sup>2<\/sup><span>\u00a0<\/span>d\u00e9j\u00e0 existants. Cet agrandissement permet d\u2019offrir un assortiment \u00e9largi autour des plantes, sans renier la force principale et dominante de l\u2019entreprise, \u00e0 savoir les plantes ligneuses et vivaces. L\u2019assortiment \u00e9largi se compose de fleurs de saison, de plantes en bacs, de graines potag\u00e8res et florales, de plantons de l\u00e9gumes, de bulbes \u00e0 fleurs et de plantes d\u2019int\u00e9rieur, mais aussi de contenants en tout genre, de livres, d\u2019engrais, de produits de traitement et m\u00eame de nains de jardin. L\u2019agrandissement de l\u2019entreprise permit en outre de cr\u00e9er de nouveaux postes de travail.<\/p>\n<h2>Un trajet couronn\u00e9 de succ\u00e8s<\/h2>\n<p>Depuis plus de 20 ans, le Garden Centre profite d\u2019une popularit\u00e9 grandissante. Nous devons ce succ\u00e8s en premier lieu \u00e0 notre aimable personnel, qui s\u2019occupe de la client\u00e8le avec professionnalisme et engagement, tout en maintenant une atmosph\u00e8re famili\u00e8re tr\u00e8s appr\u00e9ci\u00e9e. Merci beaucoup!<\/p>\n<h2>Nouvelle Co-Direction<\/h2>\n<p>Le 1er janvier 2023, Alfred Lehmann remettra la direction de l'entreprise\u00a0Lehmann Baumschulen AG en de plus jeunes mains.\u00a0Son \u00e9pouse Nelly Lehmann et le collaborateur de longue date\u00a0Adrian Antener prennent le relais en tant que co-directeurs\u00a0assumant ensemble les responsabilit\u00e9s avec les membres actuels de la direction\u00a0Adrian et Thomas Lehmann\u00a0ils veulent continuer \u00e0 assurer l'avenir\u00a0d\u2019une entreprise familiale forte qui continue \u00e0 \u00e9crire l\u2019histoire de Lehmann Baumschulen AG.<\/p>\n<\/div><\/div><\/div><\/div><\/div><\/div><\/section>\n","protected":false},"excerpt":{"rendered":"Au commencement \u00e9tait l\u2019id\u00e9e Alfred Lehmann est n\u00e9 en 1899 et en ces temps \u00e9conomiquement durs de l\u2019apr\u00e8s-guerre, il exprimait le d\u00e9sir ardent de cr\u00e9er sa propre entreprise. Il a du r\u00e9fl\u00e9chir longtemps et peser le pour et le contre, car le contexte g\u00e9n\u00e9ral n\u2019\u00e9tait pas brillant \u00e0 cette \u00e9poque. La croissance \u00e9conomique, qui aurait...","protected":false},"author":1,"featured_media":2765,"parent":2903,"menu_order":10,"comment_status":"closed","ping_status":"closed","template":"","meta":{"_acf_changed":false,"footnotes":""},"class_list":["post-2908","page","type-page","status-publish","has-post-thumbnail","hentry"],"acf":[],"_links":{"self":[{"href":"https:\/\/lehmann-baumschulen.ch\/fr\/wp-json\/wp\/v2\/pages\/2908","targetHints":{"allow":["GET"]}}],"collection":[{"href":"https:\/\/lehmann-baumschulen.ch\/fr\/wp-json\/wp\/v2\/pages"}],"about":[{"href":"https:\/\/lehmann-baumschulen.ch\/fr\/wp-json\/wp\/v2\/types\/page"}],"author":[{"embeddable":true,"href":"https:\/\/lehmann-baumschulen.ch\/fr\/wp-json\/wp\/v2\/users\/1"}],"replies":[{"embeddable":true,"href":"https:\/\/lehmann-baumschulen.ch\/fr\/wp-json\/wp\/v2\/comments?post=2908"}],"version-history":[{"count":4,"href":"https:\/\/lehmann-baumschulen.ch\/fr\/wp-json\/wp\/v2\/pages\/2908\/revisions"}],"predecessor-version":[{"id":4564,"href":"https:\/\/lehmann-baumschulen.ch\/fr\/wp-json\/wp\/v2\/pages\/2908\/revisions\/4564"}],"up":[{"embeddable":true,"href":"https:\/\/lehmann-baumschulen.ch\/fr\/wp-json\/wp\/v2\/pages\/2903"}],"wp:featuredmedia":[{"embeddable":true,"href":"https:\/\/lehmann-baumschulen.ch\/fr\/wp-json\/wp\/v2\/media\/2765"}],"wp:attachment":[{"href":"https:\/\/lehmann-baumschulen.ch\/fr\/wp-json\/wp\/v2\/media?parent=2908"}],"curies":[{"name":"wp","href":"https:\/\/api.w.org\/{rel}","templated":true}]}}