{"id":4981,"date":"2025-08-21T08:11:16","date_gmt":"2025-08-21T08:11:16","guid":{"rendered":"https:\/\/www.lehmann-baumschulen.ch\/?page_id=4981"},"modified":"2026-03-17T09:33:23","modified_gmt":"2026-03-17T09:33:23","slug":"roses","status":"publish","type":"page","link":"https:\/\/lehmann-baumschulen.ch\/fr\/plantes\/arbres-et-arbustes\/roses\/","title":{"rendered":"Roses"},"content":{"rendered":"<section class=\"l-section wpb_row height_medium\"><div class=\"l-section-h i-cf\"><div class=\"g-cols vc_row via_grid cols_1-2 laptops-cols_inherit tablets-cols_inherit mobiles-cols_1 valign_top type_default stacking_default\"><div class=\"wpb_column vc_column_container\"><div class=\"vc_column-inner\"><div class=\"wpb_text_column\"><div class=\"wpb_wrapper\"><div class=\"_df_thumb \" id=\"df_5319\"  _slug=\"rosensortiment-2025\" data-title=\"rosensortiment-2025\" wpoptions=\"true\" thumb=\"https:\/\/lehmann-baumschulen.ch\/wp-content\/uploads\/2025\/08\/Rosensortiment-2025.jpg\" thumbtype=\"\" >Rosensortiment 2025<\/div><script class=\"df-shortcode-script\" nowprocket type=\"application\/javascript\">window.option_df_5319 = {\"outline\":[],\"autoEnableOutline\":\"false\",\"autoEnableThumbnail\":\"false\",\"overwritePDFOutline\":\"false\",\"direction\":\"1\",\"pageSize\":\"0\",\"source\":\"https:\\\/\\\/lehmann-baumschulen.ch\\\/wp-content\\\/uploads\\\/2025\\\/08\\\/Rosensortiment-2025.pdf\",\"wpOptions\":\"true\"}; if(window.DFLIP && window.DFLIP.parseBooks){window.DFLIP.parseBooks();}<\/script>\n<\/div><\/div><\/div><\/div><div class=\"wpb_column vc_column_container\"><div class=\"vc_column-inner\"><div class=\"wpb_text_column\"><div class=\"wpb_wrapper\"><p>Peu d\u2019esp\u00e8ces de plantes peuvent se targuer d\u2019\u00eatre si \u00e9troitement li\u00e9es \u00e0 l\u2019homme et \u00e0 la culture des jardins, que la rose. Au d\u00e9but de notre \u00e8re, de nombreuses vari\u00e9t\u00e9s de rosiers \u00e9taient d\u00e9j\u00e0 r\u00e9pandues, greff\u00e9es et cultiv\u00e9es. Une gloire infinie a \u00e9t\u00e9 attribu\u00e9e \u00e0 la \u201ereine des fleurs\u201c et \u00e0 la diversit\u00e9 de formes, de couleurs et d\u2019habitus, caract\u00e9risant ses esp\u00e8ces et ses vari\u00e9t\u00e9s. \u00c0 commencer par les modestes \u00e9glantiers, en passant par les rosiers arbustes si populaires, les rosiers grimpants ou les lianes, les rosiers \u00e0 massifs si florif\u00e8res, polyanthas et floribundas, sans oublier naturellement les rosiers \u00e0 grandes fleurs.<\/p>\n<p><strong>Une richesse vari\u00e9tale in\u00e9puisable...<\/strong><strong><br \/>\n<\/strong>Nous cultivons plus de 120 vari\u00e9t\u00e9s diff\u00e9rentes. Si la vari\u00e9t\u00e9 recherch\u00e9e manquait \u00e0 notre assortiment, nous la trouverions chez un confr\u00e8re!<\/p>\n<p>Jetez un coup d\u2019\u0153il sur nos<span>\u00a0<\/span><a href=\"https:\/\/www.lehmann-baumschulen.ch\/fr\/plantes\/instructions-de-plantation\/\" target=\"_blank\" rel=\"noopener\">conseils de plantation<\/a><span>\u00a0<\/span>et sur nos astuces concernant<span>\u00a0<\/span>les <a href=\"https:\/\/lehmann-baumschulen.ch\/wp-content\/uploads\/2025\/08\/Lehmann_017_18_js_rosen_pflegen_fr-1.pdf\">soins aux rosiers<\/a>.<\/p>\n<\/div><\/div><\/div><\/div><\/div><\/div><\/section>\n","protected":false},"excerpt":{"rendered":"Rosensortiment 2025 Peu d\u2019esp\u00e8ces de plantes peuvent se targuer d\u2019\u00eatre si \u00e9troitement li\u00e9es \u00e0 l\u2019homme et \u00e0 la culture des jardins, que la rose. Au d\u00e9but de notre \u00e8re, de nombreuses vari\u00e9t\u00e9s de rosiers \u00e9taient d\u00e9j\u00e0 r\u00e9pandues, greff\u00e9es et cultiv\u00e9es. Une gloire infinie a \u00e9t\u00e9 attribu\u00e9e \u00e0 la \u201ereine des fleurs\u201c et \u00e0 la diversit\u00e9...","protected":false},"author":1,"featured_media":5205,"parent":2854,"menu_order":70,"comment_status":"closed","ping_status":"closed","template":"","meta":{"_acf_changed":false,"footnotes":""},"class_list":["post-4981","page","type-page","status-publish","has-post-thumbnail","hentry"],"acf":[],"_links":{"self":[{"href":"https:\/\/lehmann-baumschulen.ch\/fr\/wp-json\/wp\/v2\/pages\/4981","targetHints":{"allow":["GET"]}}],"collection":[{"href":"https:\/\/lehmann-baumschulen.ch\/fr\/wp-json\/wp\/v2\/pages"}],"about":[{"href":"https:\/\/lehmann-baumschulen.ch\/fr\/wp-json\/wp\/v2\/types\/page"}],"author":[{"embeddable":true,"href":"https:\/\/lehmann-baumschulen.ch\/fr\/wp-json\/wp\/v2\/users\/1"}],"replies":[{"embeddable":true,"href":"https:\/\/lehmann-baumschulen.ch\/fr\/wp-json\/wp\/v2\/comments?post=4981"}],"version-history":[{"count":6,"href":"https:\/\/lehmann-baumschulen.ch\/fr\/wp-json\/wp\/v2\/pages\/4981\/revisions"}],"predecessor-version":[{"id":7981,"href":"https:\/\/lehmann-baumschulen.ch\/fr\/wp-json\/wp\/v2\/pages\/4981\/revisions\/7981"}],"up":[{"embeddable":true,"href":"https:\/\/lehmann-baumschulen.ch\/fr\/wp-json\/wp\/v2\/pages\/2854"}],"wp:featuredmedia":[{"embeddable":true,"href":"https:\/\/lehmann-baumschulen.ch\/fr\/wp-json\/wp\/v2\/media\/5205"}],"wp:attachment":[{"href":"https:\/\/lehmann-baumschulen.ch\/fr\/wp-json\/wp\/v2\/media?parent=4981"}],"curies":[{"name":"wp","href":"https:\/\/api.w.org\/{rel}","templated":true}]}}