{"id":5007,"date":"2025-08-21T08:37:30","date_gmt":"2025-08-21T08:37:30","guid":{"rendered":"https:\/\/www.lehmann-baumschulen.ch\/?page_id=5007"},"modified":"2025-08-21T12:18:28","modified_gmt":"2025-08-21T12:18:28","slug":"produits-phytosanitaires","status":"publish","type":"page","link":"https:\/\/lehmann-baumschulen.ch\/fr\/produits\/accessoires\/produits-phytosanitaires\/","title":{"rendered":"Produits phytosanitaires"},"content":{"rendered":"<section class=\"l-section wpb_row height_medium\"><div class=\"l-section-h i-cf\"><div class=\"g-cols vc_row via_grid cols_1 laptops-cols_inherit tablets-cols_inherit mobiles-cols_1 valign_top type_default stacking_default\"><div class=\"wpb_column vc_column_container\"><div class=\"vc_column-inner\"><div class=\"wpb_text_column\"><div class=\"wpb_wrapper\"><p>Les d\u00e9g\u00e2ts observ\u00e9s sur les plantes peuvent avoir des origines diverses:<br \/>\nCarences nutritives, ravageurs ou maladies fongiques, la cause des d\u00e9g\u00e2ts n\u2019est pas toujours visible au premier coup d\u2019\u0153il.<\/p>\n<p><strong>Profitez de nos conseils!<\/strong><br \/>\nMunissez-vous d\u2019un \u00e9chantillon de la plante atteinte (par exemple une feuille, un rameau) et apportez-le-nous. Nous vous indiquerons les mesures \u00e0 prendre pour que votre plante retrouve la sant\u00e9!<\/p>\n<p>Nos produits phytopharmaceutiques:<\/p>\n<ul>\n<li>Produits de traitement contre les insectes (insecticides)<\/li>\n<li>Produits de traitement contre les maladies fongiques (fongicides)<\/li>\n<li>Granul\u00e9s anti-limaces (molluscides)<\/li>\n<li>Produits de d\u00e9sherbage (d\u00e9sherbants)<\/li>\n<li>Produits de soins pour l\u2019\u00e9tang<\/li>\n<li>Produits cicatrisants, etc.<\/li>\n<\/ul>\n<p>Demandez conseil \u00e0 nos sp\u00e9cialistes ou lisez la notice d\u2019emballage...!<\/p>\n<\/div><\/div><\/div><\/div><\/div><\/div><\/section>\n","protected":false},"excerpt":{"rendered":"Les d\u00e9g\u00e2ts observ\u00e9s sur les plantes peuvent avoir des origines diverses: Carences nutritives, ravageurs ou maladies fongiques, la cause des d\u00e9g\u00e2ts n\u2019est pas toujours visible au premier coup d\u2019\u0153il. Profitez de nos conseils! Munissez-vous d\u2019un \u00e9chantillon de la plante atteinte (par exemple une feuille, un rameau) et apportez-le-nous. Nous vous indiquerons les mesures \u00e0 prendre...","protected":false},"author":1,"featured_media":5987,"parent":2891,"menu_order":30,"comment_status":"closed","ping_status":"closed","template":"","meta":{"_acf_changed":false,"footnotes":""},"class_list":["post-5007","page","type-page","status-publish","has-post-thumbnail","hentry"],"acf":[],"_links":{"self":[{"href":"https:\/\/lehmann-baumschulen.ch\/fr\/wp-json\/wp\/v2\/pages\/5007","targetHints":{"allow":["GET"]}}],"collection":[{"href":"https:\/\/lehmann-baumschulen.ch\/fr\/wp-json\/wp\/v2\/pages"}],"about":[{"href":"https:\/\/lehmann-baumschulen.ch\/fr\/wp-json\/wp\/v2\/types\/page"}],"author":[{"embeddable":true,"href":"https:\/\/lehmann-baumschulen.ch\/fr\/wp-json\/wp\/v2\/users\/1"}],"replies":[{"embeddable":true,"href":"https:\/\/lehmann-baumschulen.ch\/fr\/wp-json\/wp\/v2\/comments?post=5007"}],"version-history":[{"count":4,"href":"https:\/\/lehmann-baumschulen.ch\/fr\/wp-json\/wp\/v2\/pages\/5007\/revisions"}],"predecessor-version":[{"id":5154,"href":"https:\/\/lehmann-baumschulen.ch\/fr\/wp-json\/wp\/v2\/pages\/5007\/revisions\/5154"}],"up":[{"embeddable":true,"href":"https:\/\/lehmann-baumschulen.ch\/fr\/wp-json\/wp\/v2\/pages\/2891"}],"wp:featuredmedia":[{"embeddable":true,"href":"https:\/\/lehmann-baumschulen.ch\/fr\/wp-json\/wp\/v2\/media\/5987"}],"wp:attachment":[{"href":"https:\/\/lehmann-baumschulen.ch\/fr\/wp-json\/wp\/v2\/media?parent=5007"}],"curies":[{"name":"wp","href":"https:\/\/api.w.org\/{rel}","templated":true}]}}